{"id":4408,"date":"2025-11-07T10:15:35","date_gmt":"2025-11-07T10:15:35","guid":{"rendered":"https:\/\/raytalkcomms.com\/?post_type=product&#038;p=4408"},"modified":"2025-12-19T14:10:23","modified_gmt":"2025-12-19T14:10:23","slug":"cb-16-mini-5-pin-xlr-female-to-6-3mm-connector-cable-adapter","status":"publish","type":"product","link":"https:\/\/raytalkcomms.com\/fr\/produit\/cb-16-mini-5-pin-xlr-female-to-6-3mm-connector-cable-adapter\/","title":{"rendered":"CB-16 MINI Adaptateur de c\u00e2ble XLR femelle 5 broches vers connecteur 6,3 mm"},"content":{"rendered":"<h3>Caract\u00e9ristiques :<\/h3>\n<ul>\n<li>Mini 5 pin XLR Female to 6.3mm connector<\/li>\n<li>Straight replacement cable<\/li>\n<li>Diam\u00e8tre de c\u00e2ble de 4,0 mm pour une flexibilit\u00e9 et une durabilit\u00e9 \u00e9quilibr\u00e9es<\/li>\n<li>Standard cable length is 1000 mm<\/li>\n<\/ul>","protected":false},"excerpt":{"rendered":"<p>The CB-16 connector cable adapter is designed to convert the MINI 5 Pin XLR female connector to a 6.3mm connector. It provides compatibility between devices with different audio connectors, allowing for easy connection and use. This cable adapter ensures a stable and high-quality audio signal transmission, making it suitable for various professional audio applications.<br \/>\nEn tant qu'entreprise de fabrication et fournisseur professionnel d'adaptateurs de casque d'aviation, RayTalk se consacre au d\u00e9veloppement de produits de communication depuis plus de 15 ans.<\/p>","protected":false},"featured_media":4409,"template":"","meta":[],"product_brand":[],"product_cat":[208,267],"product_tag":[],"class_list":{"0":"post-4408","1":"product","2":"type-product","3":"status-publish","4":"has-post-thumbnail","6":"product_cat-aviation","7":"product_cat-adapter-cable-aviation","9":"first","10":"instock","11":"shipping-taxable","12":"purchasable","13":"product-type-simple"},"_links":{"self":[{"href":"https:\/\/raytalkcomms.com\/fr\/wp-json\/wp\/v2\/product\/4408","targetHints":{"allow":["GET"]}}],"collection":[{"href":"https:\/\/raytalkcomms.com\/fr\/wp-json\/wp\/v2\/product"}],"about":[{"href":"https:\/\/raytalkcomms.com\/fr\/wp-json\/wp\/v2\/types\/product"}],"wp:featuredmedia":[{"embeddable":true,"href":"https:\/\/raytalkcomms.com\/fr\/wp-json\/wp\/v2\/media\/4409"}],"wp:attachment":[{"href":"https:\/\/raytalkcomms.com\/fr\/wp-json\/wp\/v2\/media?parent=4408"}],"wp:term":[{"taxonomy":"product_brand","embeddable":true,"href":"https:\/\/raytalkcomms.com\/fr\/wp-json\/wp\/v2\/product_brand?post=4408"},{"taxonomy":"product_cat","embeddable":true,"href":"https:\/\/raytalkcomms.com\/fr\/wp-json\/wp\/v2\/product_cat?post=4408"},{"taxonomy":"product_tag","embeddable":true,"href":"https:\/\/raytalkcomms.com\/fr\/wp-json\/wp\/v2\/product_tag?post=4408"}],"curies":[{"name":"wp","href":"https:\/\/api.w.org\/{rel}","templated":true}]}}