{"id":4397,"date":"2025-11-07T10:08:21","date_gmt":"2025-11-07T10:08:21","guid":{"rendered":"https:\/\/raytalkcomms.com\/?post_type=product&#038;p=4397"},"modified":"2025-12-19T14:10:23","modified_gmt":"2025-12-19T14:10:23","slug":"cb-14n-ga-dual-plugs-replacement-headset-cable-with-control-module","status":"publish","type":"product","link":"https:\/\/raytalkcomms.com\/fr\/produit\/cb-14n-ga-dual-plugs-replacement-headset-cable-with-control-module\/","title":{"rendered":"CB-14N GA Dual Plugs C\u00e2ble de remplacement pour casque d'\u00e9coute avec module de contr\u00f4le"},"content":{"rendered":"<h3>Caract\u00e9ristiques :<\/h3>\n<ul>\n<li>C\u00e2ble de remplacement avec double prise GA<\/li>\n<li>Bo\u00eetier de contr\u00f4le en option<\/li>\n<\/ul>","protected":false},"excerpt":{"rendered":"<p>Le c\u00e2ble de casque CB-14N est con\u00e7u pour remplacer le c\u00e2ble existant des casques d'aviation qui utilisent des fiches doubles GA. Il comporte un module de contr\u00f4le pour les fonctions optionnelles.<br \/>\nCe c\u00e2ble assure une communication claire et fiable entre le casque et le syst\u00e8me audio de l'avion, offrant aux pilotes une exp\u00e9rience de vol sans faille.<br \/>\nEn tant qu'entreprise de fabrication et fournisseur professionnel d'adaptateurs de casque d'aviation, RayTalk d\u00e9veloppe des produits de communication depuis plus de 15 ans.<\/p>","protected":false},"featured_media":4398,"template":"","meta":[],"product_brand":[],"product_cat":[208,267],"product_tag":[],"class_list":{"0":"post-4397","1":"product","2":"type-product","3":"status-publish","4":"has-post-thumbnail","6":"product_cat-aviation","7":"product_cat-adapter-cable-aviation","9":"first","10":"instock","11":"shipping-taxable","12":"purchasable","13":"product-type-simple"},"_links":{"self":[{"href":"https:\/\/raytalkcomms.com\/fr\/wp-json\/wp\/v2\/product\/4397","targetHints":{"allow":["GET"]}}],"collection":[{"href":"https:\/\/raytalkcomms.com\/fr\/wp-json\/wp\/v2\/product"}],"about":[{"href":"https:\/\/raytalkcomms.com\/fr\/wp-json\/wp\/v2\/types\/product"}],"wp:featuredmedia":[{"embeddable":true,"href":"https:\/\/raytalkcomms.com\/fr\/wp-json\/wp\/v2\/media\/4398"}],"wp:attachment":[{"href":"https:\/\/raytalkcomms.com\/fr\/wp-json\/wp\/v2\/media?parent=4397"}],"wp:term":[{"taxonomy":"product_brand","embeddable":true,"href":"https:\/\/raytalkcomms.com\/fr\/wp-json\/wp\/v2\/product_brand?post=4397"},{"taxonomy":"product_cat","embeddable":true,"href":"https:\/\/raytalkcomms.com\/fr\/wp-json\/wp\/v2\/product_cat?post=4397"},{"taxonomy":"product_tag","embeddable":true,"href":"https:\/\/raytalkcomms.com\/fr\/wp-json\/wp\/v2\/product_tag?post=4397"}],"curies":[{"name":"wp","href":"https:\/\/api.w.org\/{rel}","templated":true}]}}