{"id":4386,"date":"2025-11-07T09:37:54","date_gmt":"2025-11-07T09:37:54","guid":{"rendered":"https:\/\/raytalkcomms.com\/?post_type=product&#038;p=4386"},"modified":"2025-12-19T14:10:22","modified_gmt":"2025-12-19T14:10:22","slug":"cb-12-bo-se-6-pin-lemo-headset-extension-cables","status":"publish","type":"product","link":"https:\/\/raytalkcomms.com\/fr\/produit\/cb-12-bo-se-6-pin-lemo-headset-extension-cables\/","title":{"rendered":"CB-12 Bo SE 6-pin LEMO Headset Extension Cables (c\u00e2bles de rallonge pour casque d'\u00e9coute)"},"content":{"rendered":"<h3>Caract\u00e9ristiques :<\/h3>\n<ul>\n<li>Diam\u00e8tre de c\u00e2ble de 4,0 mm pour une flexibilit\u00e9 et une durabilit\u00e9 \u00e9quilibr\u00e9es<\/li>\n<li>Longueur adaptable \u00e0 vos besoins op\u00e9rationnels<\/li>\n<\/ul>","protected":false},"excerpt":{"rendered":"<p>C\u00e2bles d'extension avec une prise Lemo femelle \u00e0 6 broches \u00e0 une extr\u00e9mit\u00e9 et une prise Lemo m\u00e2le \u00e0 6 broches \u00e0 l'extr\u00e9mit\u00e9 oppos\u00e9e. Permet de rallonger n'importe quel casque d'\u00e9coute aliment\u00e9 par Panel et utilisant le connecteur Lemo\/Redel \u00e0 6 broches.<br \/>\nEn tant qu'entreprise de fabrication et fournisseur professionnel d'adaptateurs de casque d'aviation, RayTalk se consacre au d\u00e9veloppement de produits de communication depuis plus de 15 ans.<\/p>","protected":false},"featured_media":4387,"template":"","meta":[],"product_brand":[],"product_cat":[208,267],"product_tag":[],"class_list":{"0":"post-4386","1":"product","2":"type-product","3":"status-publish","4":"has-post-thumbnail","6":"product_cat-aviation","7":"product_cat-adapter-cable-aviation","9":"first","10":"instock","11":"shipping-taxable","12":"purchasable","13":"product-type-simple"},"_links":{"self":[{"href":"https:\/\/raytalkcomms.com\/fr\/wp-json\/wp\/v2\/product\/4386","targetHints":{"allow":["GET"]}}],"collection":[{"href":"https:\/\/raytalkcomms.com\/fr\/wp-json\/wp\/v2\/product"}],"about":[{"href":"https:\/\/raytalkcomms.com\/fr\/wp-json\/wp\/v2\/types\/product"}],"wp:featuredmedia":[{"embeddable":true,"href":"https:\/\/raytalkcomms.com\/fr\/wp-json\/wp\/v2\/media\/4387"}],"wp:attachment":[{"href":"https:\/\/raytalkcomms.com\/fr\/wp-json\/wp\/v2\/media?parent=4386"}],"wp:term":[{"taxonomy":"product_brand","embeddable":true,"href":"https:\/\/raytalkcomms.com\/fr\/wp-json\/wp\/v2\/product_brand?post=4386"},{"taxonomy":"product_cat","embeddable":true,"href":"https:\/\/raytalkcomms.com\/fr\/wp-json\/wp\/v2\/product_cat?post=4386"},{"taxonomy":"product_tag","embeddable":true,"href":"https:\/\/raytalkcomms.com\/fr\/wp-json\/wp\/v2\/product_tag?post=4386"}],"curies":[{"name":"wp","href":"https:\/\/api.w.org\/{rel}","templated":true}]}}