{"id":4378,"date":"2025-11-07T07:46:47","date_gmt":"2025-11-07T07:46:47","guid":{"rendered":"https:\/\/raytalkcomms.com\/?post_type=product&#038;p=4378"},"modified":"2025-12-19T14:10:22","modified_gmt":"2025-12-19T14:10:22","slug":"cb-10-airbus-headset-to-ga-dual-plugs-headset-cable","status":"publish","type":"product","link":"https:\/\/raytalkcomms.com\/fr\/produit\/cb-10-airbus-headset-to-ga-dual-plugs-headset-cable\/","title":{"rendered":"CB-10 Airbus Headset to GA Dual Plugs Headset Cable (c\u00e2ble pour casque d'\u00e9coute Airbus vers GA \u00e0 deux fiches)"},"content":{"rendered":"<h3>Caract\u00e9ristiques :<\/h3>\n<ul>\n<li>Convertit le casque Airbus en double prise GA.<\/li>\n<li>R\u00e9duit les co\u00fbts de maintenance et de remplacement en reliant les syst\u00e8mes audio et les connecteurs de casque d'\u00e9coute de l'avion qui ne sont pas compatibles.<\/li>\n<li>Fournit un son clair et fiable pour une communication coh\u00e9rente dans le cockpit.<\/li>\n<li>RayTalk fournit des adaptateurs de casque d'aviation en vrac \u00e0 des prix comp\u00e9titifs pour vous aider \u00e0 obtenir une communication a\u00e9rienne rapide, claire et fiable.<\/li>\n<\/ul>","protected":false},"excerpt":{"rendered":"<p>Cet adaptateur de c\u00e2ble de casque CB-10 permet de convertir votre casque de type Airbus au syst\u00e8me intercom\/radio GA. Accepte la fiche m\u00e2le standard XLR-5 PIN\/DIN de type Airbus. S'adapte aux fiches PJ-055 et PJ-068.<\/p>\n<p>Les connecteurs s\u00e9curis\u00e9s, les joints \u00e0 d\u00e9charge de traction et la gaine r\u00e9sistante \u00e0 l'abrasion garantissent un son fiable et r\u00e9duisent les temps d'arr\u00eat. Vous pouvez ainsi continuer \u00e0 faire fonctionner votre casque pr\u00e9f\u00e9r\u00e9 en toute transparence avec davantage de cellules.<\/p>","protected":false},"featured_media":4379,"template":"","meta":[],"product_brand":[],"product_cat":[208,267],"product_tag":[],"class_list":{"0":"post-4378","1":"product","2":"type-product","3":"status-publish","4":"has-post-thumbnail","6":"product_cat-aviation","7":"product_cat-adapter-cable-aviation","9":"first","10":"instock","11":"shipping-taxable","12":"purchasable","13":"product-type-simple"},"_links":{"self":[{"href":"https:\/\/raytalkcomms.com\/fr\/wp-json\/wp\/v2\/product\/4378","targetHints":{"allow":["GET"]}}],"collection":[{"href":"https:\/\/raytalkcomms.com\/fr\/wp-json\/wp\/v2\/product"}],"about":[{"href":"https:\/\/raytalkcomms.com\/fr\/wp-json\/wp\/v2\/types\/product"}],"wp:featuredmedia":[{"embeddable":true,"href":"https:\/\/raytalkcomms.com\/fr\/wp-json\/wp\/v2\/media\/4379"}],"wp:attachment":[{"href":"https:\/\/raytalkcomms.com\/fr\/wp-json\/wp\/v2\/media?parent=4378"}],"wp:term":[{"taxonomy":"product_brand","embeddable":true,"href":"https:\/\/raytalkcomms.com\/fr\/wp-json\/wp\/v2\/product_brand?post=4378"},{"taxonomy":"product_cat","embeddable":true,"href":"https:\/\/raytalkcomms.com\/fr\/wp-json\/wp\/v2\/product_cat?post=4378"},{"taxonomy":"product_tag","embeddable":true,"href":"https:\/\/raytalkcomms.com\/fr\/wp-json\/wp\/v2\/product_tag?post=4378"}],"curies":[{"name":"wp","href":"https:\/\/api.w.org\/{rel}","templated":true}]}}