{"id":4374,"date":"2025-11-07T07:32:40","date_gmt":"2025-11-07T07:32:40","guid":{"rendered":"https:\/\/raytalkcomms.com\/?post_type=product&#038;p=4374"},"modified":"2025-12-19T14:10:22","modified_gmt":"2025-12-19T14:10:22","slug":"cb-09-helicopter-headset-to-6-pin-lemo-adapter-connector-cable","status":"publish","type":"product","link":"https:\/\/raytalkcomms.com\/fr\/produit\/cb-09-helicopter-headset-to-6-pin-lemo-adapter-connector-cable\/","title":{"rendered":"C\u00e2ble adaptateur pour casque d'h\u00e9licopt\u00e8re CB-09 vers connecteur LEMO 6 broches"},"content":{"rendered":"<h3>Caract\u00e9ristiques :<\/h3>\n<ul>\n<li>Connecte les casques d'h\u00e9licopt\u00e8re directement aux prises de panneau LEMO \u00e0 6 broches.<\/li>\n<li>Plus de flexibilit\u00e9 lors du passage des syst\u00e8mes pour h\u00e9licopt\u00e8res aux syst\u00e8mes d'intercom pour l'aviation \u00e0 6 broches.<\/li>\n<li>Assurer une communication claire entre les pilotes et les \u00e9quipes de contr\u00f4le du trafic a\u00e9rien.<\/li>\n<\/ul>","protected":false},"excerpt":{"rendered":"<p>Avec le c\u00e2ble adaptateur CB-09, les pilotes peuvent connecter un casque d'h\u00e9licopt\u00e8re \u00e0 des intercoms LEMO \u00e0 6 broches en quelques secondes, sans avoir \u00e0 refaire le c\u00e2blage ou \u00e0 changer de casque. Le CB-09 permet aux \u00e9quipages de passer facilement d'une cellule \u00e0 l'autre et d'un panneau audio \u00e0 l'autre, en conservant leur casque pr\u00e9f\u00e9r\u00e9 en service dans des flottes mixtes. Les conducteurs blind\u00e9s, les interfaces de verrouillage s\u00e9curis\u00e9es et la d\u00e9charge de traction renforc\u00e9e offrent un son clair et une longue dur\u00e9e de vie, r\u00e9duisant ainsi les temps d'arr\u00eat et les probl\u00e8mes de compatibilit\u00e9.<\/p>\n<p>RayTalk propose des adaptateurs de casque d'aviation en gros \u00e0 des prix comp\u00e9titifs, qui fournissent des outils plus polyvalents et de haute qualit\u00e9 pour une communication rapide, facile et efficace.<\/p>","protected":false},"featured_media":4375,"template":"","meta":[],"product_brand":[],"product_cat":[208,267],"product_tag":[],"class_list":{"0":"post-4374","1":"product","2":"type-product","3":"status-publish","4":"has-post-thumbnail","6":"product_cat-aviation","7":"product_cat-adapter-cable-aviation","9":"first","10":"instock","11":"shipping-taxable","12":"purchasable","13":"product-type-simple"},"_links":{"self":[{"href":"https:\/\/raytalkcomms.com\/fr\/wp-json\/wp\/v2\/product\/4374","targetHints":{"allow":["GET"]}}],"collection":[{"href":"https:\/\/raytalkcomms.com\/fr\/wp-json\/wp\/v2\/product"}],"about":[{"href":"https:\/\/raytalkcomms.com\/fr\/wp-json\/wp\/v2\/types\/product"}],"wp:featuredmedia":[{"embeddable":true,"href":"https:\/\/raytalkcomms.com\/fr\/wp-json\/wp\/v2\/media\/4375"}],"wp:attachment":[{"href":"https:\/\/raytalkcomms.com\/fr\/wp-json\/wp\/v2\/media?parent=4374"}],"wp:term":[{"taxonomy":"product_brand","embeddable":true,"href":"https:\/\/raytalkcomms.com\/fr\/wp-json\/wp\/v2\/product_brand?post=4374"},{"taxonomy":"product_cat","embeddable":true,"href":"https:\/\/raytalkcomms.com\/fr\/wp-json\/wp\/v2\/product_cat?post=4374"},{"taxonomy":"product_tag","embeddable":true,"href":"https:\/\/raytalkcomms.com\/fr\/wp-json\/wp\/v2\/product_tag?post=4374"}],"curies":[{"name":"wp","href":"https:\/\/api.w.org\/{rel}","templated":true}]}}