{"id":4361,"date":"2025-11-07T06:54:04","date_gmt":"2025-11-07T06:54:04","guid":{"rendered":"https:\/\/raytalkcomms.com\/?post_type=product&#038;p=4361"},"modified":"2025-12-19T14:10:22","modified_gmt":"2025-12-19T14:10:22","slug":"cb-06-bose-6-pin-lemo-headset-to-ga-dual-plug-adapter","status":"publish","type":"product","link":"https:\/\/raytalkcomms.com\/fr\/produit\/cb-06-bose-6-pin-lemo-headset-to-ga-dual-plug-adapter\/","title":{"rendered":"CB-06 BOSE 6 Pin LEMO Headset to GA Dual Plug Adapter (Adaptateur double pour casque d'\u00e9coute BOSE LEMO \u00e0 6 broches)"},"content":{"rendered":"<h3>Caract\u00e9ristiques :<\/h3>\n<ul>\n<li>Permet aux casques BOSE LEMO \u00e0 6 broches de se connecter aux prises doubles GA.<\/li>\n<li>Compatible avec les casques d'aviation BOSE ANR les plus r\u00e9pandus.<\/li>\n<li>Maintient la clart\u00e9 du micro et de la performance audio st\u00e9r\u00e9o.<\/li>\n<li>Adaptateur et c\u00e2ble robustes pour une utilisation quotidienne dans le cockpit.<\/li>\n<li>Id\u00e9al pour les pilotes et les op\u00e9rateurs de panneaux LEMO et GA.<\/li>\n<\/ul>","protected":false},"excerpt":{"rendered":"<p>Convertit un connecteur \u00e0 6 broches en une double prise GA, offrant des options de connexion flexibles pour divers syst\u00e8mes d'a\u00e9ronefs. Permet d'utiliser un casque Bose A20 aliment\u00e9 par le panneau dans un avion \u00e0 voilure fixe qui n'est pas sp\u00e9cifiquement c\u00e2bl\u00e9 avec un connecteur LEMO \u00e0 6 broches. Branchez simplement votre connecteur LEMO 6 broches du Bo se A20 sur cet adaptateur Bluetooth pour casque d'aviation et vous disposerez de deux prises pouvant \u00eatre utilis\u00e9es dans presque tous les a\u00e9ronefs \u00e0 voilure fixe.<\/p>","protected":false},"featured_media":4362,"template":"","meta":[],"product_brand":[],"product_cat":[208,267],"product_tag":[],"class_list":{"0":"post-4361","1":"product","2":"type-product","3":"status-publish","4":"has-post-thumbnail","6":"product_cat-aviation","7":"product_cat-adapter-cable-aviation","9":"first","10":"instock","11":"shipping-taxable","12":"purchasable","13":"product-type-simple"},"_links":{"self":[{"href":"https:\/\/raytalkcomms.com\/fr\/wp-json\/wp\/v2\/product\/4361","targetHints":{"allow":["GET"]}}],"collection":[{"href":"https:\/\/raytalkcomms.com\/fr\/wp-json\/wp\/v2\/product"}],"about":[{"href":"https:\/\/raytalkcomms.com\/fr\/wp-json\/wp\/v2\/types\/product"}],"wp:featuredmedia":[{"embeddable":true,"href":"https:\/\/raytalkcomms.com\/fr\/wp-json\/wp\/v2\/media\/4362"}],"wp:attachment":[{"href":"https:\/\/raytalkcomms.com\/fr\/wp-json\/wp\/v2\/media?parent=4361"}],"wp:term":[{"taxonomy":"product_brand","embeddable":true,"href":"https:\/\/raytalkcomms.com\/fr\/wp-json\/wp\/v2\/product_brand?post=4361"},{"taxonomy":"product_cat","embeddable":true,"href":"https:\/\/raytalkcomms.com\/fr\/wp-json\/wp\/v2\/product_cat?post=4361"},{"taxonomy":"product_tag","embeddable":true,"href":"https:\/\/raytalkcomms.com\/fr\/wp-json\/wp\/v2\/product_tag?post=4361"}],"curies":[{"name":"wp","href":"https:\/\/api.w.org\/{rel}","templated":true}]}}