{"id":4357,"date":"2025-11-07T06:38:03","date_gmt":"2025-11-07T06:38:03","guid":{"rendered":"https:\/\/raytalkcomms.com\/?post_type=product&#038;p=4357"},"modified":"2025-12-19T14:10:22","modified_gmt":"2025-12-19T14:10:22","slug":"cb-05-bo-se-a20-6-pin-lemo-to-helicopter-headset-adapter","status":"publish","type":"product","link":"https:\/\/raytalkcomms.com\/fr\/produit\/cb-05-bo-se-a20-6-pin-lemo-to-helicopter-headset-adapter\/","title":{"rendered":"CB-05 Bo SE A20 6 Pin LEMO to Helicopter Headset Aviation Cable"},"content":{"rendered":"<h3>Caract\u00e9ristiques :<\/h3>\n<ul>\n<li>Connexion directe du casque BOSE A20 \u00e0 la plupart des syst\u00e8mes d'h\u00e9licopt\u00e8re<\/li>\n<li>RayTalk propose des adaptateurs de casque d'aviation en gros \u00e0 des prix comp\u00e9titifs, qui fournissent des outils plus polyvalents et de haute qualit\u00e9 pour une communication rapide, facile et efficace.<\/li>\n<\/ul>","protected":false},"excerpt":{"rendered":"<p>Permet d'utiliser un casque Bo se A20 dans un h\u00e9licopt\u00e8re qui n'est pas sp\u00e9cifiquement \u00e9quip\u00e9 d'un connecteur LEMO 6 broches. Branchez simplement votre connecteur LEMO 6 broches du Bo se A20 sur cet adaptateur et vous aurez une seule prise U\/174 qui peut \u00eatre utilis\u00e9e dans la plupart des h\u00e9licopt\u00e8res.<\/p>\n<p>Connecte directement le casque BOSE A20 \u00e0 la plupart des syst\u00e8mes d'h\u00e9licopt\u00e8res. RayTalk propose des adaptateurs de casque d'aviation en gros \u00e0 des prix comp\u00e9titifs, qui fournissent des outils plus polyvalents et de haute qualit\u00e9 pour une communication rapide, facile et efficace.<\/p>","protected":false},"featured_media":4358,"template":"","meta":[],"product_brand":[],"product_cat":[208,267],"product_tag":[],"class_list":{"0":"post-4357","1":"product","2":"type-product","3":"status-publish","4":"has-post-thumbnail","6":"product_cat-aviation","7":"product_cat-adapter-cable-aviation","9":"first","10":"instock","11":"shipping-taxable","12":"purchasable","13":"product-type-simple"},"_links":{"self":[{"href":"https:\/\/raytalkcomms.com\/fr\/wp-json\/wp\/v2\/product\/4357","targetHints":{"allow":["GET"]}}],"collection":[{"href":"https:\/\/raytalkcomms.com\/fr\/wp-json\/wp\/v2\/product"}],"about":[{"href":"https:\/\/raytalkcomms.com\/fr\/wp-json\/wp\/v2\/types\/product"}],"wp:featuredmedia":[{"embeddable":true,"href":"https:\/\/raytalkcomms.com\/fr\/wp-json\/wp\/v2\/media\/4358"}],"wp:attachment":[{"href":"https:\/\/raytalkcomms.com\/fr\/wp-json\/wp\/v2\/media?parent=4357"}],"wp:term":[{"taxonomy":"product_brand","embeddable":true,"href":"https:\/\/raytalkcomms.com\/fr\/wp-json\/wp\/v2\/product_brand?post=4357"},{"taxonomy":"product_cat","embeddable":true,"href":"https:\/\/raytalkcomms.com\/fr\/wp-json\/wp\/v2\/product_cat?post=4357"},{"taxonomy":"product_tag","embeddable":true,"href":"https:\/\/raytalkcomms.com\/fr\/wp-json\/wp\/v2\/product_tag?post=4357"}],"curies":[{"name":"wp","href":"https:\/\/api.w.org\/{rel}","templated":true}]}}