{"id":4351,"date":"2025-11-07T06:22:02","date_gmt":"2025-11-07T06:22:02","guid":{"rendered":"https:\/\/raytalkcomms.com\/?post_type=product&#038;p=4351"},"modified":"2025-12-19T14:10:22","modified_gmt":"2025-12-19T14:10:22","slug":"cb-04-ga-headset-dual-plug-to-airbus-headset-cable","status":"publish","type":"product","link":"https:\/\/raytalkcomms.com\/fr\/produit\/cb-04-ga-headset-dual-plug-to-airbus-headset-cable\/","title":{"rendered":"CB-04 C\u00e2ble pour casque d'\u00e9coute GA \u00e0 double prise vers casque d'\u00e9coute Airbus"},"content":{"rendered":"<h3>Caract\u00e9ristiques :<\/h3>\n<ul>\n<li>Transformez votre casque GA en casque Airbus.<\/li>\n<li>La connexion est pr\u00eate \u00e0 l'emploi et ne n\u00e9cessite aucune configuration.<\/li>\n<li>Maintient un son clair pour le microphone et les \u00e9couteurs.<\/li>\n<li>C\u00e2ble durable et serre-c\u00e2ble pour une utilisation \u00e0 long terme dans le cockpit.<\/li>\n<li>Id\u00e9al pour les pilotes, les instructeurs et les \u00e9coles de pilotage exploitant des flottes mixtes.<\/li>\n<\/ul>","protected":false},"excerpt":{"rendered":"<p>Avec le c\u00e2ble pour casque CB-04, vous pouvez connecter votre casque GA aux syst\u00e8mes de communication des avions Airbus. Aucun \u00e9quipement suppl\u00e9mentaire ou mise \u00e0 niveau n'est n\u00e9cessaire - il suffit de brancher le CB-04, et vous \u00eates pr\u00eat \u00e0 changer de syst\u00e8me en quelques secondes. Cet adaptateur vous permet d'utiliser votre casque d'aviation g\u00e9n\u00e9rale avec un syst\u00e8me de communication intercom d'Airbus. Il fonctionne \u00e9galement sur diff\u00e9rents avions ATR qui utilisent le connecteur XLR.<\/p>\n<p>RayTalk propose des adaptateurs de casque d'aviation en gros \u00e0 des prix comp\u00e9titifs, qui fournissent des outils plus polyvalents et de haute qualit\u00e9 pour une communication rapide, facile et efficace.<\/p>","protected":false},"featured_media":4352,"template":"","meta":[],"product_brand":[],"product_cat":[208,267],"product_tag":[],"class_list":{"0":"post-4351","1":"product","2":"type-product","3":"status-publish","4":"has-post-thumbnail","6":"product_cat-aviation","7":"product_cat-adapter-cable-aviation","9":"first","10":"instock","11":"shipping-taxable","12":"purchasable","13":"product-type-simple"},"_links":{"self":[{"href":"https:\/\/raytalkcomms.com\/fr\/wp-json\/wp\/v2\/product\/4351","targetHints":{"allow":["GET"]}}],"collection":[{"href":"https:\/\/raytalkcomms.com\/fr\/wp-json\/wp\/v2\/product"}],"about":[{"href":"https:\/\/raytalkcomms.com\/fr\/wp-json\/wp\/v2\/types\/product"}],"wp:featuredmedia":[{"embeddable":true,"href":"https:\/\/raytalkcomms.com\/fr\/wp-json\/wp\/v2\/media\/4352"}],"wp:attachment":[{"href":"https:\/\/raytalkcomms.com\/fr\/wp-json\/wp\/v2\/media?parent=4351"}],"wp:term":[{"taxonomy":"product_brand","embeddable":true,"href":"https:\/\/raytalkcomms.com\/fr\/wp-json\/wp\/v2\/product_brand?post=4351"},{"taxonomy":"product_cat","embeddable":true,"href":"https:\/\/raytalkcomms.com\/fr\/wp-json\/wp\/v2\/product_cat?post=4351"},{"taxonomy":"product_tag","embeddable":true,"href":"https:\/\/raytalkcomms.com\/fr\/wp-json\/wp\/v2\/product_tag?post=4351"}],"curies":[{"name":"wp","href":"https:\/\/api.w.org\/{rel}","templated":true}]}}