{"id":4347,"date":"2025-11-07T05:03:46","date_gmt":"2025-11-07T05:03:46","guid":{"rendered":"https:\/\/raytalkcomms.com\/?post_type=product&#038;p=4347"},"modified":"2025-12-19T14:10:22","modified_gmt":"2025-12-19T14:10:22","slug":"cb-03-airbus-headset-to-helicopter-cable-adapter","status":"publish","type":"product","link":"https:\/\/raytalkcomms.com\/fr\/produit\/cb-03-airbus-headset-to-helicopter-cable-adapter\/","title":{"rendered":"CB-03 Adaptateur de c\u00e2ble entre casque d'\u00e9coute Airbus et h\u00e9licopt\u00e8re"},"content":{"rendered":"<h3>Caract\u00e9ristiques :<\/h3>\n<ul>\n<li>Adapte les casques Airbus aux syst\u00e8mes audio des h\u00e9licopt\u00e8res.<\/li>\n<li>Assure une transmission et une r\u00e9ception claires de l'audio par l'interphone et les radios.<\/li>\n<li>C\u00e2ble et connecteurs robustes pour les environnements exigeants du poste de pilotage.<\/li>\n<li>Id\u00e9al pour les pilotes, les \u00e9quipages et les op\u00e9rateurs de flottes mixtes d'Airbus et d'h\u00e9licopt\u00e8res.<\/li>\n<\/ul>","protected":false},"excerpt":{"rendered":"<p>Le CB-03 est un adaptateur de c\u00e2ble de casque d'aviation con\u00e7u pour assurer une connexion transparente entre les diff\u00e9rents syst\u00e8mes de communication de l'aviation. Ce c\u00e2ble adaptateur CB-03 vous permet d'utiliser votre casque Airbus avec un syst\u00e8me de communication intercom d'h\u00e9licopt\u00e8re. Il fonctionne \u00e9galement sur diff\u00e9rents avions ATR qui utilisent le connecteur XLR.<\/p>","protected":false},"featured_media":4349,"template":"","meta":[],"product_brand":[],"product_cat":[208,267],"product_tag":[],"class_list":{"0":"post-4347","1":"product","2":"type-product","3":"status-publish","4":"has-post-thumbnail","6":"product_cat-aviation","7":"product_cat-adapter-cable-aviation","9":"first","10":"instock","11":"shipping-taxable","12":"purchasable","13":"product-type-simple"},"_links":{"self":[{"href":"https:\/\/raytalkcomms.com\/fr\/wp-json\/wp\/v2\/product\/4347","targetHints":{"allow":["GET"]}}],"collection":[{"href":"https:\/\/raytalkcomms.com\/fr\/wp-json\/wp\/v2\/product"}],"about":[{"href":"https:\/\/raytalkcomms.com\/fr\/wp-json\/wp\/v2\/types\/product"}],"wp:featuredmedia":[{"embeddable":true,"href":"https:\/\/raytalkcomms.com\/fr\/wp-json\/wp\/v2\/media\/4349"}],"wp:attachment":[{"href":"https:\/\/raytalkcomms.com\/fr\/wp-json\/wp\/v2\/media?parent=4347"}],"wp:term":[{"taxonomy":"product_brand","embeddable":true,"href":"https:\/\/raytalkcomms.com\/fr\/wp-json\/wp\/v2\/product_brand?post=4347"},{"taxonomy":"product_cat","embeddable":true,"href":"https:\/\/raytalkcomms.com\/fr\/wp-json\/wp\/v2\/product_cat?post=4347"},{"taxonomy":"product_tag","embeddable":true,"href":"https:\/\/raytalkcomms.com\/fr\/wp-json\/wp\/v2\/product_tag?post=4347"}],"curies":[{"name":"wp","href":"https:\/\/api.w.org\/{rel}","templated":true}]}}