{"id":4343,"date":"2025-11-07T03:47:20","date_gmt":"2025-11-07T03:47:20","guid":{"rendered":"https:\/\/raytalkcomms.com\/?post_type=product&#038;p=4343"},"modified":"2025-12-19T14:10:22","modified_gmt":"2025-12-19T14:10:22","slug":"cb-02-helicopter-headset-plug-to-ga-fixed-wing-aircraft-cable","status":"publish","type":"product","link":"https:\/\/raytalkcomms.com\/fr\/produit\/cb-02-helicopter-headset-plug-to-ga-fixed-wing-aircraft-cable\/","title":{"rendered":"C\u00e2ble pour casque d'h\u00e9licopt\u00e8re CB-02 vers c\u00e2ble pour a\u00e9ronef \u00e0 voilure fixe GA"},"content":{"rendered":"<h3>Caract\u00e9ristiques :<\/h3>\n<ul>\n<li>Connectez facilement le casque d'h\u00e9licopt\u00e8re aux syst\u00e8mes d'intercom des a\u00e9ronefs fixes GA.<\/li>\n<li>Connexion plug-and-play simple, aucune configuration n'est n\u00e9cessaire.<\/li>\n<li>Maintenir la clart\u00e9 du son du micro et du casque dans l'interphone et les radios.<\/li>\n<li>C\u00e2ble durable et connecteurs moul\u00e9s pour une utilisation fr\u00e9quente dans le cockpit.<\/li>\n<li>Id\u00e9al pour les pilotes et les op\u00e9rateurs d'h\u00e9licopt\u00e8res et d'avions.<\/li>\n<\/ul>","protected":false},"excerpt":{"rendered":"<p>Le CB-02 est un adaptateur de c\u00e2ble pour casque d'aviation, permettant d'utiliser des casques d'h\u00e9licopt\u00e8re avec des syst\u00e8mes d'a\u00e9ronefs \u00e0 voilure fixe de l'aviation g\u00e9n\u00e9rale. Adapte votre connecteur d'h\u00e9licopt\u00e8re \u00e0 fiche unique pour les h\u00e9licopt\u00e8res civils de l'aviation g\u00e9n\u00e9rale aux connecteurs de casque d'aile fixe GA \u00e0 double fiche.<\/p>\n<p>Cette solution pr\u00eate \u00e0 l'emploi ne n\u00e9cessite aucun rec\u00e2blage ni aucune modification de l'\u00e9quipement existant, ce qui permet de changer d'avion rapidement et sans souci. Le c\u00e2ble est dot\u00e9 de connecteurs robustes et d'une d\u00e9charge de traction pour r\u00e9sister \u00e0 l'utilisation quotidienne dans le cockpit tout en conservant des performances micro et audio claires. Id\u00e9al pour les pilotes, les \u00e9coles de pilotage et les exploitants de flottes mixtes d'h\u00e9licopt\u00e8res et d'avions.<\/p>","protected":false},"featured_media":4345,"template":"","meta":[],"product_brand":[],"product_cat":[208,267],"product_tag":[],"class_list":{"0":"post-4343","1":"product","2":"type-product","3":"status-publish","4":"has-post-thumbnail","6":"product_cat-aviation","7":"product_cat-adapter-cable-aviation","9":"first","10":"instock","11":"shipping-taxable","12":"purchasable","13":"product-type-simple"},"_links":{"self":[{"href":"https:\/\/raytalkcomms.com\/fr\/wp-json\/wp\/v2\/product\/4343","targetHints":{"allow":["GET"]}}],"collection":[{"href":"https:\/\/raytalkcomms.com\/fr\/wp-json\/wp\/v2\/product"}],"about":[{"href":"https:\/\/raytalkcomms.com\/fr\/wp-json\/wp\/v2\/types\/product"}],"wp:featuredmedia":[{"embeddable":true,"href":"https:\/\/raytalkcomms.com\/fr\/wp-json\/wp\/v2\/media\/4345"}],"wp:attachment":[{"href":"https:\/\/raytalkcomms.com\/fr\/wp-json\/wp\/v2\/media?parent=4343"}],"wp:term":[{"taxonomy":"product_brand","embeddable":true,"href":"https:\/\/raytalkcomms.com\/fr\/wp-json\/wp\/v2\/product_brand?post=4343"},{"taxonomy":"product_cat","embeddable":true,"href":"https:\/\/raytalkcomms.com\/fr\/wp-json\/wp\/v2\/product_cat?post=4343"},{"taxonomy":"product_tag","embeddable":true,"href":"https:\/\/raytalkcomms.com\/fr\/wp-json\/wp\/v2\/product_tag?post=4343"}],"curies":[{"name":"wp","href":"https:\/\/api.w.org\/{rel}","templated":true}]}}