{"id":4339,"date":"2025-11-07T03:36:54","date_gmt":"2025-11-07T03:36:54","guid":{"rendered":"https:\/\/raytalkcomms.com\/?post_type=product&#038;p=4339"},"modified":"2025-12-19T14:10:22","modified_gmt":"2025-12-19T14:10:22","slug":"cb-01-aviation-headset-adapter-cable-ga-headset-to-helicopter","status":"publish","type":"product","link":"https:\/\/raytalkcomms.com\/fr\/produit\/cb-01-aviation-headset-adapter-cable-ga-headset-to-helicopter\/","title":{"rendered":"CB-01 Aviation Headset Adapter Cable GA Headset to Helicopter (C\u00e2ble adaptateur de casque d'aviation pour h\u00e9licopt\u00e8re)"},"content":{"rendered":"<h3>Caract\u00e9ristiques :<\/h3>\n<ul>\n<li>Adapter cable converts GA headset dual plugs to a helicopter single plug.<\/li>\n<li>Provides a direct connection with no additional configuration required.<\/li>\n<li>Delivers clear mic and headphone audio through intercom and radios.<\/li>\n<li>Durable cable and connectors for frequent cockpit operation.<\/li>\n<li>Ideal for pilots, crews, and flight schools operating mixed fleets.<\/li>\n<\/ul>","protected":false},"excerpt":{"rendered":"<p>The CB-01 is an aviation headset cable that functions as an adapter, allowing GA headsets to connect seamlessly to helicopter intercom systems.<br \/>\nWith this adapter cable, you can convert your Dual GA plugs headset to helicopter plugs.<br \/>\nConvert general aviation plugs PJ-068 and PJ-055B or equivalent to U-174\/U or equivalent helicopter plug<br \/>\nEasy to use, no need to set up, plug and play. Adopts high quality material, study and durable.<br \/>\nPortable and compact size, easy to carry anywhere and anytime.<\/p>\n<p>RayTalk has aircraft headset adapter bulk wholesale at competitive prices, which provide more versatile, high-quality tools for fast, easy, and effective communication.<\/p>","protected":false},"featured_media":4341,"template":"","meta":[],"product_brand":[],"product_cat":[208,267],"product_tag":[],"class_list":{"0":"post-4339","1":"product","2":"type-product","3":"status-publish","4":"has-post-thumbnail","6":"product_cat-aviation","7":"product_cat-adapter-cable-aviation","9":"first","10":"instock","11":"shipping-taxable","12":"purchasable","13":"product-type-simple"},"_links":{"self":[{"href":"https:\/\/raytalkcomms.com\/fr\/wp-json\/wp\/v2\/product\/4339","targetHints":{"allow":["GET"]}}],"collection":[{"href":"https:\/\/raytalkcomms.com\/fr\/wp-json\/wp\/v2\/product"}],"about":[{"href":"https:\/\/raytalkcomms.com\/fr\/wp-json\/wp\/v2\/types\/product"}],"wp:featuredmedia":[{"embeddable":true,"href":"https:\/\/raytalkcomms.com\/fr\/wp-json\/wp\/v2\/media\/4341"}],"wp:attachment":[{"href":"https:\/\/raytalkcomms.com\/fr\/wp-json\/wp\/v2\/media?parent=4339"}],"wp:term":[{"taxonomy":"product_brand","embeddable":true,"href":"https:\/\/raytalkcomms.com\/fr\/wp-json\/wp\/v2\/product_brand?post=4339"},{"taxonomy":"product_cat","embeddable":true,"href":"https:\/\/raytalkcomms.com\/fr\/wp-json\/wp\/v2\/product_cat?post=4339"},{"taxonomy":"product_tag","embeddable":true,"href":"https:\/\/raytalkcomms.com\/fr\/wp-json\/wp\/v2\/product_tag?post=4339"}],"curies":[{"name":"wp","href":"https:\/\/api.w.org\/{rel}","templated":true}]}}