{"id":4331,"date":"2025-11-06T12:04:32","date_gmt":"2025-11-06T12:04:32","guid":{"rendered":"https:\/\/raytalkcomms.com\/?post_type=product&#038;p=4331"},"modified":"2025-12-25T07:44:22","modified_gmt":"2025-12-25T07:44:22","slug":"epac-10c-half-gel-and-half-foam-replacement-ear-pad","status":"publish","type":"product","link":"https:\/\/raytalkcomms.com\/fr\/produit\/epac-10c-half-gel-and-half-foam-replacement-ear-pad\/","title":{"rendered":"EPAC-10C Coussinets de remplacement mi-gel, mi-mousse"},"content":{"rendered":"<h3>Choisissez les coussinets qui correspondent \u00e0 votre activit\u00e9 :<\/h3>\n<ul>\n<li>Oreillettes moiti\u00e9 gel, moiti\u00e9 roam<\/li>\n<li>Construit pour r\u00e9sister \u00e0 la fissuration et \u00e0 l'usure, il offre des performances durables.<\/li>\n<li>100 \u00d7 75 \u00d7 25 mm<\/li>\n<\/ul>","protected":false},"excerpt":{"rendered":"<p>L'oreillette EPAC-10C est une oreillette de remplacement moiti\u00e9 gel, moiti\u00e9 mousse, con\u00e7ue pour les avions tr\u00e8s bruyants et les entra\u00eenements intensifs. Son profil plus \u00e9pais am\u00e9liore l'\u00e9tanch\u00e9it\u00e9 acoustique pour mieux bloquer le bruit du moteur et du vent. D\u00e9velopp\u00e9 avec l'aide de pilotes et de services de formation, il associe une couche de gel de silicone c\u00f4t\u00e9 peau qui r\u00e9duit l'abrasion et \u00e9vite les marques sombres dues \u00e0 un usage fr\u00e9quent, \u00e0 une couche de mousse c\u00f4t\u00e9 bonnet qui am\u00e9liore la stabilit\u00e9 de l'\u00e9tanch\u00e9it\u00e9 et la respirabilit\u00e9. Il s'installe rapidement et s'adapte \u00e0 la plupart des casques GA et PNR.<\/p>\n<p>Mais que vous soyez dans le cockpit, \u00e0 l'usine, dans les mines ou sur les chantiers, l'oreillette la plus \u00e9paisse de RayTalk, EPAC-10C, vaut la peine d'\u00eatre ajout\u00e9e \u00e0 votre liste d'\u00e9quipement.<\/p>","protected":false},"featured_media":4324,"template":"","meta":[],"product_brand":[],"product_cat":[208,246,218,214],"product_tag":[],"class_list":{"0":"post-4331","1":"product","2":"type-product","3":"status-publish","4":"has-post-thumbnail","6":"product_cat-aviation","7":"product_cat-headset-accessories","8":"product_cat-spare-parts","9":"product_cat-two-way-radio-accessories","11":"first","12":"instock","13":"shipping-taxable","14":"purchasable","15":"product-type-simple"},"_links":{"self":[{"href":"https:\/\/raytalkcomms.com\/fr\/wp-json\/wp\/v2\/product\/4331","targetHints":{"allow":["GET"]}}],"collection":[{"href":"https:\/\/raytalkcomms.com\/fr\/wp-json\/wp\/v2\/product"}],"about":[{"href":"https:\/\/raytalkcomms.com\/fr\/wp-json\/wp\/v2\/types\/product"}],"wp:featuredmedia":[{"embeddable":true,"href":"https:\/\/raytalkcomms.com\/fr\/wp-json\/wp\/v2\/media\/4324"}],"wp:attachment":[{"href":"https:\/\/raytalkcomms.com\/fr\/wp-json\/wp\/v2\/media?parent=4331"}],"wp:term":[{"taxonomy":"product_brand","embeddable":true,"href":"https:\/\/raytalkcomms.com\/fr\/wp-json\/wp\/v2\/product_brand?post=4331"},{"taxonomy":"product_cat","embeddable":true,"href":"https:\/\/raytalkcomms.com\/fr\/wp-json\/wp\/v2\/product_cat?post=4331"},{"taxonomy":"product_tag","embeddable":true,"href":"https:\/\/raytalkcomms.com\/fr\/wp-json\/wp\/v2\/product_tag?post=4331"}],"curies":[{"name":"wp","href":"https:\/\/api.w.org\/{rel}","templated":true}]}}