{"id":4330,"date":"2025-11-06T11:47:16","date_gmt":"2025-11-06T11:47:16","guid":{"rendered":"https:\/\/raytalkcomms.com\/?post_type=product&#038;p=4330"},"modified":"2025-12-25T07:44:25","modified_gmt":"2025-12-25T07:44:25","slug":"epac-10b-gel-ear-pad-replacement","status":"publish","type":"product","link":"https:\/\/raytalkcomms.com\/fr\/produit\/epac-10b-gel-ear-pad-replacement\/","title":{"rendered":"EPAC-10B Remplacement des oreillettes en gel"},"content":{"rendered":"<h3>Choisissez les coussinets qui correspondent \u00e0 votre activit\u00e9 :<\/h3>\n<ul>\n<li>Coussinets en gel<\/li>\n<li>Tr\u00e8s r\u00e9sistant \u00e0 la fissuration et \u00e0 l'abrasion, ce qui le rend plus durable.<\/li>\n<li>100 \u00d7 75 \u00d7 14 mm<\/li>\n<\/ul>","protected":false},"excerpt":{"rendered":"<p>Enti\u00e8rement compos\u00e9 de gel haute densit\u00e9, le coussinet de remplacement EPAC-10B \u00e9pouse \u00e9troitement les contours de l'oreille pour am\u00e9liorer l'\u00e9tanch\u00e9it\u00e9 acoustique et contribuer \u00e0 bloquer davantage le bruit du cockpit, en particulier dans les avions plus anciens comme les Boeing 737 classiques et les avions \u00e0 h\u00e9lices \u00e0 piston. Par rapport aux coussinets en mousse, le gel r\u00e9partit uniform\u00e9ment la pression de serrage afin de r\u00e9duire la fatigue et l'accumulation de chaleur, ce qui est id\u00e9al pour les longues missions et les blocs d'entra\u00eenement. Le gel r\u00e9siste au vieillissement, \u00e0 la fissuration et \u00e0 la d\u00e9formation, ce qui prolonge la dur\u00e9e de vie des coussinets et maintient les performances du casque au fil du temps. Leur taille permet une large compatibilit\u00e9 avec la plupart des grandes marques de casques GA\/PNR, ce qui rend l'entretien de la flotte simple et rentable.<\/p>\n<p>Il permet \u00e9galement de remplacer les oreillettes des casques d'\u00e9coute robustes utilis\u00e9s dans des environnements tr\u00e8s bruyants tels que la construction, la fabrication, les usines industrielles et les stands de course. Le remplacement des oreillettes se fait sans outil et s'adapte \u00e0 la plupart des casques, ce qui permet d'aider les \u00e9quipes de s\u00e9curit\u00e9, les \u00e9quipes de maintenance et les op\u00e9rations de formation.<\/p>\n<div id=\"gtx-trans\" style=\"position: absolute; left: -5px; top: 127.2px;\">\n<div class=\"gtx-trans-icon\"><\/div>\n<\/div>","protected":false},"featured_media":4323,"template":"","meta":[],"product_brand":[],"product_cat":[208,246,218,214],"product_tag":[],"class_list":{"0":"post-4330","1":"product","2":"type-product","3":"status-publish","4":"has-post-thumbnail","6":"product_cat-aviation","7":"product_cat-headset-accessories","8":"product_cat-spare-parts","9":"product_cat-two-way-radio-accessories","11":"first","12":"instock","13":"shipping-taxable","14":"purchasable","15":"product-type-simple"},"_links":{"self":[{"href":"https:\/\/raytalkcomms.com\/fr\/wp-json\/wp\/v2\/product\/4330","targetHints":{"allow":["GET"]}}],"collection":[{"href":"https:\/\/raytalkcomms.com\/fr\/wp-json\/wp\/v2\/product"}],"about":[{"href":"https:\/\/raytalkcomms.com\/fr\/wp-json\/wp\/v2\/types\/product"}],"wp:featuredmedia":[{"embeddable":true,"href":"https:\/\/raytalkcomms.com\/fr\/wp-json\/wp\/v2\/media\/4323"}],"wp:attachment":[{"href":"https:\/\/raytalkcomms.com\/fr\/wp-json\/wp\/v2\/media?parent=4330"}],"wp:term":[{"taxonomy":"product_brand","embeddable":true,"href":"https:\/\/raytalkcomms.com\/fr\/wp-json\/wp\/v2\/product_brand?post=4330"},{"taxonomy":"product_cat","embeddable":true,"href":"https:\/\/raytalkcomms.com\/fr\/wp-json\/wp\/v2\/product_cat?post=4330"},{"taxonomy":"product_tag","embeddable":true,"href":"https:\/\/raytalkcomms.com\/fr\/wp-json\/wp\/v2\/product_tag?post=4330"}],"curies":[{"name":"wp","href":"https:\/\/api.w.org\/{rel}","templated":true}]}}