{"id":4301,"date":"2025-11-06T07:48:19","date_gmt":"2025-11-06T07:48:19","guid":{"rendered":"https:\/\/raytalkcomms.com\/?post_type=product&#038;p=4301"},"modified":"2025-12-03T07:18:05","modified_gmt":"2025-12-03T07:18:05","slug":"asp-06-electret-microphone-protector","status":"publish","type":"product","link":"https:\/\/raytalkcomms.com\/fr\/produit\/asp-06-electret-microphone-protector\/","title":{"rendered":"ASP-06 Protecteur de microphone \u00e0 \u00e9lectret"},"content":{"rendered":"<h3>Caract\u00e9ristiques :<\/h3>\n<ul>\n<li>Fabriqu\u00e9 en mousse sonique acoustiquement transparente<\/li>\n<li>Prot\u00e8ge le microphone en r\u00e9duisant la poussi\u00e8re et l'humidit\u00e9<\/li>\n<li>Taille 30 \u00d7 52 mm<\/li>\n<li>R\u00e9duction du bruit dans le cockpit<\/li>\n<\/ul>","protected":false},"excerpt":{"rendered":"<p>Am\u00e9liore la clart\u00e9 des communications en r\u00e9duisant le bruit de fond du vent et du cockpit pendant la transmission. Le protecteur de microphone ASP-06 est compatible avec la plupart des casques d'aviation et offre une protection fiable contre la poussi\u00e8re, l'humidit\u00e9 et l'usure. En s'adaptant parfaitement au microphone, il garantit une qualit\u00e9 audio constante et aide \u00e0 maintenir une communication claire et ininterrompue tout au long du vol. Veillez \u00e0 v\u00e9rifier le mod\u00e8le de votre microphone afin de vous assurer que la taille est correcte pour des performances optimales.<\/p>\n<div id=\"gtx-trans\" style=\"position: absolute; left: -18px; top: -8.8px;\">\n<div class=\"gtx-trans-icon\"><\/div>\n<\/div>","protected":false},"featured_media":4308,"template":"","meta":[],"product_brand":[],"product_cat":[246,208],"product_tag":[],"class_list":{"0":"post-4301","1":"product","2":"type-product","3":"status-publish","4":"has-post-thumbnail","6":"product_cat-headset-accessories","7":"product_cat-aviation","9":"first","10":"instock","11":"shipping-taxable","12":"purchasable","13":"product-type-simple"},"_links":{"self":[{"href":"https:\/\/raytalkcomms.com\/fr\/wp-json\/wp\/v2\/product\/4301","targetHints":{"allow":["GET"]}}],"collection":[{"href":"https:\/\/raytalkcomms.com\/fr\/wp-json\/wp\/v2\/product"}],"about":[{"href":"https:\/\/raytalkcomms.com\/fr\/wp-json\/wp\/v2\/types\/product"}],"wp:featuredmedia":[{"embeddable":true,"href":"https:\/\/raytalkcomms.com\/fr\/wp-json\/wp\/v2\/media\/4308"}],"wp:attachment":[{"href":"https:\/\/raytalkcomms.com\/fr\/wp-json\/wp\/v2\/media?parent=4301"}],"wp:term":[{"taxonomy":"product_brand","embeddable":true,"href":"https:\/\/raytalkcomms.com\/fr\/wp-json\/wp\/v2\/product_brand?post=4301"},{"taxonomy":"product_cat","embeddable":true,"href":"https:\/\/raytalkcomms.com\/fr\/wp-json\/wp\/v2\/product_cat?post=4301"},{"taxonomy":"product_tag","embeddable":true,"href":"https:\/\/raytalkcomms.com\/fr\/wp-json\/wp\/v2\/product_tag?post=4301"}],"curies":[{"name":"wp","href":"https:\/\/api.w.org\/{rel}","templated":true}]}}