{"id":4298,"date":"2025-11-06T07:01:56","date_gmt":"2025-11-06T07:01:56","guid":{"rendered":"https:\/\/raytalkcomms.com\/?post_type=product&#038;p=4298"},"modified":"2025-12-03T10:32:47","modified_gmt":"2025-12-03T10:32:47","slug":"asp-12-light-weight-pilot-bag","status":"publish","type":"product","link":"https:\/\/raytalkcomms.com\/fr\/produit\/asp-12-light-weight-pilot-bag\/","title":{"rendered":"Sac de pilote l\u00e9ger ASP-12"},"content":{"rendered":"<h3>Caract\u00e9ristiques :<\/h3>\n<ul>\n<li>Dimensions 220 \u00d7 190 \u00d7 65 mm pour un transport facile et une protection parfaite du casque.<\/li>\n<li>Fabriqu\u00e9 en mat\u00e9riau EVA plus l\u00e9ger et plus souple<\/li>\n<\/ul>","protected":false},"excerpt":{"rendered":"<p>La sacoche l\u00e9g\u00e8re pour pilote ASP-12 est fabriqu\u00e9e en EVA, ce qui la rend plus l\u00e9g\u00e8re, plus souple et mieux rembourr\u00e9e. Par rapport \u00e0 la sacoche classique ASP-11 pour casque d'aviation, elle offre une forme plus structur\u00e9e et une meilleure r\u00e9sistance \u00e0 l'eau, pr\u00eate \u00e0 r\u00e9sister au vent et \u00e0 la pluie pendant les vols tout en offrant une meilleure protection \u00e0 votre casque d'aviation.<\/p>","protected":false},"featured_media":4299,"template":"","meta":[],"product_brand":[],"product_cat":[246,208],"product_tag":[],"class_list":{"0":"post-4298","1":"product","2":"type-product","3":"status-publish","4":"has-post-thumbnail","6":"product_cat-headset-accessories","7":"product_cat-aviation","9":"first","10":"instock","11":"shipping-taxable","12":"purchasable","13":"product-type-simple"},"_links":{"self":[{"href":"https:\/\/raytalkcomms.com\/fr\/wp-json\/wp\/v2\/product\/4298","targetHints":{"allow":["GET"]}}],"collection":[{"href":"https:\/\/raytalkcomms.com\/fr\/wp-json\/wp\/v2\/product"}],"about":[{"href":"https:\/\/raytalkcomms.com\/fr\/wp-json\/wp\/v2\/types\/product"}],"wp:featuredmedia":[{"embeddable":true,"href":"https:\/\/raytalkcomms.com\/fr\/wp-json\/wp\/v2\/media\/4299"}],"wp:attachment":[{"href":"https:\/\/raytalkcomms.com\/fr\/wp-json\/wp\/v2\/media?parent=4298"}],"wp:term":[{"taxonomy":"product_brand","embeddable":true,"href":"https:\/\/raytalkcomms.com\/fr\/wp-json\/wp\/v2\/product_brand?post=4298"},{"taxonomy":"product_cat","embeddable":true,"href":"https:\/\/raytalkcomms.com\/fr\/wp-json\/wp\/v2\/product_cat?post=4298"},{"taxonomy":"product_tag","embeddable":true,"href":"https:\/\/raytalkcomms.com\/fr\/wp-json\/wp\/v2\/product_tag?post=4298"}],"curies":[{"name":"wp","href":"https:\/\/api.w.org\/{rel}","templated":true}]}}