{"id":4289,"date":"2025-11-06T03:29:04","date_gmt":"2025-11-06T03:29:04","guid":{"rendered":"https:\/\/raytalkcomms.com\/?post_type=product&#038;p=4289"},"modified":"2025-12-03T07:16:31","modified_gmt":"2025-12-03T07:16:31","slug":"asp-02m-dynamic-microphone-for-metal-boom-flying-headset","status":"publish","type":"product","link":"https:\/\/raytalkcomms.com\/fr\/produit\/asp-02m-dynamic-microphone-for-metal-boom-flying-headset\/","title":{"rendered":"ASP-02M Microphone dynamique pour casque volant \u00e0 perche m\u00e9tallique"},"content":{"rendered":"<h3>Caract\u00e9ristiques :<\/h3>\n<ul>\n<li>Microphone dynamique \u00e0 r\u00e9duction de bruit<\/li>\n<li>Fournit un son clair et net<\/li>\n<li>Compatible avec la plupart des casques d'aviation g\u00e9n\u00e9rale et d'h\u00e9licopt\u00e8re<\/li>\n<\/ul>\n<h3>Avantages :<\/h3>\n<p>Le microphone dynamique ASP-02M est construit avec des mat\u00e9riaux plus durables, offrant une plus grande r\u00e9sistance \u00e0 l'usure, \u00e0 la corrosion et aux dommages. Le fait d'\u00e9quiper les casques d'aviation du microphone dynamique ASP-02M prolonge leur dur\u00e9e de vie, r\u00e9duit les co\u00fbts globaux de l'organisation et am\u00e9liore l'efficacit\u00e9 des communications en vol.<\/p>","protected":false},"excerpt":{"rendered":"<p>Microphone dynamique ASP-02M pour casque de vol \u00e0 perche m\u00e9tallique. Compatible avec Crystal Mic, Bose et la plupart des casques ANR de l'aviation g\u00e9n\u00e9rale. Le microphone dynamique ASP-02M est facile \u00e0 remplacer, il peut \u00eatre install\u00e9 sur un bras m\u00e9tallique en quelques \u00e9tapes simples, donnant une nouvelle vie \u00e0 votre casque d'aviation. Il offre un son plus clair et des performances de communication am\u00e9lior\u00e9es.<\/p>","protected":false},"featured_media":4290,"template":"","meta":[],"product_brand":[],"product_cat":[246,208],"product_tag":[],"class_list":{"0":"post-4289","1":"product","2":"type-product","3":"status-publish","4":"has-post-thumbnail","6":"product_cat-headset-accessories","7":"product_cat-aviation","9":"first","10":"instock","11":"shipping-taxable","12":"purchasable","13":"product-type-simple"},"_links":{"self":[{"href":"https:\/\/raytalkcomms.com\/fr\/wp-json\/wp\/v2\/product\/4289","targetHints":{"allow":["GET"]}}],"collection":[{"href":"https:\/\/raytalkcomms.com\/fr\/wp-json\/wp\/v2\/product"}],"about":[{"href":"https:\/\/raytalkcomms.com\/fr\/wp-json\/wp\/v2\/types\/product"}],"wp:featuredmedia":[{"embeddable":true,"href":"https:\/\/raytalkcomms.com\/fr\/wp-json\/wp\/v2\/media\/4290"}],"wp:attachment":[{"href":"https:\/\/raytalkcomms.com\/fr\/wp-json\/wp\/v2\/media?parent=4289"}],"wp:term":[{"taxonomy":"product_brand","embeddable":true,"href":"https:\/\/raytalkcomms.com\/fr\/wp-json\/wp\/v2\/product_brand?post=4289"},{"taxonomy":"product_cat","embeddable":true,"href":"https:\/\/raytalkcomms.com\/fr\/wp-json\/wp\/v2\/product_cat?post=4289"},{"taxonomy":"product_tag","embeddable":true,"href":"https:\/\/raytalkcomms.com\/fr\/wp-json\/wp\/v2\/product_tag?post=4289"}],"curies":[{"name":"wp","href":"https:\/\/api.w.org\/{rel}","templated":true}]}}