{"id":4286,"date":"2025-11-06T03:13:44","date_gmt":"2025-11-06T03:13:44","guid":{"rendered":"https:\/\/raytalkcomms.com\/?post_type=product&#038;p=4286"},"modified":"2025-12-03T07:15:26","modified_gmt":"2025-12-03T07:15:26","slug":"asp-02-replaceable-dynamic-microphone-for-flexible-boom-flying-headset","status":"publish","type":"product","link":"https:\/\/raytalkcomms.com\/fr\/produit\/asp-02-replaceable-dynamic-microphone-for-flexible-boom-flying-headset\/","title":{"rendered":"ASP-02 Microphone dynamique rempla\u00e7able pour casque volant \u00e0 perche flexible"},"content":{"rendered":"<h3>Caract\u00e9ristiques :<\/h3>\n<ul>\n<li>Microphone dynamique \u00e0 r\u00e9duction de bruit<\/li>\n<li>Fournit un son clair et net<\/li>\n<li>Compatible avec la plupart des casques d'aviation g\u00e9n\u00e9rale et d'h\u00e9licopt\u00e8re<\/li>\n<\/ul>\n<h3>Avantages :<\/h3>\n<p>Les casques d'aviation sont souvent dot\u00e9s d'une perche flexible, ce qui n\u00e9cessite un microphone plus puissant. Nous proposons non seulement des microphones \u00e0 \u00e9lectret pour les casques de pilote, mais aussi des microphones dynamiques. Pour les clubs de pilotage et les compagnies a\u00e9riennes, nous proposons une plus large gamme d'options pour r\u00e9pondre aux besoins d'approvisionnement, \u00e0 des prix plus abordables et avec une qualit\u00e9 sup\u00e9rieure.<\/p>\n<div id=\"gtx-trans\" style=\"position: absolute; left: -72px; top: 138.713px;\">\n<div class=\"gtx-trans-icon\"><\/div>\n<\/div>","protected":false},"excerpt":{"rendered":"<p>Microphone dynamique rempla\u00e7able ASP-02 pour casque volant \u00e0 perche flexible. Compatible avec Crystal Mic, David Clark et la plupart des casques ANR. Il s'agit d'un microphone dynamique amplifi\u00e9 \u00e0 r\u00e9duction de bruit, tr\u00e8s appr\u00e9ci\u00e9 des amateurs d'aviation et des pilotes. De m\u00eame, ce microphone dynamique est \u00e9galement compatible avec le casque d'aviation ANR de RayTalk PH-100 ANR, le casque d'h\u00e9licopt\u00e8re PH-100H et le casque Bluetooth PH-400, entre autres.<\/p>","protected":false},"featured_media":4287,"template":"","meta":[],"product_brand":[],"product_cat":[208,246],"product_tag":[],"class_list":{"0":"post-4286","1":"product","2":"type-product","3":"status-publish","4":"has-post-thumbnail","6":"product_cat-aviation","7":"product_cat-headset-accessories","9":"first","10":"instock","11":"shipping-taxable","12":"purchasable","13":"product-type-simple"},"_links":{"self":[{"href":"https:\/\/raytalkcomms.com\/fr\/wp-json\/wp\/v2\/product\/4286","targetHints":{"allow":["GET"]}}],"collection":[{"href":"https:\/\/raytalkcomms.com\/fr\/wp-json\/wp\/v2\/product"}],"about":[{"href":"https:\/\/raytalkcomms.com\/fr\/wp-json\/wp\/v2\/types\/product"}],"wp:featuredmedia":[{"embeddable":true,"href":"https:\/\/raytalkcomms.com\/fr\/wp-json\/wp\/v2\/media\/4287"}],"wp:attachment":[{"href":"https:\/\/raytalkcomms.com\/fr\/wp-json\/wp\/v2\/media?parent=4286"}],"wp:term":[{"taxonomy":"product_brand","embeddable":true,"href":"https:\/\/raytalkcomms.com\/fr\/wp-json\/wp\/v2\/product_brand?post=4286"},{"taxonomy":"product_cat","embeddable":true,"href":"https:\/\/raytalkcomms.com\/fr\/wp-json\/wp\/v2\/product_cat?post=4286"},{"taxonomy":"product_tag","embeddable":true,"href":"https:\/\/raytalkcomms.com\/fr\/wp-json\/wp\/v2\/product_tag?post=4286"}],"curies":[{"name":"wp","href":"https:\/\/api.w.org\/{rel}","templated":true}]}}