{"id":4256,"date":"2025-11-05T11:32:53","date_gmt":"2025-11-05T11:32:53","guid":{"rendered":"https:\/\/raytalkcomms.com\/?post_type=product&#038;p=4256"},"modified":"2025-12-19T13:14:22","modified_gmt":"2025-12-19T13:14:22","slug":"ph-200a-noise-reducing-ground-support-headset-for-airport-operations","status":"publish","type":"product","link":"https:\/\/raytalkcomms.com\/fr\/produit\/ph-200a-noise-reducing-ground-support-headset-for-airport-operations\/","title":{"rendered":"PH-200A Casque d'assistance au sol \u00e0 r\u00e9duction de bruit pour les op\u00e9rations a\u00e9roportuaires"},"content":{"rendered":"<h3>Caract\u00e9ristiques :<\/h3>\n<ul>\n<li>La perche filaire permet de placer le microphone\/la perche \u00e0 droite ou \u00e0 gauche.<\/li>\n<li>Microphone dynamique amplifi\u00e9 \u00e0 r\u00e9duction de bruit M-1\/DC.<\/li>\n<li>Commutateur PTT (Push-to-Talk) momentan\u00e9 sur le d\u00f4me de l'oreille.<\/li>\n<li>Le coussin de t\u00eate et les joints d'oreille souples garantissent un confort exceptionnel.<\/li>\n<li>Cordon droit de 33 pieds avec fiche (SC-267) pour s'adapter aux rallonges de s\u00e9rie.<\/li>\n<li>Ensemble jeu de direction\/\u00e9trier chrom\u00e9 r\u00e9sistant \u00e0 la corrosion.<\/li>\n<li>Indice de r\u00e9duction du bruit passif (NRR) : 23dB.<\/li>\n<\/ul>\n<h3>Avantages :<\/h3>\n<p>Sur l'aire de trafic, les \u00e9quipages sont confront\u00e9s \u00e0 des bruits de moteur per\u00e7ants, \u00e0 des d\u00e9gagements \u00e9troits autour des avions et des \u00e9quipements d'assistance au sol, et au risque qu'un appel manqu\u00e9 devienne un incident de s\u00e9curit\u00e9. Le casque d'assistance au sol \u00e0 r\u00e9duction de bruit PH-200A r\u00e9duit les niveaux sonores nocifs pour prot\u00e9ger l'ou\u00efe et permet de garder les instructions intelligibles malgr\u00e9 le rugissement. Sa construction robuste, son \u00e9tanch\u00e9it\u00e9 confortable et ses connecteurs compatibles permettent de le porter pendant toute la dur\u00e9e du travail, tandis que le micro antibruit et les commandes en ligne am\u00e9liorent la coordination et r\u00e9duisent le travail \u00e0 refaire. La transmission est nette quel que soit le niveau de bruit et permet d'\u00e9viter les accidents impr\u00e9vus dans les avions.<\/p>\n<div id=\"gtx-trans\" style=\"position: absolute; left: -92px; top: 234.712px;\">\n<div class=\"gtx-trans-icon\"><\/div>\n<\/div>","protected":false},"excerpt":{"rendered":"<p>Casque d'\u00e9coute pour le personnel au sol de l'avion PH-200A \u00e0 utiliser pendant le repoussage de l'avion avec le poste de pilotage de l'avion. Pendant les proc\u00e9dures de repoussage et de maintenance au sol, lorsque le bruit de fond \u00e9lev\u00e9 rend difficile une communication claire. Les op\u00e9rations de repoussage sont dangereuses. Des communications claires sont essentielles pour la s\u00e9curit\u00e9 de l'\u00e9quipe au sol et le d\u00e9placement en toute s\u00e9curit\u00e9 de l'a\u00e9ronef.<br \/>\nLe casque d'aviation \u00e0 att\u00e9nuation de bruit offre une protection auditive. Il permet ainsi des communications claires avec le poste de pilotage. Ceci est important pendant le d\u00e9marrage du moteur et le repoussage. Les casques de l'\u00e9quipe au sol de l'avion PH-200A sont des casques de soutien au sol essentiels pour une communication claire avec le poste de pilotage pendant les proc\u00e9dures critiques de repoussage et de maintenance au sol, o\u00f9 des niveaux de bruit \u00e9lev\u00e9s peuvent nuire \u00e0 la s\u00e9curit\u00e9.<\/p>","protected":false},"featured_media":4255,"template":"","meta":[],"product_brand":[],"product_cat":[208,316],"product_tag":[],"class_list":{"0":"post-4256","1":"product","2":"type-product","3":"status-publish","4":"has-post-thumbnail","6":"product_cat-aviation","7":"product_cat-ground-support-headset","9":"first","10":"instock","11":"shipping-taxable","12":"purchasable","13":"product-type-simple"},"_links":{"self":[{"href":"https:\/\/raytalkcomms.com\/fr\/wp-json\/wp\/v2\/product\/4256","targetHints":{"allow":["GET"]}}],"collection":[{"href":"https:\/\/raytalkcomms.com\/fr\/wp-json\/wp\/v2\/product"}],"about":[{"href":"https:\/\/raytalkcomms.com\/fr\/wp-json\/wp\/v2\/types\/product"}],"wp:featuredmedia":[{"embeddable":true,"href":"https:\/\/raytalkcomms.com\/fr\/wp-json\/wp\/v2\/media\/4255"}],"wp:attachment":[{"href":"https:\/\/raytalkcomms.com\/fr\/wp-json\/wp\/v2\/media?parent=4256"}],"wp:term":[{"taxonomy":"product_brand","embeddable":true,"href":"https:\/\/raytalkcomms.com\/fr\/wp-json\/wp\/v2\/product_brand?post=4256"},{"taxonomy":"product_cat","embeddable":true,"href":"https:\/\/raytalkcomms.com\/fr\/wp-json\/wp\/v2\/product_cat?post=4256"},{"taxonomy":"product_tag","embeddable":true,"href":"https:\/\/raytalkcomms.com\/fr\/wp-json\/wp\/v2\/product_tag?post=4256"}],"curies":[{"name":"wp","href":"https:\/\/api.w.org\/{rel}","templated":true}]}}