{"id":4252,"date":"2025-11-05T10:51:22","date_gmt":"2025-11-05T10:51:22","guid":{"rendered":"https:\/\/raytalkcomms.com\/?post_type=product&#038;p=4252"},"modified":"2026-03-13T09:54:36","modified_gmt":"2026-03-13T09:54:36","slug":"ph-400ah-military-pilot-headset-with-noise-cancelling-mic","status":"publish","type":"product","link":"https:\/\/raytalkcomms.com\/fr\/produit\/ph-400ah-military-pilot-headset-with-noise-cancelling-mic\/","title":{"rendered":"Casque d'\u00e9coute pour pilote militaire PH-400AH avec microphone \u00e0 r\u00e9duction de bruit"},"content":{"rendered":"<h3>Caract\u00e9ristiques :<\/h3>\n<ul>\n<li>Fibre de carbone, ultra-l\u00e9g\u00e8re, elle ne p\u00e8se que 255 grammes.<\/li>\n<li>Prise U174\/U pour un h\u00e9licopt\u00e8re.<\/li>\n<li>Indice de r\u00e9duction du bruit passif (NRR) : 23dB.<\/li>\n<li>Confortable gr\u00e2ce aux coussinets en similicuir.<\/li>\n<li>Microphone \u00e9lectret antibruit en standard, microphone dynamique en option.<\/li>\n<li>Bouton de r\u00e9glage du volume \u00e0 profil bas.<\/li>\n<\/ul>\n<h3>Avantages :<\/h3>\n<p>Pour les compagnies d'excursions en h\u00e9licopt\u00e8re, les unit\u00e9s de sauvetage a\u00e9rien, l'aviation de lutte contre les incendies et les \u00e9quipes de recherche et de sauvetage, le PH-400AH offre des communications pr\u00eates pour la mission : Les haut-parleurs Clear-Hear et la r\u00e9duction passive du bruit de 23 dB permettent \u00e0 l'ATC et \u00e0 l'intercom de s'affranchir du bruit du rotor. Les coques ultra l\u00e9g\u00e8res en fibre de carbone, les coussins en similicuir et le micro antibruit enti\u00e8rement flexible r\u00e9duisent la fatigue et les erreurs d'\u00e9coute. Une prise U174\/U, un cordon h\u00e9lico\u00efdal robuste et une commande de volume discr\u00e8te garantissent la durabilit\u00e9 et la compatibilit\u00e9 avec les flottes.<\/p>","protected":false},"excerpt":{"rendered":"<p>The PH-400AH military pilot headset is a headset with crystal-clear audio communication. For pilots, enjoy all-day comfort and clear audio performance. With a Full flexible boom, noise-canceling microphone, and wind-blocking foam mic muff. Clear Hear performance speakers and a 23dB NRR noise reduction rating, Air Traffic Control will come through loud and clear.<br \/>\nWith a military-grade U174 plug, tough, durable coil cord, and ultra-lightweight Carbon fiber ear shells, the PH-400AH military pilot headset is the perfect choice for all of your flying adventures.<\/p>","protected":false},"featured_media":4250,"template":"","meta":[],"product_brand":[],"product_cat":[208,315,245],"product_tag":[],"class_list":{"0":"post-4252","1":"product","2":"type-product","3":"status-publish","4":"has-post-thumbnail","6":"product_cat-aviation","7":"product_cat-helicopter","8":"product_cat-passive-noise-reduction","10":"first","11":"instock","12":"shipping-taxable","13":"purchasable","14":"product-type-simple"},"_links":{"self":[{"href":"https:\/\/raytalkcomms.com\/fr\/wp-json\/wp\/v2\/product\/4252","targetHints":{"allow":["GET"]}}],"collection":[{"href":"https:\/\/raytalkcomms.com\/fr\/wp-json\/wp\/v2\/product"}],"about":[{"href":"https:\/\/raytalkcomms.com\/fr\/wp-json\/wp\/v2\/types\/product"}],"wp:featuredmedia":[{"embeddable":true,"href":"https:\/\/raytalkcomms.com\/fr\/wp-json\/wp\/v2\/media\/4250"}],"wp:attachment":[{"href":"https:\/\/raytalkcomms.com\/fr\/wp-json\/wp\/v2\/media?parent=4252"}],"wp:term":[{"taxonomy":"product_brand","embeddable":true,"href":"https:\/\/raytalkcomms.com\/fr\/wp-json\/wp\/v2\/product_brand?post=4252"},{"taxonomy":"product_cat","embeddable":true,"href":"https:\/\/raytalkcomms.com\/fr\/wp-json\/wp\/v2\/product_cat?post=4252"},{"taxonomy":"product_tag","embeddable":true,"href":"https:\/\/raytalkcomms.com\/fr\/wp-json\/wp\/v2\/product_tag?post=4252"}],"curies":[{"name":"wp","href":"https:\/\/api.w.org\/{rel}","templated":true}]}}