{"id":4251,"date":"2025-11-05T10:47:20","date_gmt":"2025-11-05T10:47:20","guid":{"rendered":"https:\/\/raytalkcomms.com\/?post_type=product&#038;p=4251"},"modified":"2026-03-13T09:31:10","modified_gmt":"2026-03-13T09:31:10","slug":"ph-400a-carbon-fiber-lightweight-aviation-headset-for-airline-pilots","status":"publish","type":"product","link":"https:\/\/raytalkcomms.com\/fr\/produit\/ph-400a-carbon-fiber-lightweight-aviation-headset-for-airline-pilots\/","title":{"rendered":"PH-400A Carbon Fiber Lightweight Aviation Headset For Airline Pilots"},"content":{"rendered":"<h3>Caract\u00e9ristiques :<\/h3>\n<ul>\n<li>Ultra-l\u00e9ger, il ne p\u00e8se que 255 grammes.<\/li>\n<li>Double prise pour GA.<\/li>\n<li>Coussinets en similicuir.<\/li>\n<li>Indice de r\u00e9duction du bruit passif (NRR) : 23dB.<\/li>\n<li>Microphone \u00e9lectret antibruit, microphone dynamique en option.<\/li>\n<li>Bouton de r\u00e9glage du volume \u00e0 profil bas.<\/li>\n<li>Prise pour \u00e9couteurs : PJ-055(.25\u2033F6.3 plug).<\/li>\n<li>Prise de microphone : PJ-068(.206\u2033F5.2 plug).<\/li>\n<li>Cordon droit entre le casque et la prise moul\u00e9e, 150CM.<\/li>\n<li>Standard avec interrupteur S\/M, avec deux boutons de r\u00e9glage du volume sur le module de commande.<\/li>\n<\/ul>\n<h3>Avantages :<\/h3>\n<p>Le microphone \u00e0 \u00e9lectret antibruit capte rapidement la voix des pilotes et la transmet directement et avec pr\u00e9cision \u00e0 la tour de contr\u00f4le au sol, assurant ainsi une communication fluide entre l'air et le sol. Pour les commandants de bord de l'aviation g\u00e9n\u00e9rale, la perche du microphone peut pivoter de 270 degr\u00e9s et \u00eatre r\u00e9gl\u00e9e \u00e0 la fois verticalement et horizontalement, ce qui permet un positionnement optimal du microphone et une transmission claire tout au long du vol. Il s'agit du casque Airline en fibre de carbone le plus l\u00e9ger et le plus abordable pour les \u00e9quipes de d\u00e9monstration de vol, les centres de formation de pilotes et les compagnies de vols charters.<\/p>\n<div id=\"gtx-trans\" style=\"position: absolute; left: -62px; top: 1.2px;\">\n<div class=\"gtx-trans-icon\"><\/div>\n<\/div>","protected":false},"excerpt":{"rendered":"<p>PH-400A premium lightweight aviation headset made of carbon fiber. PH-400A lightweight aviation headset is unlike any other headset you have ever worn. Hold it for just a second to realize what thousands of pilots have realized &#8211; &#8220;wow, this is very light.&#8221; At only 9oz!<br \/>\nEar Shell 100% premium carbon fiber design offers not only PNR 23dB noise reduction, but also weighs nearly half of a typical aviation headset. You will truly appreciate the low-key, low-weight design of the PH-400A carbon fiber lightweight aviation headset.<\/p>","protected":false},"featured_media":4249,"template":"","meta":[],"product_brand":[],"product_cat":[208,314,319],"product_tag":[],"class_list":{"0":"post-4251","1":"product","2":"type-product","3":"status-publish","4":"has-post-thumbnail","6":"product_cat-aviation","7":"product_cat-fixed-wing","8":"product_cat-passive-noise-reduction-fixed-wing","10":"first","11":"instock","12":"shipping-taxable","13":"purchasable","14":"product-type-simple"},"_links":{"self":[{"href":"https:\/\/raytalkcomms.com\/fr\/wp-json\/wp\/v2\/product\/4251","targetHints":{"allow":["GET"]}}],"collection":[{"href":"https:\/\/raytalkcomms.com\/fr\/wp-json\/wp\/v2\/product"}],"about":[{"href":"https:\/\/raytalkcomms.com\/fr\/wp-json\/wp\/v2\/types\/product"}],"wp:featuredmedia":[{"embeddable":true,"href":"https:\/\/raytalkcomms.com\/fr\/wp-json\/wp\/v2\/media\/4249"}],"wp:attachment":[{"href":"https:\/\/raytalkcomms.com\/fr\/wp-json\/wp\/v2\/media?parent=4251"}],"wp:term":[{"taxonomy":"product_brand","embeddable":true,"href":"https:\/\/raytalkcomms.com\/fr\/wp-json\/wp\/v2\/product_brand?post=4251"},{"taxonomy":"product_cat","embeddable":true,"href":"https:\/\/raytalkcomms.com\/fr\/wp-json\/wp\/v2\/product_cat?post=4251"},{"taxonomy":"product_tag","embeddable":true,"href":"https:\/\/raytalkcomms.com\/fr\/wp-json\/wp\/v2\/product_tag?post=4251"}],"curies":[{"name":"wp","href":"https:\/\/api.w.org\/{rel}","templated":true}]}}