{"id":4243,"date":"2025-11-05T09:11:01","date_gmt":"2025-11-05T09:11:01","guid":{"rendered":"https:\/\/raytalkcomms.com\/?post_type=product&#038;p=4243"},"modified":"2026-03-13T09:08:04","modified_gmt":"2026-03-13T09:08:04","slug":"ph-100ah-pnr-helicopter-headset-with-microphone","status":"publish","type":"product","link":"https:\/\/raytalkcomms.com\/fr\/produit\/ph-100ah-pnr-helicopter-headset-with-microphone\/","title":{"rendered":"PH-100AH PNR Casque d'h\u00e9licopt\u00e8re avec microphone"},"content":{"rendered":"<h3>Caract\u00e9ristiques :<\/h3>\n<ul>\n<li>U174\/U Fiche pour h\u00e9licopt\u00e8res.<\/li>\n<li>PNR Casque \u00e0 r\u00e9duction passive du bruit avec microphone \u00e9lectret.<\/li>\n<li>Indice de r\u00e9duction du bruit passif (NRR) : 23dB.<\/li>\n<li>Oreillettes confortables mi-gel mi-mousse.<\/li>\n<li>Perche flexible et solide pour un positionnement parfait du microphone.<\/li>\n<li>Bouton de r\u00e9glage du volume \u00e0 profil bas .<\/li>\n<li>C\u00e2ble spiral\u00e9 entre le casque et la prise moul\u00e9e, 70CM.<\/li>\n<\/ul>\n<h3>Personnalisation en option :<\/h3>\n<ul>\n<li>Personnalisez votre casque avec la perche de votre choix (perche flexible et perche m\u00e9tallique r\u00e9glable).<\/li>\n<li>Disponible en noir, bleu, jaune, vert, gris, rose, rouge et orange.<\/li>\n<\/ul>\n<h3>Avantages :<\/h3>\n<p>Les cockpits d'h\u00e9licopt\u00e8res dot\u00e9s de grands panneaux vitr\u00e9s laissent entrer une lumi\u00e8re solaire intense, provoquant souvent un \u00e9blouissement et une chaleur qui distraient les pilotes pendant le vol. Le design discret du PH-100AH r\u00e9duit les reflets et les interf\u00e9rences visuelles, tandis que son bouton de volume pratique permet un r\u00e9glage rapide du son pour une communication claire. Le cordon spiral\u00e9 durable s'\u00e9tire et se r\u00e9tracte facilement, \u00e9vitant les enchev\u00eatrements et garantissant un mouvement souple dans les espaces restreints du cockpit. Volez plus intelligemment avec le casque d'h\u00e9licopt\u00e8re PH-100AH.<\/p>","protected":false},"excerpt":{"rendered":"<p>Le casque d'h\u00e9licopt\u00e8re PH-100AH PNR est un accessoire de communication populaire, \u00e0 prix comp\u00e9titif, con\u00e7u pour les syst\u00e8mes d'h\u00e9licopt\u00e8res, offrant un son clair et une coordination fiable entre les membres de l'\u00e9quipage gr\u00e2ce \u00e0 une solide r\u00e9duction passive du bruit. Un NRR de 23 dB permet de r\u00e9duire le bruit du rotor et du cockpit, de sorte que les radios ont un son plus clair et que les instructions sont plus faciles \u00e0 entendre, tandis que le coussinet de t\u00eate en mousse souple et la conception en contre-d\u00e9pouille s'associent \u00e0 des joints d'oreille mi-mousse, mi-gel, pour un confort de longue dur\u00e9e.<\/p>\n<p>La perche flexible du microphone permet aux pilotes de placer le micro \u00e9lectret avec pr\u00e9cision pour une prise de voix constante, et l'assemblage du microphone est con\u00e7u pour r\u00e9pondre aux normes rigoureuses de traction et de flexion pour une durabilit\u00e9 dans les op\u00e9rations exigeantes. Une seule prise U-174\/U simplifie l'int\u00e9gration de la flotte et permet une installation rapide.<\/p>\n<p>Pour les d\u00e9partements de vol qui ont besoin d'une qualit\u00e9 vocale fiable, de confort et d'une compatibilit\u00e9 directe \u00e0 un prix attractif, le casque d'h\u00e9licopt\u00e8re PH-100AH PNR est pr\u00eat pour le travail quotidien.<\/p>","protected":false},"featured_media":4240,"template":"","meta":[],"product_brand":[],"product_cat":[208,315,245],"product_tag":[],"class_list":{"0":"post-4243","1":"product","2":"type-product","3":"status-publish","4":"has-post-thumbnail","6":"product_cat-aviation","7":"product_cat-helicopter","8":"product_cat-passive-noise-reduction","10":"first","11":"instock","12":"shipping-taxable","13":"purchasable","14":"product-type-simple"},"_links":{"self":[{"href":"https:\/\/raytalkcomms.com\/fr\/wp-json\/wp\/v2\/product\/4243","targetHints":{"allow":["GET"]}}],"collection":[{"href":"https:\/\/raytalkcomms.com\/fr\/wp-json\/wp\/v2\/product"}],"about":[{"href":"https:\/\/raytalkcomms.com\/fr\/wp-json\/wp\/v2\/types\/product"}],"wp:featuredmedia":[{"embeddable":true,"href":"https:\/\/raytalkcomms.com\/fr\/wp-json\/wp\/v2\/media\/4240"}],"wp:attachment":[{"href":"https:\/\/raytalkcomms.com\/fr\/wp-json\/wp\/v2\/media?parent=4243"}],"wp:term":[{"taxonomy":"product_brand","embeddable":true,"href":"https:\/\/raytalkcomms.com\/fr\/wp-json\/wp\/v2\/product_brand?post=4243"},{"taxonomy":"product_cat","embeddable":true,"href":"https:\/\/raytalkcomms.com\/fr\/wp-json\/wp\/v2\/product_cat?post=4243"},{"taxonomy":"product_tag","embeddable":true,"href":"https:\/\/raytalkcomms.com\/fr\/wp-json\/wp\/v2\/product_tag?post=4243"}],"curies":[{"name":"wp","href":"https:\/\/api.w.org\/{rel}","templated":true}]}}