{"id":4242,"date":"2025-11-05T09:09:18","date_gmt":"2025-11-05T09:09:18","guid":{"rendered":"https:\/\/raytalkcomms.com\/?post_type=product&#038;p=4242"},"modified":"2025-12-19T13:21:01","modified_gmt":"2025-12-19T13:21:01","slug":"ph-100m-ga-pnr-aviation-headset-for-student-pilot","status":"publish","type":"product","link":"https:\/\/raytalkcomms.com\/fr\/produit\/ph-100m-ga-pnr-aviation-headset-for-student-pilot\/","title":{"rendered":"PH-100M GA PNR Casque d'\u00e9coute d'aviation pour \u00e9l\u00e8ve pilote"},"content":{"rendered":"<h3>Caract\u00e9ristiques :<\/h3>\n<ul>\n<li>Fiches doubles pour les a\u00e9ronefs g\u00e9n\u00e9raux.<\/li>\n<li>Oreillettes confortables mi-gel mi-mousse<\/li>\n<li>Microphone \u00e9lectret antibruit en standard, microphone dynamique en option.<\/li>\n<li>Bouton de r\u00e9glage du volume \u00e0 profil bas.<\/li>\n<li>Prise pour \u00e9couteurs : PJ-055(.25\u2033F6.3 plug).<\/li>\n<li>Prise de microphone : PJ-068(.206\u2033F5.2 plug).<\/li>\n<li>Cordon droit entre le casque et la prise moul\u00e9e, 130CM.<\/li>\n<\/ul>\n<h3>Personnalisation en option :<\/h3>\n<ul>\n<li>Disponible avec un bras m\u00e9tallique flexible ou r\u00e9glable<\/li>\n<li>Disponible en noir, bleu, jaune, vert, gris, rose, rouge et orange.<\/li>\n<\/ul>\n<h3>Avantages :<\/h3>\n<p>Le casque GA PNR PH-100M r\u00e9sout les probl\u00e8mes de formation pour les \u00e9coles et les d\u00e9partements de vol. La r\u00e9duction passive du bruit permet de conserver la nettet\u00e9 des appels radio. Le port l\u00e9ger et rembourr\u00e9 r\u00e9duit la fatigue lors des longues sorties. Un module de commande compact ajoute un volume rapide, une s\u00e9lection mono\/st\u00e9r\u00e9o, une r\u00e9sistance de micro r\u00e9glable et une prise jack 3,5 mm pour les briefings et les alertes. Les prises GA standard et une construction durable et facile \u00e0 entretenir acc\u00e9l\u00e8rent l'adoption par la flotte, r\u00e9duisent les temps d'arr\u00eat et diminuent le co\u00fbt total des op\u00e9rations des \u00e9l\u00e8ves.<\/p>","protected":false},"excerpt":{"rendered":"<p>Le casque PH-100M pour avion GA \u00e0 voilure fixe avec bras m\u00e9tallique r\u00e9glable est un casque d'aviation parfait pour tous les pilotes, instructeurs, \u00e9l\u00e8ves-pilotes, \u00e9coles de pilotage, et plus encore. Il offre un confort maximal gr\u00e2ce \u00e0 des joints d'oreille ultra-doux, moiti\u00e9 gel moiti\u00e9 mousse, une r\u00e9duction exceptionnelle du bruit avec un son clair, des mat\u00e9riaux de haute qualit\u00e9 et une durabilit\u00e9 \u00e0 toute \u00e9preuve. C'est un casque d'aviation parfait pour les pilotes.<\/p>\n<div id=\"gtx-trans\" style=\"position: absolute; left: 283px; top: -8.8px;\">\n<div class=\"gtx-trans-icon\"><\/div>\n<\/div>","protected":false},"featured_media":4239,"template":"","meta":[],"product_brand":[],"product_cat":[208,314,319],"product_tag":[],"class_list":{"0":"post-4242","1":"product","2":"type-product","3":"status-publish","4":"has-post-thumbnail","6":"product_cat-aviation","7":"product_cat-fixed-wing","8":"product_cat-passive-noise-reduction-fixed-wing","10":"first","11":"instock","12":"shipping-taxable","13":"purchasable","14":"product-type-simple"},"_links":{"self":[{"href":"https:\/\/raytalkcomms.com\/fr\/wp-json\/wp\/v2\/product\/4242","targetHints":{"allow":["GET"]}}],"collection":[{"href":"https:\/\/raytalkcomms.com\/fr\/wp-json\/wp\/v2\/product"}],"about":[{"href":"https:\/\/raytalkcomms.com\/fr\/wp-json\/wp\/v2\/types\/product"}],"wp:featuredmedia":[{"embeddable":true,"href":"https:\/\/raytalkcomms.com\/fr\/wp-json\/wp\/v2\/media\/4239"}],"wp:attachment":[{"href":"https:\/\/raytalkcomms.com\/fr\/wp-json\/wp\/v2\/media?parent=4242"}],"wp:term":[{"taxonomy":"product_brand","embeddable":true,"href":"https:\/\/raytalkcomms.com\/fr\/wp-json\/wp\/v2\/product_brand?post=4242"},{"taxonomy":"product_cat","embeddable":true,"href":"https:\/\/raytalkcomms.com\/fr\/wp-json\/wp\/v2\/product_cat?post=4242"},{"taxonomy":"product_tag","embeddable":true,"href":"https:\/\/raytalkcomms.com\/fr\/wp-json\/wp\/v2\/product_tag?post=4242"}],"curies":[{"name":"wp","href":"https:\/\/api.w.org\/{rel}","templated":true}]}}