{"id":4237,"date":"2025-11-05T07:48:55","date_gmt":"2025-11-05T07:48:55","guid":{"rendered":"https:\/\/raytalkcomms.com\/?post_type=product&#038;p=4237"},"modified":"2026-03-13T09:46:05","modified_gmt":"2026-03-13T09:46:05","slug":"ph-400ah-bluetooth-headset-for-pilots","status":"publish","type":"product","link":"https:\/\/raytalkcomms.com\/fr\/produit\/ph-400ah-bluetooth-headset-for-pilots\/","title":{"rendered":"PH-400AH Bluetooth Helicopter Headset for Pilots (casque d'h\u00e9licopt\u00e8re Bluetooth pour pilotes)"},"content":{"rendered":"<h3>Caract\u00e9ristiques :<\/h3>\n<ul>\n<li>Prise U174\/U pour un h\u00e9licopt\u00e8re.<\/li>\n<li>R\u00e9duction active du bruit (NRR) : 29dB.<\/li>\n<li>Indice de r\u00e9duction du bruit passif (NRR) : 23dB.<\/li>\n<li>Fibre de carbone ultra-l\u00e9g\u00e8re avec Bluetooth pour la musique et les appels t\u00e9l\u00e9phoniques.<\/li>\n<li>Entr\u00e9e audio auxiliaire de 3,5 mm. (c\u00e2ble inclus)<\/li>\n<li>Commutateur de priorit\u00e9 audio \u00e0 3 voies : A) Priorit\u00e9 \u00e0 l'interphone, B) Toutes les sources audio, C) Interphone uniquement.<\/li>\n<li>LED d'alimentation\/\u00e9tat de la batterie \u00e0 3 couleurs.<\/li>\n<li>LED d'\u00e9tat Bluetooth \u00e0 4 fonctions.<\/li>\n<li>Utilise 2 piles alcalines AA (piles non incluses).<\/li>\n<li>Haut-parleurs de qualit\u00e9 sup\u00e9rieure et microphone pour un son cristallin.<\/li>\n<\/ul>\n<h3>Avantages :<\/h3>\n<p>Pour les organisations de vol et les \u00e9quipes d'aviation exploitant des syst\u00e8mes d'h\u00e9licopt\u00e8res, le casque \u00e0 r\u00e9duction active du bruit Bluetooth PH-400AH couvre tous les \u00e9l\u00e9ments essentiels d'un casque d'h\u00e9licopt\u00e8re. Il va plus loin avec un meilleur son, un plus grand confort et une construction plus l\u00e9g\u00e8re, ce qui en fait un casque id\u00e9al pour les pilotes. Gr\u00e2ce \u00e0 la technologie Bluetooth pour les appels et la musique, les pilotes peuvent g\u00e9rer l'audio \u00e0 la vol\u00e9e et rester concentr\u00e9s sur la mission sans interrompre le flux de travail.<\/p>","protected":false},"excerpt":{"rendered":"<p>L'oreillette Bluetooth PH-400AHC- BT pour pilotes, une combinaison in\u00e9gal\u00e9e d'annulation active du bruit, de confort et de communication claire, est con\u00e7ue pour vous permettre de vous concentrer sur ce qui compte : le vol.<br \/>\nAvec une coque d'oreille en fibre de carbone pesant seulement 260 g, il s'agit de l'un des casques d'aviation les plus l\u00e9gers et les plus confortables que vous puissiez trouver.<br \/>\nOreillettes et coussinets de haute qualit\u00e9, super doux et confortables. Le coussinet d'oreille prot\u00e8ge non seulement du bruit, mais aussi de la compression de la t\u00eate. Le bandeau du casque peut \u00eatre librement ajust\u00e9, il convient \u00e0 toutes les tailles de t\u00eate et vous offre un confort tout au long de la journ\u00e9e. Il est \u00e9galement dot\u00e9 d'une prise U174\/U, ce qui le rend particuli\u00e8rement adapt\u00e9 aux syst\u00e8mes de communication des h\u00e9licopt\u00e8res.<\/p>","protected":false},"featured_media":4236,"template":"","meta":[],"product_brand":[],"product_cat":[208,315,321],"product_tag":[],"class_list":{"0":"post-4237","1":"product","2":"type-product","3":"status-publish","4":"has-post-thumbnail","6":"product_cat-aviation","7":"product_cat-helicopter","8":"product_cat-bluetooth-helicopter","10":"first","11":"instock","12":"shipping-taxable","13":"purchasable","14":"product-type-simple"},"_links":{"self":[{"href":"https:\/\/raytalkcomms.com\/fr\/wp-json\/wp\/v2\/product\/4237","targetHints":{"allow":["GET"]}}],"collection":[{"href":"https:\/\/raytalkcomms.com\/fr\/wp-json\/wp\/v2\/product"}],"about":[{"href":"https:\/\/raytalkcomms.com\/fr\/wp-json\/wp\/v2\/types\/product"}],"wp:featuredmedia":[{"embeddable":true,"href":"https:\/\/raytalkcomms.com\/fr\/wp-json\/wp\/v2\/media\/4236"}],"wp:attachment":[{"href":"https:\/\/raytalkcomms.com\/fr\/wp-json\/wp\/v2\/media?parent=4237"}],"wp:term":[{"taxonomy":"product_brand","embeddable":true,"href":"https:\/\/raytalkcomms.com\/fr\/wp-json\/wp\/v2\/product_brand?post=4237"},{"taxonomy":"product_cat","embeddable":true,"href":"https:\/\/raytalkcomms.com\/fr\/wp-json\/wp\/v2\/product_cat?post=4237"},{"taxonomy":"product_tag","embeddable":true,"href":"https:\/\/raytalkcomms.com\/fr\/wp-json\/wp\/v2\/product_tag?post=4237"}],"curies":[{"name":"wp","href":"https:\/\/api.w.org\/{rel}","templated":true}]}}