{"id":4235,"date":"2025-11-05T07:41:41","date_gmt":"2025-11-05T07:41:41","guid":{"rendered":"https:\/\/raytalkcomms.com\/?post_type=product&#038;p=4235"},"modified":"2026-03-02T08:03:40","modified_gmt":"2026-03-02T08:03:40","slug":"ph-400a-carbon-fiber-bluetooth-anr-pilot-headsets","status":"publish","type":"product","link":"https:\/\/raytalkcomms.com\/fr\/produit\/ph-400a-carbon-fiber-bluetooth-anr-pilot-headsets\/","title":{"rendered":"PH-400A Casque de pilote ANR Bluetooth en fibre de carbone"},"content":{"rendered":"<h3>Caract\u00e9ristiques :<\/h3>\n<ul>\n<li>Ultra-l\u00e9ger, il ne p\u00e8se que 255 grammes.<\/li>\n<li>R\u00e9duction active du bruit (NRR) : 29dB.<\/li>\n<li>Indice de r\u00e9duction du bruit passif (NRR) : 23dB.<\/li>\n<li>Bluetooth pour la musique et les appels t\u00e9l\u00e9phoniques.<\/li>\n<li>Entr\u00e9e audio auxiliaire de 3,5 mm. (c\u00e2ble inclus)<\/li>\n<li>Commutateur de priorit\u00e9 audio \u00e0 3 voies : A) Priorit\u00e9 \u00e0 l'intercom, B) Toutes les sources audio, C) Intercom uniquement.<\/li>\n<li>LED d'alimentation\/\u00e9tat de la batterie \u00e0 3 couleurs.<\/li>\n<li>LED d'\u00e9tat Bluetooth \u00e0 4 fonctions.<\/li>\n<li>Utilise 2 piles AA (piles non incluses).<\/li>\n<li>Oreillettes en fibre de carbone.<\/li>\n<li>Coussins en similicuir ultra confortables.<\/li>\n<li>Haut-parleurs de qualit\u00e9 sup\u00e9rieure et microphone pour un son cristallin.<\/li>\n<\/ul>\n<h3>Avantages :<\/h3>\n<p>Con\u00e7us pour les services de vol et les op\u00e9rateurs de formation, les casques de pilote PH-400A associent une puissante r\u00e9duction active du bruit \u00e0 une construction plus l\u00e9g\u00e8re pour r\u00e9duire la fatigue et permettre aux \u00e9quipages de rester concentr\u00e9s. Le syst\u00e8me ANR r\u00e9duit le bruit du cockpit pour prot\u00e9ger l'ou\u00efe et am\u00e9liorer la clart\u00e9 de la radio, tandis que les mat\u00e9riaux \u00e9pur\u00e9s r\u00e9duisent le poids total pour un confort tout au long de la journ\u00e9e. Le Bluetooth int\u00e9gr\u00e9 et le bo\u00eetier de commande en ligne facilitent la gestion des appels, des invites audio et de la musique sans interrompre le flux de travail.<\/p>","protected":false},"excerpt":{"rendered":"<p>Le PH-400AC-BT ne ressemble \u00e0 aucun autre casque de pilote que vous ayez jamais port\u00e9. Fabriqu\u00e9 en fibre de carbone, il ne p\u00e8se que 9 oz. Le bandeau r\u00e9glable en acier inoxydable vous permet de fl\u00e9chir et de r\u00e9gler la tension confortable. Ajustez votre casque de pilote sur mesure pour un confort global optimal.<br \/>\nLe module de commande Bluetooth comprend une entr\u00e9e audio auxiliaire avec commutation prioritaire, une commande de priorit\u00e9 audio personnalisable et un circuit d'alimentation flexible avec mise en marche automatique qui passe de l'alimentation par la batterie \u00e0 l'alimentation par l'avion. Inclut la connectivit\u00e9 Bluetooth pour prendre des appels ou \u00e9couter de la musique.<\/p>","protected":false},"featured_media":4234,"template":"","meta":[],"product_brand":[],"product_cat":[208,314,320],"product_tag":[],"class_list":{"0":"post-4235","1":"product","2":"type-product","3":"status-publish","4":"has-post-thumbnail","6":"product_cat-aviation","7":"product_cat-fixed-wing","8":"product_cat-bluetooth-fixed-wing","10":"first","11":"instock","12":"shipping-taxable","13":"purchasable","14":"product-type-simple"},"_links":{"self":[{"href":"https:\/\/raytalkcomms.com\/fr\/wp-json\/wp\/v2\/product\/4235","targetHints":{"allow":["GET"]}}],"collection":[{"href":"https:\/\/raytalkcomms.com\/fr\/wp-json\/wp\/v2\/product"}],"about":[{"href":"https:\/\/raytalkcomms.com\/fr\/wp-json\/wp\/v2\/types\/product"}],"wp:featuredmedia":[{"embeddable":true,"href":"https:\/\/raytalkcomms.com\/fr\/wp-json\/wp\/v2\/media\/4234"}],"wp:attachment":[{"href":"https:\/\/raytalkcomms.com\/fr\/wp-json\/wp\/v2\/media?parent=4235"}],"wp:term":[{"taxonomy":"product_brand","embeddable":true,"href":"https:\/\/raytalkcomms.com\/fr\/wp-json\/wp\/v2\/product_brand?post=4235"},{"taxonomy":"product_cat","embeddable":true,"href":"https:\/\/raytalkcomms.com\/fr\/wp-json\/wp\/v2\/product_cat?post=4235"},{"taxonomy":"product_tag","embeddable":true,"href":"https:\/\/raytalkcomms.com\/fr\/wp-json\/wp\/v2\/product_tag?post=4235"}],"curies":[{"name":"wp","href":"https:\/\/api.w.org\/{rel}","templated":true}]}}