{"id":4232,"date":"2025-11-05T07:38:24","date_gmt":"2025-11-05T07:38:24","guid":{"rendered":"https:\/\/raytalkcomms.com\/?post_type=product&#038;p=4232"},"modified":"2026-03-02T09:21:09","modified_gmt":"2026-03-02T09:21:09","slug":"ph-400ac-anr-carbon-fiber-general-aviation-headsets","status":"publish","type":"product","link":"https:\/\/raytalkcomms.com\/fr\/produit\/ph-400ac-anr-carbon-fiber-general-aviation-headsets\/","title":{"rendered":"Casque d'aviation g\u00e9n\u00e9rale PH-400AC ANR en fibre de carbone"},"content":{"rendered":"<h3>Caract\u00e9ristiques :<\/h3>\n<ul>\n<li>Double prise pour GA.<\/li>\n<li>R\u00e9duction active du bruit (NRR) : 29dB.<\/li>\n<li>Indice de r\u00e9duction du bruit passif (NRR) : 23dB.<\/li>\n<li>Petite bo\u00eete \u00e0 piles alcalines AA avec clip ceinture. (Pile non incluse)<\/li>\n<li>Coussins en similicuir ultra confortables.<\/li>\n<li>Standard avec commutateur S\/M, avec deux boutons de r\u00e9glage du volume sur les oreillettes<\/li>\n<li>Microphone \u00e9lectret antibruit, microphone dynamique en option.<\/li>\n<li>Excellentes performances du haut-parleur audio avec un son clair.<\/li>\n<li>Bouton de r\u00e9glage du volume \u00e0 profil bas.<\/li>\n<li>Bandeau en acier \u00e0 ressort enti\u00e8rement r\u00e9glable.<\/li>\n<li>Prise pour \u00e9couteurs : PJ-055(.25\u2033F6.3 plug).<\/li>\n<li>Prise de microphone : PJ-068(.206\u2033F5.2 plug).<\/li>\n<li>Cordon droit entre le casque et la prise moul\u00e9e, 150CM.<\/li>\n<\/ul>\n<h3>Avantages :<\/h3>\n<p>Lorsque les acheteurs et les \u00e9quipages de l'aviation recherchent quelque chose de plus l\u00e9ger et de plus haut de gamme, le casque ANR en fibre de carbone PH-400AC est difficile \u00e0 battre. Choisissez ce casque de cockpit et vous obtiendrez des coussins en similicuir ultra-confortables qui sont doux comme un nuage, que ce soit lors de courtes escales ou de longues missions. L'excellente qualit\u00e9 audio permet de maintenir des conversations fluides et d'acc\u00e9l\u00e9rer la coordination. Nous proposons \u00e9galement un marquage personnalis\u00e9 sur les oreillettes afin que votre compagnie a\u00e9rienne ou votre \u00e9quipe op\u00e9rationnelle puisse rester fid\u00e8le \u00e0 la marque.<\/p>","protected":false},"excerpt":{"rendered":"<p>PH-400AC (Carbon Fiber edition) general aviation headsets are a limited series of aviation headsets. Most of the structural elements, including shells and their handles, are made of carbon fiber. The use of this material, apart from the unique aesthetics, has reduced the weight of the headphones. (only 9 ounces). Pilot, first of all, he would feel comfortable, especially after long hours of flight. PH-400AC general aviation headsets are equipped with standard Faux Leather earpads, but other types of earpads are also available.<\/p>","protected":false},"featured_media":4233,"template":"","meta":[],"product_brand":[],"product_cat":[208,314,244],"product_tag":[],"class_list":{"0":"post-4232","1":"product","2":"type-product","3":"status-publish","4":"has-post-thumbnail","6":"product_cat-aviation","7":"product_cat-fixed-wing","8":"product_cat-active-noise-cancelling","10":"first","11":"instock","12":"shipping-taxable","13":"purchasable","14":"product-type-simple"},"_links":{"self":[{"href":"https:\/\/raytalkcomms.com\/fr\/wp-json\/wp\/v2\/product\/4232","targetHints":{"allow":["GET"]}}],"collection":[{"href":"https:\/\/raytalkcomms.com\/fr\/wp-json\/wp\/v2\/product"}],"about":[{"href":"https:\/\/raytalkcomms.com\/fr\/wp-json\/wp\/v2\/types\/product"}],"wp:featuredmedia":[{"embeddable":true,"href":"https:\/\/raytalkcomms.com\/fr\/wp-json\/wp\/v2\/media\/4233"}],"wp:attachment":[{"href":"https:\/\/raytalkcomms.com\/fr\/wp-json\/wp\/v2\/media?parent=4232"}],"wp:term":[{"taxonomy":"product_brand","embeddable":true,"href":"https:\/\/raytalkcomms.com\/fr\/wp-json\/wp\/v2\/product_brand?post=4232"},{"taxonomy":"product_cat","embeddable":true,"href":"https:\/\/raytalkcomms.com\/fr\/wp-json\/wp\/v2\/product_cat?post=4232"},{"taxonomy":"product_tag","embeddable":true,"href":"https:\/\/raytalkcomms.com\/fr\/wp-json\/wp\/v2\/product_tag?post=4232"}],"curies":[{"name":"wp","href":"https:\/\/api.w.org\/{rel}","templated":true}]}}