{"id":4224,"date":"2025-11-05T07:08:55","date_gmt":"2025-11-05T07:08:55","guid":{"rendered":"https:\/\/raytalkcomms.com\/?post_type=product&#038;p=4224"},"modified":"2026-03-13T09:39:31","modified_gmt":"2026-03-13T09:39:31","slug":"ph-100h-anr-pilot-headset-with-u174-plug","status":"publish","type":"product","link":"https:\/\/raytalkcomms.com\/fr\/produit\/ph-100h-anr-pilot-headset-with-u174-plug\/","title":{"rendered":"PH-100H Casque de pilote ANR avec prise U174"},"content":{"rendered":"<h3>Caract\u00e9ristiques :<\/h3>\n<ul>\n<li>ANR Casque \u00e0 r\u00e9duction active du bruit avec microphone \u00e9lectret.<\/li>\n<li>R\u00e9duction active du bruit (NRR) : 29dB.<\/li>\n<li>Indice de r\u00e9duction du bruit passif (NRR) : 23dB.<\/li>\n<li>Petite bo\u00eete \u00e0 piles alcalines AA avec clip ceinture (piles non incluses).<\/li>\n<li>Perche solide et flexible pour un positionnement parfait du microphone.<\/li>\n<li>Bouton de r\u00e9glage du volume \u00e0 profil bas.<\/li>\n<li>Bandeau en acier \u00e0 ressort enti\u00e8rement r\u00e9glable.<\/li>\n<li>Une prise audio de 3,5 mm est disponible en option pour la musique.<\/li>\n<\/ul>\n<h3>Personnalisation en option :<\/h3>\n<ul>\n<li>Disponible en noir, bleu, jaune, vert, gris, rose et rouge.<\/li>\n<\/ul>\n<h3>Avantages :<\/h3>\n<p>Dans le cockpit, le bruit de fond est plus qu'une distraction, c'est un risque. Le casque d'aviation PH-100H ANR est con\u00e7u pour les op\u00e9rateurs d'h\u00e9licopt\u00e8res et les pilotes professionnels qui exigent une clart\u00e9 de communication absolue.<br \/>\nHelicopter pilots face extreme sound levels and depend on clear, reliable communication for every mission.<br \/>\nThe PH-100H Active Noise Reduction aviation headset delivers superior audio performance, durability, and comfort to meet those high expectations. Whether you\u2019re managing a helicopter fleet or flying missions every day, the RayTalk PH-100H pilot headset helps you stay connected with confidence, comfort, and clarity.<\/p>","protected":false},"excerpt":{"rendered":"<p>PH-100H Active Noise Reduction (ANR) pilot headset is designed for Helicopter pilots who take flying seriously. Using advanced ANR technology, the headset reduces cockpit noise by up to 20 dB and provides 27 dB NRR, helping pilots enjoy clearer communication and a quieter cockpit. So you can fly longer, more comfortably, in a quieter environment.<br \/>\nBattery Box With S\/M Switch. The pilot headset will shut off automatically when the headset is unplugged from the battery box or is manually turned off using the toggle switch on the battery box. The headset will also automatically turn off when the radio or avionics master switch is turned off.<\/p>","protected":false},"featured_media":4230,"template":"","meta":[],"product_brand":[],"product_cat":[208,315,318],"product_tag":[],"class_list":{"0":"post-4224","1":"product","2":"type-product","3":"status-publish","4":"has-post-thumbnail","6":"product_cat-aviation","7":"product_cat-helicopter","8":"product_cat-active-noise-cancelling-helicopter","10":"first","11":"instock","12":"shipping-taxable","13":"purchasable","14":"product-type-simple"},"_links":{"self":[{"href":"https:\/\/raytalkcomms.com\/fr\/wp-json\/wp\/v2\/product\/4224","targetHints":{"allow":["GET"]}}],"collection":[{"href":"https:\/\/raytalkcomms.com\/fr\/wp-json\/wp\/v2\/product"}],"about":[{"href":"https:\/\/raytalkcomms.com\/fr\/wp-json\/wp\/v2\/types\/product"}],"wp:featuredmedia":[{"embeddable":true,"href":"https:\/\/raytalkcomms.com\/fr\/wp-json\/wp\/v2\/media\/4230"}],"wp:attachment":[{"href":"https:\/\/raytalkcomms.com\/fr\/wp-json\/wp\/v2\/media?parent=4224"}],"wp:term":[{"taxonomy":"product_brand","embeddable":true,"href":"https:\/\/raytalkcomms.com\/fr\/wp-json\/wp\/v2\/product_brand?post=4224"},{"taxonomy":"product_cat","embeddable":true,"href":"https:\/\/raytalkcomms.com\/fr\/wp-json\/wp\/v2\/product_cat?post=4224"},{"taxonomy":"product_tag","embeddable":true,"href":"https:\/\/raytalkcomms.com\/fr\/wp-json\/wp\/v2\/product_tag?post=4224"}],"curies":[{"name":"wp","href":"https:\/\/api.w.org\/{rel}","templated":true}]}}