{"id":4222,"date":"2025-11-05T03:32:02","date_gmt":"2025-11-05T03:32:02","guid":{"rendered":"https:\/\/raytalkcomms.com\/?post_type=product&#038;p=4222"},"modified":"2026-03-13T09:36:13","modified_gmt":"2026-03-13T09:36:13","slug":"ph-100a-plane-headset-with-anr-and-bluetooth","status":"publish","type":"product","link":"https:\/\/raytalkcomms.com\/fr\/produit\/ph-100a-plane-headset-with-anr-and-bluetooth\/","title":{"rendered":"PH-100A Casque d'avion avec ANR et Bluetooth"},"content":{"rendered":"<h3>Caract\u00e9ristiques :<\/h3>\n<ul>\n<li>R\u00e9duction active du bruit (NRR) : 29dB.<\/li>\n<li>Indice de r\u00e9duction du bruit passif (NRR) : 23dB.<\/li>\n<li>Coque d'oreille en plastique avec fonction Bluetooth pour la musique et les appels t\u00e9l\u00e9phoniques.<\/li>\n<li>Entr\u00e9e audio auxiliaire de 3,5 mm (c\u00e2ble inclus).<\/li>\n<li>Commutateur de priorit\u00e9 audio \u00e0 3 voies : A) Priorit\u00e9 \u00e0 l'interphone, B) Toutes les sources audio, C) Interphone uniquement.<\/li>\n<li>LED d'alimentation\/\u00e9tat de la batterie \u00e0 3 couleurs.<\/li>\n<li>LED d'\u00e9tat Bluetooth \u00e0 4 fonctions.<\/li>\n<li>Utilisation de 2 piles alcalines AA. (Piles non incluses)<\/li>\n<li>Haut-parleurs de qualit\u00e9 sup\u00e9rieure et microphone pour un son cristallin.<\/li>\n<\/ul>\n<h3>Personnalisation en option :<\/h3>\n<ul>\n<li>Disponible en microphone dynamique ou \u00e0 \u00e9lectret pour r\u00e9pondre aux diff\u00e9rents besoins de communication.<\/li>\n<\/ul>\n<h3>Avantages :<\/h3>\n<p>The PH-100A-BT plane headset is the result of years of innovation and continuous refinement by the RayTalk R&amp;D team. Designed for professional pilots, this advanced Bluetooth aviation headset combines cutting-edge noise-canceling technology with superior comfort for long-haul flights. Featuring a Bluetooth Control Module, it allows you to seamlessly connect your devices for high-quality music streaming or hands-free calls \u2014 all while maintaining crystal-clear in-flight communication through its noise-canceling electret microphone. The ultra-soft ear seals are engineered to deliver exceptional comfort and effective noise protection, even during extended flight hours. Whether you\u2019re in the cockpit or on the ground, the PH-100-BT ensures reliable performance, premium sound, and all-day comfort.<\/p>","protected":false},"excerpt":{"rendered":"<p>PH-100A-BT Bluetooth plane headset is the result of the RayTalk R&amp;D team&#8217;s years of hard work and continuous improvements.<br \/>\nConfigure the Bluetooth Control Module, then upgrade the Bluetooth plane headset, and you can enjoy great sound quality music or make a phone call via Bluetooth. Noise-canceling electret microphone- crystal clear communication, more Comfortable. The top comfortable ear seals are engineered to comfortably protect your ears on long-distance flights.<\/p>","protected":false},"featured_media":4223,"template":"","meta":[],"product_brand":[],"product_cat":[208,314,320],"product_tag":[],"class_list":{"0":"post-4222","1":"product","2":"type-product","3":"status-publish","4":"has-post-thumbnail","6":"product_cat-aviation","7":"product_cat-fixed-wing","8":"product_cat-bluetooth-fixed-wing","10":"first","11":"instock","12":"shipping-taxable","13":"purchasable","14":"product-type-simple"},"_links":{"self":[{"href":"https:\/\/raytalkcomms.com\/fr\/wp-json\/wp\/v2\/product\/4222","targetHints":{"allow":["GET"]}}],"collection":[{"href":"https:\/\/raytalkcomms.com\/fr\/wp-json\/wp\/v2\/product"}],"about":[{"href":"https:\/\/raytalkcomms.com\/fr\/wp-json\/wp\/v2\/types\/product"}],"wp:featuredmedia":[{"embeddable":true,"href":"https:\/\/raytalkcomms.com\/fr\/wp-json\/wp\/v2\/media\/4223"}],"wp:attachment":[{"href":"https:\/\/raytalkcomms.com\/fr\/wp-json\/wp\/v2\/media?parent=4222"}],"wp:term":[{"taxonomy":"product_brand","embeddable":true,"href":"https:\/\/raytalkcomms.com\/fr\/wp-json\/wp\/v2\/product_brand?post=4222"},{"taxonomy":"product_cat","embeddable":true,"href":"https:\/\/raytalkcomms.com\/fr\/wp-json\/wp\/v2\/product_cat?post=4222"},{"taxonomy":"product_tag","embeddable":true,"href":"https:\/\/raytalkcomms.com\/fr\/wp-json\/wp\/v2\/product_tag?post=4222"}],"curies":[{"name":"wp","href":"https:\/\/api.w.org\/{rel}","templated":true}]}}