{"id":4204,"date":"2025-10-30T08:16:03","date_gmt":"2025-10-30T08:16:03","guid":{"rendered":"https:\/\/raytalkcomms.com\/?post_type=product&#038;p=4204"},"modified":"2026-01-14T06:28:10","modified_gmt":"2026-01-14T06:28:10","slug":"rsm-800-shoulder-mic-with-usb-c-connector","status":"publish","type":"product","link":"https:\/\/raytalkcomms.com\/fr\/produit\/rsm-800-shoulder-mic-with-usb-c-connector\/","title":{"rendered":"Microphone d'\u00e9paule RSM-800 avec connecteur USB-C"},"content":{"rendered":"<p>Lorsque les talkies-walkies ont rencontr\u00e9 la 4G et la 5G, la communication est entr\u00e9e dans une nouvelle \u00e8re - une \u00e8re o\u00f9 les syst\u00e8mes radio PoC connectent les \u00e9quipes \u00e0 travers les appareils, les r\u00e9seaux et les sites dans le monde entier. Pour accompagner cette \u00e9volution, nous proposons une gamme compl\u00e8te d'accessoires radio PoC con\u00e7us pour un usage professionnel.<\/p>\n<p>Microphone d'\u00e9paule pour talkie-walkie durable et performant, le RSM-800 offre un son fort et clair et dispose de commandes de volume intuitives pour un r\u00e9glage instantan\u00e9. Un bouton PTT mont\u00e9 sur le c\u00f4t\u00e9 offre un acc\u00e8s rapide et fiable aux appels radio, permettant aux officiers de police, aux \u00e9quipes de s\u00e9curit\u00e9 et au personnel de terrain de communiquer sans perdre une seconde. Pour les \u00e9quipes qui utilisent des talkies-walkies avec micro d'\u00e9paule, le RSM-800 garantit un fonctionnement fiable dans les environnements critiques.<\/p>\n<h3>Caract\u00e9ristiques :<\/h3>\n<ul>\n<li>Accessoire audio Push-to-Talk over Cellular avec connecteur USB-C<\/li>\n<li>Poign\u00e9e ergonomique pour les longues p\u00e9riodes de travail<\/li>\n<li>Protection \u00e9tanche IP-67<\/li>\n<li>Haut-parleur frontal<\/li>\n<li>PTT (Push-to-Talk) mont\u00e9 sur le c\u00f4t\u00e9<\/li>\n<li>Boutons d'augmentation et de diminution du volume<\/li>\n<li>Bo\u00eetier en polycarbonate \u00e0 usage moyen<\/li>\n<li>Prise audio de 3,5 mm avec couvercle de protection<\/li>\n<li>C\u00e2ble spiral\u00e9 robuste en Kevlar<\/li>\n<\/ul>\n<h3>Personnalisation en option :<\/h3>\n<ul>\n<li>Bouton d'urgence personnalisable<\/li>\n<\/ul>\n<h3>Avantages :<\/h3>\n<p>En choisissant notre micro d'\u00e9paule RSM-800 avec connecteur USB-C, vous garantissez des performances de communication fiables pour les \u00e9quipes de terrain utilisant des syst\u00e8mes radio PoC modernes. Ce talkie-walkie professionnel avec configuration de micro d'\u00e9paule garantit des op\u00e9rations mains libres rapides, un son fort et clair et un service durable dans des environnements exigeants. RayTalk prend en charge OEM\/ODM et offre une solution compl\u00e8te d'accessoires radio PoC, aidant les entreprises \u00e0 d\u00e9ployer des r\u00e9seaux de communication intelligents et \u00e9volutifs en toute confiance.<\/p>\n<h3>Choisir l'\u00e9couteur POC id\u00e9al est tr\u00e8s simple !<\/h3>\n<p>Veuillez nous fournir les informations suivantes, notre \u00e9quipe professionnelle vous proposera une solution dans les 24 heures.<br \/>\nDites-nous ce qu'il en est :<\/p>\n<ol>\n<li>La marque et le mod\u00e8le de votre appareil (par exemple Samsung XCover Pro, Sonim XP10, Hytera PNC560, Caltta E700, Rugged phone, etc.)<\/li>\n<li>L'application\/plateforme POC que vous utilisez (par exemple Zello, Teams, Eschat, Wave PTT, Real PTT, Tassta, AerieTalk, Hytera HyTalk, PeakPTT, etc.)<\/li>\n<\/ol>\n<p><img fetchpriority=\"high\" decoding=\"async\" class=\"aligncenter wp-image-6129 size-full\" src=\"https:\/\/raytalkcomms.com\/wp-content\/uploads\/2025\/12\/\u84dd\u7259logo_\u753b\u677f-1_\u753b\u677f-1.jpg\" alt=\"Push-to-Talk over Cellular devices brands and PoC applications\" width=\"1920\" height=\"1080\" srcset=\"https:\/\/raytalkcomms.com\/wp-content\/uploads\/2025\/12\/\u84dd\u7259logo_\u753b\u677f-1_\u753b\u677f-1.jpg 1920w, https:\/\/raytalkcomms.com\/wp-content\/uploads\/2025\/12\/\u84dd\u7259logo_\u753b\u677f-1_\u753b\u677f-1-300x169.jpg 300w, https:\/\/raytalkcomms.com\/wp-content\/uploads\/2025\/12\/\u84dd\u7259logo_\u753b\u677f-1_\u753b\u677f-1-1024x576.jpg 1024w, https:\/\/raytalkcomms.com\/wp-content\/uploads\/2025\/12\/\u84dd\u7259logo_\u753b\u677f-1_\u753b\u677f-1-768x432.jpg 768w, https:\/\/raytalkcomms.com\/wp-content\/uploads\/2025\/12\/\u84dd\u7259logo_\u753b\u677f-1_\u753b\u677f-1-1536x864.jpg 1536w, https:\/\/raytalkcomms.com\/wp-content\/uploads\/2025\/12\/\u84dd\u7259logo_\u753b\u677f-1_\u753b\u677f-1-1000x563.jpg 1000w\" sizes=\"(max-width: 1920px) 100vw, 1920px\" \/><\/p>","protected":false},"excerpt":{"rendered":"<p>Le micro d'\u00e9paule RSM-800 avec connecteur USB-C est une solution \u00e0 distance \u00e0 usage moyen con\u00e7ue pour les communications radio PoC. Con\u00e7u pour une utilisation fiable sur le terrain, ce micro d'\u00e9paule offre un son cristallin, une prise en main ergonomique pour les longues p\u00e9riodes de travail et une protection \u00e9tanche IP67. Il est enti\u00e8rement compatible avec les principales plateformes de PoC, notamment Zello, Eschat, Tassta, Kodiak et Airbus Agnet Work. Il est id\u00e9al pour les \u00e9quipes professionnelles qui utilisent des syst\u00e8mes de talkie-walkie dans des environnements exigeants.<\/p>\n<p>Le micro d'\u00e9paule pour talkie-walkie RSM-800 avec connecteur USB-C s'associe de mani\u00e8re transparente avec les radios PoC et les smartphones. C'est une solution id\u00e9ale, que vous utilisiez actuellement Motorola Solutions, Sonim, Hytera, Inrico, Icom, Telox, ou que vous pr\u00e9voyiez de d\u00e9ployer d'autres plateformes de premier plan.<\/p>","protected":false},"featured_media":6815,"template":"","meta":[],"product_brand":[],"product_cat":[213,251],"product_tag":[],"class_list":{"0":"post-4204","1":"product","2":"type-product","3":"status-publish","4":"has-post-thumbnail","6":"product_cat-poc","7":"product_cat-speaker-microphone-poc","9":"first","10":"instock","11":"shipping-taxable","12":"purchasable","13":"product-type-simple"},"_links":{"self":[{"href":"https:\/\/raytalkcomms.com\/fr\/wp-json\/wp\/v2\/product\/4204","targetHints":{"allow":["GET"]}}],"collection":[{"href":"https:\/\/raytalkcomms.com\/fr\/wp-json\/wp\/v2\/product"}],"about":[{"href":"https:\/\/raytalkcomms.com\/fr\/wp-json\/wp\/v2\/types\/product"}],"wp:featuredmedia":[{"embeddable":true,"href":"https:\/\/raytalkcomms.com\/fr\/wp-json\/wp\/v2\/media\/6815"}],"wp:attachment":[{"href":"https:\/\/raytalkcomms.com\/fr\/wp-json\/wp\/v2\/media?parent=4204"}],"wp:term":[{"taxonomy":"product_brand","embeddable":true,"href":"https:\/\/raytalkcomms.com\/fr\/wp-json\/wp\/v2\/product_brand?post=4204"},{"taxonomy":"product_cat","embeddable":true,"href":"https:\/\/raytalkcomms.com\/fr\/wp-json\/wp\/v2\/product_cat?post=4204"},{"taxonomy":"product_tag","embeddable":true,"href":"https:\/\/raytalkcomms.com\/fr\/wp-json\/wp\/v2\/product_tag?post=4204"}],"curies":[{"name":"wp","href":"https:\/\/api.w.org\/{rel}","templated":true}]}}