{"id":4176,"date":"2025-10-27T10:57:47","date_gmt":"2025-10-27T10:57:47","guid":{"rendered":"https:\/\/raytalkcomms.com\/?post_type=product&#038;p=4176"},"modified":"2025-12-30T07:01:43","modified_gmt":"2025-12-30T07:01:43","slug":"re-20-digital-military-headset-with-voice-pickup-noise-reduction","status":"publish","type":"product","link":"https:\/\/raytalkcomms.com\/fr\/produit\/re-20-digital-military-headset-with-voice-pickup-noise-reduction\/","title":{"rendered":"Casque d'\u00e9coute militaire num\u00e9rique RE-20 avec r\u00e9duction du bruit de la voix"},"content":{"rendered":"<p>Le RE-20 est un casque de communication \u00e0 haut niveau de bruit avec micro qui int\u00e8gre la r\u00e9duction passive du bruit physique et la captation du son. Il permet non seulement d'isoler efficacement les bruits ext\u00e9rieurs, mais aussi de capter et d'amplifier intelligemment les sons environnants, am\u00e9liorant ainsi l'exp\u00e9rience auditive tout en prot\u00e9geant la sant\u00e9 auditive des travailleurs. Le casque RE-20 est con\u00e7u pour la collaboration en \u00e9quipe, avec un bandeau r\u00e9glable, des coussinets confortables et un microphone flexible pour une communication claire.<\/p>\n<h3>Caract\u00e9ristiques :<\/h3>\n<ul>\n<li>Type derri\u00e8re la t\u00eate<\/li>\n<li>Bandeau r\u00e9glable<\/li>\n<li>Prise de voix cristalline<\/li>\n<li>Conscience de la situation<\/li>\n<li>Coussinets en gel<\/li>\n<li>Bouton de conversation<\/li>\n<li>Prise Mini XLR prot\u00e9g\u00e9e \u00e0 5 broches<\/li>\n<li>Bouton de r\u00e9glage du volume<\/li>\n<\/ul>\n<h3>Avantages :<\/h3>\n<p>Le RE-20 est con\u00e7u pour le tir et la chasse, associant une technologie de captation avanc\u00e9e \u00e0 une r\u00e9duction fiable du bruit. Ce casque de tir offre une communication claire tout en fournissant la meilleure protection auditive pour la chasse dans des environnements extr\u00eamement bruyants.<\/p>","protected":false},"excerpt":{"rendered":"<p>Le casque militaire num\u00e9rique RE-20 offre un son clair et une captation fiable lors de communications bruyantes. Avec une activation par simple pression, un volume r\u00e9glable et une alimentation longue dur\u00e9e via une batterie Type-C rechargeable, il garantit la meilleure protection auditive pour la chasse avec une dur\u00e9e de vie prolong\u00e9e. Le casque militaire RE-20 assure une communication efficace et une s\u00e9curit\u00e9 auditive dans des conditions difficiles.<\/p>","protected":false},"featured_media":4175,"template":"","meta":[],"product_brand":[],"product_cat":[210,252],"product_tag":[],"class_list":{"0":"post-4176","1":"product","2":"type-product","3":"status-publish","4":"has-post-thumbnail","6":"product_cat-military-tactical","7":"product_cat-headset","9":"first","10":"instock","11":"shipping-taxable","12":"purchasable","13":"product-type-simple"},"_links":{"self":[{"href":"https:\/\/raytalkcomms.com\/fr\/wp-json\/wp\/v2\/product\/4176","targetHints":{"allow":["GET"]}}],"collection":[{"href":"https:\/\/raytalkcomms.com\/fr\/wp-json\/wp\/v2\/product"}],"about":[{"href":"https:\/\/raytalkcomms.com\/fr\/wp-json\/wp\/v2\/types\/product"}],"wp:featuredmedia":[{"embeddable":true,"href":"https:\/\/raytalkcomms.com\/fr\/wp-json\/wp\/v2\/media\/4175"}],"wp:attachment":[{"href":"https:\/\/raytalkcomms.com\/fr\/wp-json\/wp\/v2\/media?parent=4176"}],"wp:term":[{"taxonomy":"product_brand","embeddable":true,"href":"https:\/\/raytalkcomms.com\/fr\/wp-json\/wp\/v2\/product_brand?post=4176"},{"taxonomy":"product_cat","embeddable":true,"href":"https:\/\/raytalkcomms.com\/fr\/wp-json\/wp\/v2\/product_cat?post=4176"},{"taxonomy":"product_tag","embeddable":true,"href":"https:\/\/raytalkcomms.com\/fr\/wp-json\/wp\/v2\/product_tag?post=4176"}],"curies":[{"name":"wp","href":"https:\/\/api.w.org\/{rel}","templated":true}]}}