{"id":4171,"date":"2025-10-27T10:18:25","date_gmt":"2025-10-27T10:18:25","guid":{"rendered":"https:\/\/raytalkcomms.com\/?post_type=product&#038;p=4171"},"modified":"2025-12-04T08:58:40","modified_gmt":"2025-12-04T08:58:40","slug":"ran-3500q-communication-headsets-with-magnetic-ear-pads","status":"publish","type":"product","link":"https:\/\/raytalkcomms.com\/fr\/produit\/ran-3500q-communication-headsets-with-magnetic-ear-pads\/","title":{"rendered":"Casques de communication RAN-3500Q avec oreillettes magn\u00e9tiques"},"content":{"rendered":"<p>Le RAN-3500Q est un casque radio bidirectionnel robuste con\u00e7u pour les industries exigeantes. La caract\u00e9ristique principale des casques de communication robustes RAN-3500Q est leur coussinets magn\u00e9tiques, qui permettent un remplacement rapide et sans effort. En fonction de l'environnement et du sc\u00e9nario d'utilisation, les organisations et les \u00e9quipes peuvent choisir parmi trois options de surface : finition brillante, fibre de carbone imprim\u00e9e et surface mate. Gr\u00e2ce \u00e0 des am\u00e9liorations avanc\u00e9es en mati\u00e8re de confort et \u00e0 une forte protection contre le bruit, ce casque aide les \u00e9quipes \u00e0 maintenir une communication claire et \u00e0 assurer leur s\u00e9curit\u00e9 pendant les longues p\u00e9riodes de travail dans les secteurs de l'exploitation mini\u00e8re, du transport et de la construction.<\/p>\n<h3>Caract\u00e9ristiques :<\/h3>\n<ul>\n<li>Coussin de t\u00eate am\u00e9lior\u00e9<\/li>\n<li>Microphone de haute qualit\u00e9<\/li>\n<li>Coussinets magn\u00e9tiques<\/li>\n<li>Bouton rouge de conversation<\/li>\n<li>Finition brillante<\/li>\n<li>Prise audio XLR \u00e0 5 broches<\/li>\n<\/ul>\n<h3>Personnalisation en option :<\/h3>\n<ul>\n<li>Disponible en finition brillante, surface mate et oreillettes en fibre de carbone imprim\u00e9e<\/li>\n<\/ul>\n<h3>Avantages :<\/h3>\n<p>Le RAN-3500Q est dot\u00e9 d'un coussinet de t\u00eate am\u00e9lior\u00e9 pour un meilleur confort et d'un bandeau r\u00e9glable pour s'adapter \u00e0 la plupart des utilisateurs. En tant que casque radio bidirectionnel, ses coupelles scell\u00e9es et ses coussinets offrent une protection totale des oreilles. Pour les acheteurs qui recherchent le meilleur casque durable, le RAN-3500Q de RayTalk est la solution incontournable.<\/p>","protected":false},"excerpt":{"rendered":"<p>Les casques de communication pour service intensif RAN-3500Q sont des casques de confiance pour conducteurs de poids lourds, con\u00e7us pour le travail post\u00e9. Avec des oreillettes magn\u00e9tiques pour un remplacement rapide et hygi\u00e9nique et un micro \u00e9lectret unidirectionnel, les travailleurs b\u00e9n\u00e9ficient d'une communication claire et mains libres, m\u00eame dans les environnements bruyants et exigeants. En option, les oreillettes en fibre de carbone brillante, mate ou imprim\u00e9e permettent de personnaliser les casques pour les mines et les entreprises.<\/p>","protected":false},"featured_media":4172,"template":"","meta":[],"product_brand":[],"product_cat":[209,268,214,217],"product_tag":[],"class_list":{"0":"post-4171","1":"product","2":"type-product","3":"status-publish","4":"has-post-thumbnail","6":"product_cat-racing","7":"product_cat-headset-racing","8":"product_cat-two-way-radio-accessories","9":"product_cat-heavy-duty-headset","11":"first","12":"instock","13":"shipping-taxable","14":"purchasable","15":"product-type-simple"},"_links":{"self":[{"href":"https:\/\/raytalkcomms.com\/fr\/wp-json\/wp\/v2\/product\/4171","targetHints":{"allow":["GET"]}}],"collection":[{"href":"https:\/\/raytalkcomms.com\/fr\/wp-json\/wp\/v2\/product"}],"about":[{"href":"https:\/\/raytalkcomms.com\/fr\/wp-json\/wp\/v2\/types\/product"}],"wp:featuredmedia":[{"embeddable":true,"href":"https:\/\/raytalkcomms.com\/fr\/wp-json\/wp\/v2\/media\/4172"}],"wp:attachment":[{"href":"https:\/\/raytalkcomms.com\/fr\/wp-json\/wp\/v2\/media?parent=4171"}],"wp:term":[{"taxonomy":"product_brand","embeddable":true,"href":"https:\/\/raytalkcomms.com\/fr\/wp-json\/wp\/v2\/product_brand?post=4171"},{"taxonomy":"product_cat","embeddable":true,"href":"https:\/\/raytalkcomms.com\/fr\/wp-json\/wp\/v2\/product_cat?post=4171"},{"taxonomy":"product_tag","embeddable":true,"href":"https:\/\/raytalkcomms.com\/fr\/wp-json\/wp\/v2\/product_tag?post=4171"}],"curies":[{"name":"wp","href":"https:\/\/api.w.org\/{rel}","templated":true}]}}