{"id":4170,"date":"2025-10-27T09:49:14","date_gmt":"2025-10-27T09:49:14","guid":{"rendered":"https:\/\/raytalkcomms.com\/?post_type=product&#038;p=4170"},"modified":"2025-12-04T08:58:05","modified_gmt":"2025-12-04T08:58:05","slug":"ran-3100q-heavy-duty-helmet-headphones","status":"publish","type":"product","link":"https:\/\/raytalkcomms.com\/fr\/produit\/ran-3100q-heavy-duty-helmet-headphones\/","title":{"rendered":"RAN-3100Q Casque d'\u00e9coute pour casque \u00e0 usage intensif"},"content":{"rendered":"<p>Le casque industriel \u00e0 r\u00e9duction de bruit RAN-3100Q est con\u00e7u pour les sites de travail difficiles, alliant confort et clart\u00e9 des communications. Son micro extra-long capte des signaux audio plus complets pour une communication optimale. Dot\u00e9 d'une prise mini XLR, compatible avec les c\u00e2bles XLR QD ou QDC avec PTT (vendus s\u00e9par\u00e9ment), ce casque radio bidirectionnel est polyvalent et fiable.<\/p>\n<h3>Caract\u00e9ristiques :<\/h3>\n<ul>\n<li>Double casque antibruit<\/li>\n<li>Microphone de haute qualit\u00e9<\/li>\n<li>Coussinets en gel<\/li>\n<li>Bouton rouge de conversation<\/li>\n<li>Clip universel<\/li>\n<li>Port d'entr\u00e9e audio XLR \u00e0 5 broches<\/li>\n<\/ul>\n<h3>Personnalisation en option :<\/h3>\n<ul>\n<li>Couleurs disponibles (bleu, jaune et vert)<\/li>\n<\/ul>\n<h3>Avantages :<\/h3>\n<p>Le casque RAN-3100Q est la solution ultime pour les professionnels qui ont besoin d'une protection de la t\u00eate et des oreilles sur site. En tant que casque radio bidirectionnel, il am\u00e9liore la communication au sein de l'\u00e9quipe et la prise de conscience des signaux d'avertissement gr\u00e2ce \u00e0 une protection certifi\u00e9e non-stop. Les clips universels s'adaptent \u00e0 la plupart des casques de s\u00e9curit\u00e9 pour un port tout au long de la journ\u00e9e dans n'importe quel environnement. Les couleurs optionnelles offrent une meilleure visibilit\u00e9.<\/p>","protected":false},"excerpt":{"rendered":"<p>Le casque RAN-3100Q fournit un son clair et fiable dans les environnements bruyants de l'industrie, de la construction, de l'exploitation mini\u00e8re et de la fabrication. Con\u00e7us pour \u00eatre parmi les meilleurs casques durables, ils sont dot\u00e9s de fentes s\u00fbres qui se montent facilement sur la plupart des casques de s\u00e9curit\u00e9 au travail, assurant une communication stable et mains libres pour les professionnels dans des conditions exigeantes.<\/p>","protected":false},"featured_media":4167,"template":"","meta":[],"product_brand":[],"product_cat":[214,217],"product_tag":[],"class_list":{"0":"post-4170","1":"product","2":"type-product","3":"status-publish","4":"has-post-thumbnail","6":"product_cat-two-way-radio-accessories","7":"product_cat-heavy-duty-headset","9":"first","10":"instock","11":"shipping-taxable","12":"purchasable","13":"product-type-simple"},"_links":{"self":[{"href":"https:\/\/raytalkcomms.com\/fr\/wp-json\/wp\/v2\/product\/4170","targetHints":{"allow":["GET"]}}],"collection":[{"href":"https:\/\/raytalkcomms.com\/fr\/wp-json\/wp\/v2\/product"}],"about":[{"href":"https:\/\/raytalkcomms.com\/fr\/wp-json\/wp\/v2\/types\/product"}],"wp:featuredmedia":[{"embeddable":true,"href":"https:\/\/raytalkcomms.com\/fr\/wp-json\/wp\/v2\/media\/4167"}],"wp:attachment":[{"href":"https:\/\/raytalkcomms.com\/fr\/wp-json\/wp\/v2\/media?parent=4170"}],"wp:term":[{"taxonomy":"product_brand","embeddable":true,"href":"https:\/\/raytalkcomms.com\/fr\/wp-json\/wp\/v2\/product_brand?post=4170"},{"taxonomy":"product_cat","embeddable":true,"href":"https:\/\/raytalkcomms.com\/fr\/wp-json\/wp\/v2\/product_cat?post=4170"},{"taxonomy":"product_tag","embeddable":true,"href":"https:\/\/raytalkcomms.com\/fr\/wp-json\/wp\/v2\/product_tag?post=4170"}],"curies":[{"name":"wp","href":"https:\/\/api.w.org\/{rel}","templated":true}]}}