{"id":4129,"date":"2025-10-23T08:18:01","date_gmt":"2025-10-23T08:18:01","guid":{"rendered":"https:\/\/raytalkcomms.com\/?post_type=product&#038;p=4129"},"modified":"2025-12-19T11:21:25","modified_gmt":"2025-12-19T11:21:25","slug":"em-3927-walkie-talkie-earpiece-for-fbi-and-security","status":"publish","type":"product","link":"https:\/\/raytalkcomms.com\/fr\/produit\/em-3927-walkie-talkie-earpiece-for-fbi-and-security\/","title":{"rendered":"EM-3927 Oreillette de talkie-walkie pour le FBI et la s\u00e9curit\u00e9"},"content":{"rendered":"<p>L'\u00e9couteur de surveillance EM-3927 est fabriqu\u00e9 \u00e0 partir de composants de qualit\u00e9 et de mat\u00e9riaux durables, ce qui en fait le choix des professionnels. Disponible en version bifilaire ou monofilaire, le microphone est \u00e9galement con\u00e7u dans un souci de discr\u00e9tion. Il peut \u00eatre accroch\u00e9 \u00e0 un col, une cravate ou un revers de veste et activ\u00e9 rapidement \u00e0 l'aide du bouton \"push to talk\" (PTT) situ\u00e9 au centre de l'interrupteur.<br \/>\nDot\u00e9 d'une oreillette et d'un microphone PTT, cet \u00e9couteur radio est pratique et r\u00e9sistant pour les portiers, les gardes du corps et toute personne travaillant dans les services de s\u00e9curit\u00e9, l'h\u00f4tellerie ou la gestion des foules. Si vous \u00eates int\u00e9ress\u00e9 par nos \u00e9couteurs radio EM-3927 FBI \u00e0 vendre, n'h\u00e9sitez pas \u00e0 nous contacter et \u00e0 demander un devis.<\/p>\n<h3>Caract\u00e9ristiques :<\/h3>\n<ul>\n<li>Oreillette \u00e0 tube acoustique E-39<\/li>\n<li>C\u00e2ble en kevlar \u00e0 1 fil<\/li>\n<li>PTT palmaire avec microphone et clip m\u00e9tallique<\/li>\n<li>Plusieurs types de connecteurs radio sont disponibles, notamment M1, M16, K1, H8 et I4.<\/li>\n<\/ul>\n<h3>Avantages :<\/h3>\n<p>L'\u00e9couteur EM-3927 FBI est dot\u00e9 d'un PTT de la taille d'une paume qui tient naturellement dans la main, permettant de contr\u00f4ler d'une seule touche l'audio de la radio - en g\u00e9rant rapidement la r\u00e9ception et la conversation pour que les communications de l'\u00e9quipe restent fluides. Un clip m\u00e9tallique renforc\u00e9 se fixe solidement aux uniformes et aux gilets pare-balles, et reste en place pendant les raids, les poursuites \u00e0 pied et les d\u00e9placements clandestins. Cette oreillette pour agent du FBI maintient une liaison radio forte avec les centres de commandement, \u00e9vitant ainsi toute perte de communication dans les moments critiques. Con\u00e7u pour une utilisation tactique et s\u00e9curitaire, l'EM-3927 offre des performances fiables, ce qui en fait le choix pr\u00e9f\u00e9r\u00e9 et le plus rentable pour les agences gouvernementales, les forces de l'ordre et les entreprises de s\u00e9curit\u00e9 priv\u00e9es du monde entier.<\/p>","protected":false},"excerpt":{"rendered":"<p>L'\u00e9couteur pour talkie-walkie EM-3927 est dot\u00e9 d'un tube acoustique clair qui reste transparent et discret pour la surveillance en ext\u00e9rieur. Un acc\u00e8s rapide au PTT permet un fonctionnement rapide et silencieux, tandis que le haut-parleur et le micro de pr\u00e9cision capturent et relaient les messages avec pr\u00e9cision \u00e0 l'\u00e9quipe. Con\u00e7ue pour les agents du FBI et les professionnels de la s\u00e9curit\u00e9, l'oreillette du talkie-walkie assure une communication fiable et confortable pendant les patrouilles et les op\u00e9rations de contr\u00f4le des foules. Les composants durables et r\u00e9sistants aux intemp\u00e9ries ainsi que les embouts souples permettent de le porter toute la journ\u00e9e sur le terrain. L'oreillette de talkie-walkie EM-3927 est un accessoire de surveillance discret que de nombreuses personnes choisissent d'utiliser dans le cadre de leur travail.<\/p>","protected":false},"featured_media":4128,"template":"","meta":[],"product_brand":[],"product_cat":[214,306,215],"product_tag":[],"class_list":{"0":"post-4129","1":"product","2":"type-product","3":"status-publish","4":"has-post-thumbnail","6":"product_cat-two-way-radio-accessories","7":"product_cat-1-wire-earpiece","8":"product_cat-earpieces","10":"first","11":"instock","12":"shipping-taxable","13":"purchasable","14":"product-type-simple"},"_links":{"self":[{"href":"https:\/\/raytalkcomms.com\/fr\/wp-json\/wp\/v2\/product\/4129","targetHints":{"allow":["GET"]}}],"collection":[{"href":"https:\/\/raytalkcomms.com\/fr\/wp-json\/wp\/v2\/product"}],"about":[{"href":"https:\/\/raytalkcomms.com\/fr\/wp-json\/wp\/v2\/types\/product"}],"wp:featuredmedia":[{"embeddable":true,"href":"https:\/\/raytalkcomms.com\/fr\/wp-json\/wp\/v2\/media\/4128"}],"wp:attachment":[{"href":"https:\/\/raytalkcomms.com\/fr\/wp-json\/wp\/v2\/media?parent=4129"}],"wp:term":[{"taxonomy":"product_brand","embeddable":true,"href":"https:\/\/raytalkcomms.com\/fr\/wp-json\/wp\/v2\/product_brand?post=4129"},{"taxonomy":"product_cat","embeddable":true,"href":"https:\/\/raytalkcomms.com\/fr\/wp-json\/wp\/v2\/product_cat?post=4129"},{"taxonomy":"product_tag","embeddable":true,"href":"https:\/\/raytalkcomms.com\/fr\/wp-json\/wp\/v2\/product_tag?post=4129"}],"curies":[{"name":"wp","href":"https:\/\/api.w.org\/{rel}","templated":true}]}}