{"id":4116,"date":"2023-10-23T02:35:56","date_gmt":"2023-10-23T02:35:56","guid":{"rendered":"https:\/\/raytalkcomms.com\/?post_type=product&#038;p=4116"},"modified":"2025-12-04T08:56:52","modified_gmt":"2025-12-04T08:56:52","slug":"ran-3000q-walkie-talkie-headphones-with-flexible-microphone","status":"publish","type":"product","link":"https:\/\/raytalkcomms.com\/fr\/produit\/ran-3000q-walkie-talkie-headphones-with-flexible-microphone\/","title":{"rendered":"RAN-3000Q Casque Walkie Talkie avec microphone flexible"},"content":{"rendered":"<p>Le casque robuste RAN-3000Q avec micro perche offre une meilleure r\u00e9duction du bruit, une voix de qualit\u00e9 sup\u00e9rieure avec annulation du bruit, tout en offrant confort et stabilit\u00e9. Le bandeau rembourr\u00e9 avec contr\u00f4le de pression r\u00e9glable et les coussinets souples offrent un grand confort. Les casques sont fabriqu\u00e9s en modules, de sorte que chaque composant peut \u00eatre facilement remplac\u00e9. Ces \u00e9couteurs de talkie-walkie sont \u00e9galement \u00e9quip\u00e9s d'une prise audio de 3,5 mm, ce qui leur permet de se connecter \u00e0 d'autres appareils audio et accessoires radio pour am\u00e9liorer les performances de la communication bidirectionnelle.<\/p>\n<h3>Caract\u00e9ristiques :<\/h3>\n<ul>\n<li>Double casque antibruit<\/li>\n<li>Microphone de qualit\u00e9 professionnelle<\/li>\n<li>Coussin de t\u00eate confortable<\/li>\n<li>Joints d'oreille en gel<\/li>\n<li>Bouton rouge de conversation<\/li>\n<li>Prise audio 3,5 mm<\/li>\n<\/ul>\n<h3>Personnalisation en option :<\/h3>\n<ul>\n<li>Disponible en bleu, jaune et vert<\/li>\n<\/ul>\n<h3>Avantages :<\/h3>\n<p>Le casque RAN-3000Q est dot\u00e9 d'un bouton rouge permettant de communiquer instantan\u00e9ment avec les membres de l'\u00e9quipe afin de les tenir au courant de l'\u00e9volution du travail en temps r\u00e9el. Si vous \u00eates int\u00e9ress\u00e9 par l'achat en gros de notre casque sans fil RAN-3000Q, nous vous prions de bien vouloir nous contacter pour de plus amples informations et pour conna\u00eetre nos tarifs !<\/p>","protected":false},"excerpt":{"rendered":"<p>Le casque de talkie-walkie RAN-3000Q offre un son clair et une communication fiable gr\u00e2ce \u00e0 un microphone flexible et \u00e0 une prise audio de 3,5 mm. Con\u00e7us comme des \u00e9couteurs durables pour les \u00e9quipes de fabrication industrielle et d'entreposage, ils offrent un confort durable et des performances sonores \u00e9lev\u00e9es, rendant la coordination quotidienne et la communication de s\u00e9curit\u00e9 plus efficaces dans les environnements exigeants.<\/p>","protected":false},"featured_media":4117,"template":"","meta":[],"product_brand":[],"product_cat":[214,209,268,217],"product_tag":[],"class_list":{"0":"post-4116","1":"product","2":"type-product","3":"status-publish","4":"has-post-thumbnail","6":"product_cat-two-way-radio-accessories","7":"product_cat-racing","8":"product_cat-headset-racing","9":"product_cat-heavy-duty-headset","11":"first","12":"instock","13":"shipping-taxable","14":"purchasable","15":"product-type-simple"},"_links":{"self":[{"href":"https:\/\/raytalkcomms.com\/fr\/wp-json\/wp\/v2\/product\/4116","targetHints":{"allow":["GET"]}}],"collection":[{"href":"https:\/\/raytalkcomms.com\/fr\/wp-json\/wp\/v2\/product"}],"about":[{"href":"https:\/\/raytalkcomms.com\/fr\/wp-json\/wp\/v2\/types\/product"}],"wp:featuredmedia":[{"embeddable":true,"href":"https:\/\/raytalkcomms.com\/fr\/wp-json\/wp\/v2\/media\/4117"}],"wp:attachment":[{"href":"https:\/\/raytalkcomms.com\/fr\/wp-json\/wp\/v2\/media?parent=4116"}],"wp:term":[{"taxonomy":"product_brand","embeddable":true,"href":"https:\/\/raytalkcomms.com\/fr\/wp-json\/wp\/v2\/product_brand?post=4116"},{"taxonomy":"product_cat","embeddable":true,"href":"https:\/\/raytalkcomms.com\/fr\/wp-json\/wp\/v2\/product_cat?post=4116"},{"taxonomy":"product_tag","embeddable":true,"href":"https:\/\/raytalkcomms.com\/fr\/wp-json\/wp\/v2\/product_tag?post=4116"}],"curies":[{"name":"wp","href":"https:\/\/api.w.org\/{rel}","templated":true}]}}