{"id":4104,"date":"2025-10-22T11:12:06","date_gmt":"2025-10-22T11:12:06","guid":{"rendered":"https:\/\/raytalkcomms.com\/?post_type=product&#038;p=4104"},"modified":"2025-12-19T14:24:03","modified_gmt":"2025-12-19T14:24:03","slug":"remb-0219-d-shaped-referee-headset-with-boom-microphone","status":"publish","type":"product","link":"https:\/\/raytalkcomms.com\/fr\/produit\/remb-0219-d-shaped-referee-headset-with-boom-microphone\/","title":{"rendered":"REMB-0219 Casque d'arbitre en forme de D avec microphone \u00e0 perche"},"content":{"rendered":"<p>Dans les stades bond\u00e9s et remplis de supporters, une communication claire avec l'arbitre est essentielle. Ces casques de communication pour arbitres REMB-0219 sont dot\u00e9s d'un micro \u00e9lectret anti-bruit et d'un haut-parleur \u00e0 haut rendement pour un son fluide et fiable. L\u00e9gers et confortables, ils r\u00e9duisent la fatigue pendant les longs matchs, ce qui les rend particuli\u00e8rement populaires comme casques d'arbitres de football.<\/p>\n<p>Caract\u00e9ristiques :<br \/>\nCadre l\u00e9ger<br \/>\nOreillette \u00e0 crochet en forme de D<br \/>\nHaut-parleur \u00e0 haut rendement<br \/>\nMicrophone \u00e0 perche \u00e0 r\u00e9duction de bruit<br \/>\nBouton-poussoir avec clip pour v\u00eatements<\/p>\n<p>Personnalisation en option :<br \/>\nConnecteur moul\u00e9 disponible pour Motorola, Hytera, Kenwood et une large gamme de radios<\/p>\n<p>Avantages :<br \/>\nCette solution de talkie-walkie avec micro flexible permet aux arbitres d'ajuster la distance pour un son clair. Fabriqu\u00e9s \u00e0 partir de mat\u00e9riaux durables, ces casques d'arbitre de football REMB-0219 garantissent des performances stables tout au long des matchs. Les options de prises personnalis\u00e9es s'adaptent aux principaux syst\u00e8mes radio, ce qui les rend id\u00e9aux pour les organisations sportives professionnelles.<\/p>","protected":false},"excerpt":{"rendered":"<p>Le casque d'arbitre REMB-0219 est un \u00e9couteur simple en forme de D pour talkie-walkie, con\u00e7u pour une communication claire et mains libres pendant les matchs et les \u00e9v\u00e9nements. Il offre une clart\u00e9 audio exceptionnelle sans bloquer les sons ext\u00e9rieurs. Le micro \u00e9lectret antibruit et le haut-parleur \u00e0 haut rendement garantissent une communication claire. De nombreuses \u00e9quipes d'arbitres appr\u00e9cient grandement ce casque.<\/p>","protected":false},"featured_media":4105,"template":"","meta":[],"product_brand":[],"product_cat":[215,322,214],"product_tag":[],"class_list":{"0":"post-4104","1":"product","2":"type-product","3":"status-publish","4":"has-post-thumbnail","6":"product_cat-earpieces","7":"product_cat-boom-microphone","8":"product_cat-two-way-radio-accessories","10":"first","11":"instock","12":"shipping-taxable","13":"purchasable","14":"product-type-simple"},"_links":{"self":[{"href":"https:\/\/raytalkcomms.com\/fr\/wp-json\/wp\/v2\/product\/4104","targetHints":{"allow":["GET"]}}],"collection":[{"href":"https:\/\/raytalkcomms.com\/fr\/wp-json\/wp\/v2\/product"}],"about":[{"href":"https:\/\/raytalkcomms.com\/fr\/wp-json\/wp\/v2\/types\/product"}],"wp:featuredmedia":[{"embeddable":true,"href":"https:\/\/raytalkcomms.com\/fr\/wp-json\/wp\/v2\/media\/4105"}],"wp:attachment":[{"href":"https:\/\/raytalkcomms.com\/fr\/wp-json\/wp\/v2\/media?parent=4104"}],"wp:term":[{"taxonomy":"product_brand","embeddable":true,"href":"https:\/\/raytalkcomms.com\/fr\/wp-json\/wp\/v2\/product_brand?post=4104"},{"taxonomy":"product_cat","embeddable":true,"href":"https:\/\/raytalkcomms.com\/fr\/wp-json\/wp\/v2\/product_cat?post=4104"},{"taxonomy":"product_tag","embeddable":true,"href":"https:\/\/raytalkcomms.com\/fr\/wp-json\/wp\/v2\/product_tag?post=4104"}],"curies":[{"name":"wp","href":"https:\/\/api.w.org\/{rel}","templated":true}]}}