{"id":4030,"date":"2025-10-16T09:34:56","date_gmt":"2025-10-16T09:34:56","guid":{"rendered":"https:\/\/raytalkcomms.com\/?post_type=product&#038;p=4030"},"modified":"2025-12-04T12:58:45","modified_gmt":"2025-12-04T12:58:45","slug":"rsm-800-ip67-waterproof-walkie-talkie-speaker-mics","status":"publish","type":"product","link":"https:\/\/raytalkcomms.com\/fr\/produit\/rsm-800-ip67-waterproof-walkie-talkie-speaker-mics\/","title":{"rendered":"RSM-800 IP67 Waterproof Walkie Talkie Speaker Mics"},"content":{"rendered":"<p>Le RSM-800\/CC \u00e9tablit une nouvelle norme pour les micros haut-parleurs professionnels, offrant une communication claire dans tous les environnements. Con\u00e7u comme un petit haut-parleur et microphone compact mais puissant, il allie durabilit\u00e9 et confort. Son bo\u00eetier \u00e9tanche IP67 garantit une utilisation fiable en ext\u00e9rieur, tandis que la conception du microphone haut-parleur offre un son puissant aux \u00e9quipes exigeantes.<\/p>\n<h3>Caract\u00e9ristiques :<\/h3>\n<ul>\n<li>IP 67 \u00e9tanche \u00e0 l'eau et \u00e0 la poussi\u00e8re<\/li>\n<li>Conception ergonomique<\/li>\n<li>Bouton d'appel<\/li>\n<li>Clip de ratation \u00e0 360 degr\u00e9s<\/li>\n<li>Prise auxiliaire de 3,5 mm pour l'\u00e9couteur d'\u00e9coute seule<\/li>\n<\/ul>\n<h3>Personnalisation en option :<\/h3>\n<ul>\n<li>Bouton d'urgence<\/li>\n<\/ul>\n<h3>Avantages :<\/h3>\n<p>Avec une prise en main ergonomique et des performances claires, ce microphone de talkie-walkie RSM-800 fonctionne comme un haut-parleur radio \u00e9tanche conforme \u00e0 la norme IP67, id\u00e9al pour les t\u00e2ches de communication critiques dans les domaines de la s\u00e9curit\u00e9, de la s\u00fbret\u00e9 publique, etc. Approuv\u00e9 par les professionnels du monde entier, il est pr\u00eat pour un approvisionnement \u00e0 long terme.<\/p>","protected":false},"excerpt":{"rendered":"<p>Les microphones pour talkie-walkie RSM-800 sont le nouveau produit pour les communications critiques. Il s'agit du tout nouveau microphone \u00e9tanche con\u00e7u pour les communications radio bidirectionnelles. De forme ergonomique pour s'adapter \u00e0 la main, il offre une prise en main confortable qui facilite les op\u00e9rations prolong\u00e9es. Il est dot\u00e9 d'une protection IP67, d'un son cristallin et d'un bouton d'urgence personnalisable en option.<\/p>","protected":false},"featured_media":4031,"template":"","meta":[],"product_brand":[],"product_cat":[214,216],"product_tag":[],"class_list":{"0":"post-4030","1":"product","2":"type-product","3":"status-publish","4":"has-post-thumbnail","6":"product_cat-two-way-radio-accessories","7":"product_cat-speaker-microphone","9":"first","10":"instock","11":"shipping-taxable","12":"purchasable","13":"product-type-simple"},"_links":{"self":[{"href":"https:\/\/raytalkcomms.com\/fr\/wp-json\/wp\/v2\/product\/4030","targetHints":{"allow":["GET"]}}],"collection":[{"href":"https:\/\/raytalkcomms.com\/fr\/wp-json\/wp\/v2\/product"}],"about":[{"href":"https:\/\/raytalkcomms.com\/fr\/wp-json\/wp\/v2\/types\/product"}],"wp:featuredmedia":[{"embeddable":true,"href":"https:\/\/raytalkcomms.com\/fr\/wp-json\/wp\/v2\/media\/4031"}],"wp:attachment":[{"href":"https:\/\/raytalkcomms.com\/fr\/wp-json\/wp\/v2\/media?parent=4030"}],"wp:term":[{"taxonomy":"product_brand","embeddable":true,"href":"https:\/\/raytalkcomms.com\/fr\/wp-json\/wp\/v2\/product_brand?post=4030"},{"taxonomy":"product_cat","embeddable":true,"href":"https:\/\/raytalkcomms.com\/fr\/wp-json\/wp\/v2\/product_cat?post=4030"},{"taxonomy":"product_tag","embeddable":true,"href":"https:\/\/raytalkcomms.com\/fr\/wp-json\/wp\/v2\/product_tag?post=4030"}],"curies":[{"name":"wp","href":"https:\/\/api.w.org\/{rel}","templated":true}]}}