{"id":4022,"date":"2025-10-16T08:58:20","date_gmt":"2025-10-16T08:58:20","guid":{"rendered":"https:\/\/raytalkcomms.com\/?post_type=product&#038;p=4022"},"modified":"2025-12-04T13:01:09","modified_gmt":"2025-12-04T13:01:09","slug":"rsm-310-medium-duty-remote-speaker-mic","status":"publish","type":"product","link":"https:\/\/raytalkcomms.com\/fr\/produit\/rsm-310-medium-duty-remote-speaker-mic\/","title":{"rendered":"RSM-310 Microphone \u00e0 distance pour haut-parleur \u00e0 usage moyen"},"content":{"rendered":"<p>Le RSM-310\/CC est un choix moyen parmi les microphones avec haut-parleurs int\u00e9gr\u00e9s, ce qui en fait l'un des microphones haut-parleurs les plus fiables et le compagnon id\u00e9al des radios professionnelles. Le microphone \u00e0 haut-parleur \u00e0 distance RSM-310 est id\u00e9al pour la s\u00e9curit\u00e9 des \u00e9coles et le personnel \u00e9v\u00e9nementiel qui ont besoin d'un design plus l\u00e9ger et plus compact avec un son plus fort et plus clair.<\/p>\n<h3>Caract\u00e9ristiques :<\/h3>\n<ul>\n<li>Microphone frontal int\u00e9gr\u00e9<\/li>\n<li>Conception \"Push-to-talk<\/li>\n<li>Haut-parleur puissant et clair<\/li>\n<li>Clip de ceinture rotatif<\/li>\n<li>C\u00e2ble h\u00e9lico\u00efdal renforc\u00e9 au Kevlar<\/li>\n<li>Port audio 3,5 mm<\/li>\n<\/ul>\n<h3>Personnalisation en option :<\/h3>\n<ul>\n<li>Bouton d'urgence<\/li>\n<li>Augmentation et diminution du volume<\/li>\n<\/ul>\n<h3>Avantages :<\/h3>\n<p>Il est dot\u00e9 d'un c\u00e2ble h\u00e9lico\u00efdal en polyur\u00e9thane renforc\u00e9 de Kevlar et d'une d\u00e9charge de traction pour des performances durables. Le RSM-310\/CC assure une communication claire, qu'il soit utilis\u00e9 comme micro d'\u00e9paule ou qu'il soit port\u00e9 sur soi pour les op\u00e9rations radio professionnelles quotidiennes.<\/p>","protected":false},"excerpt":{"rendered":"<p>Le RSM-310\/CC est notre micro haut-parleur radio de qualit\u00e9 militaire. Il combine la fonctionnalit\u00e9 de haute qualit\u00e9 et la technologie de suppression du bruit en un seul microphone, ce qui en fait le meilleur microphone de haut-parleur \u00e0 distance pour les environnements les plus exigeants. Un choix populaire pour la s\u00e9curit\u00e9 publique et les applications tactiques.<\/p>","protected":false},"featured_media":4023,"template":"","meta":[],"product_brand":[],"product_cat":[214,216],"product_tag":[],"class_list":{"0":"post-4022","1":"product","2":"type-product","3":"status-publish","4":"has-post-thumbnail","6":"product_cat-two-way-radio-accessories","7":"product_cat-speaker-microphone","9":"first","10":"instock","11":"shipping-taxable","12":"purchasable","13":"product-type-simple"},"_links":{"self":[{"href":"https:\/\/raytalkcomms.com\/fr\/wp-json\/wp\/v2\/product\/4022","targetHints":{"allow":["GET"]}}],"collection":[{"href":"https:\/\/raytalkcomms.com\/fr\/wp-json\/wp\/v2\/product"}],"about":[{"href":"https:\/\/raytalkcomms.com\/fr\/wp-json\/wp\/v2\/types\/product"}],"wp:featuredmedia":[{"embeddable":true,"href":"https:\/\/raytalkcomms.com\/fr\/wp-json\/wp\/v2\/media\/4023"}],"wp:attachment":[{"href":"https:\/\/raytalkcomms.com\/fr\/wp-json\/wp\/v2\/media?parent=4022"}],"wp:term":[{"taxonomy":"product_brand","embeddable":true,"href":"https:\/\/raytalkcomms.com\/fr\/wp-json\/wp\/v2\/product_brand?post=4022"},{"taxonomy":"product_cat","embeddable":true,"href":"https:\/\/raytalkcomms.com\/fr\/wp-json\/wp\/v2\/product_cat?post=4022"},{"taxonomy":"product_tag","embeddable":true,"href":"https:\/\/raytalkcomms.com\/fr\/wp-json\/wp\/v2\/product_tag?post=4022"}],"curies":[{"name":"wp","href":"https:\/\/api.w.org\/{rel}","templated":true}]}}