{"id":4013,"date":"2023-08-16T07:20:20","date_gmt":"2023-08-16T07:20:20","guid":{"rendered":"https:\/\/raytalkcomms.com\/?post_type=product&#038;p=4013"},"modified":"2025-12-04T13:01:42","modified_gmt":"2025-12-04T13:01:42","slug":"rsm-300-handheld-speaker-mic-for-motorola","status":"publish","type":"product","link":"https:\/\/raytalkcomms.com\/fr\/produit\/rsm-300-handheld-speaker-mic-for-motorola\/","title":{"rendered":"RSM-300 Microphone \u00e0 main pour Motorola"},"content":{"rendered":"<p>Le microphone radio RSM-300\/CC est le choix id\u00e9al pour les professionnels qui recherchent une alternative au microphone radio Motorola d'origine. En tant que microphone \u00e0 main fiable pour Motorola, il offre des performances durables dans le cadre d'une utilisation quotidienne. Ce microphone \u00e0 main abordable est disponible pour les commandes en vrac, offrant une communication fiable avec confort et commodit\u00e9 pour le ski, le sac \u00e0 dos et le snowboard.<\/p>\n<h3>Caract\u00e9ristiques :<\/h3>\n<ul>\n<li>Microphone avant<\/li>\n<li>Bouton de conversation<\/li>\n<li>Haut-parleur \u00e0 haut rendement<\/li>\n<li>Clip pivotant \u00e0 360<\/li>\n<li>C\u00e2ble h\u00e9lico\u00efdal durable en kevlar<\/li>\n<li>Prise pour accessoires de 3,5 mm<\/li>\n<\/ul>\n<h3>Avantages :<\/h3>\n<p>Le micro \u00e0 main RSM-300\/CC \u00e0 utiliser avec les radios Motorola offre un son clair gr\u00e2ce \u00e0 un haut-parleur \u00e0 haut rendement, \u00e0 la commodit\u00e9 du PTT et \u00e0 un c\u00e2ble en kevlar durable. Sa poign\u00e9e ergonomique facilite la communication et le microphone avant peut \u00eatre personnalis\u00e9 avec le logo de votre marque.<\/p>","protected":false},"excerpt":{"rendered":"<p>Le RSM-300\/CC est un microphone \u00e0 main offrant une communication claire et fiable pour les professionnels. Con\u00e7u comme un microphone \u00e0 main robuste pour les utilisateurs de radios Motorola, il offre confort et durabilit\u00e9 dans les environnements de travail exigeants. Ce microphone \u00e0 main se clipse facilement sur les uniformes pour une utilisation pratique, tandis que sa taille compacte le rend pratique comme microphone \u00e0 main pour les radios Motorola dans les activit\u00e9s de plein air telles que le ski, le sac \u00e0 dos et le snowboard.<\/p>\n<div id=\"gtx-trans\" style=\"position: absolute; left: 264px; top: 37.8px;\">\n<div class=\"gtx-trans-icon\"><\/div>\n<\/div>","protected":false},"featured_media":4014,"template":"","meta":[],"product_brand":[],"product_cat":[214,216],"product_tag":[],"class_list":{"0":"post-4013","1":"product","2":"type-product","3":"status-publish","4":"has-post-thumbnail","6":"product_cat-two-way-radio-accessories","7":"product_cat-speaker-microphone","9":"first","10":"instock","11":"shipping-taxable","12":"purchasable","13":"product-type-simple"},"_links":{"self":[{"href":"https:\/\/raytalkcomms.com\/fr\/wp-json\/wp\/v2\/product\/4013","targetHints":{"allow":["GET"]}}],"collection":[{"href":"https:\/\/raytalkcomms.com\/fr\/wp-json\/wp\/v2\/product"}],"about":[{"href":"https:\/\/raytalkcomms.com\/fr\/wp-json\/wp\/v2\/types\/product"}],"wp:featuredmedia":[{"embeddable":true,"href":"https:\/\/raytalkcomms.com\/fr\/wp-json\/wp\/v2\/media\/4014"}],"wp:attachment":[{"href":"https:\/\/raytalkcomms.com\/fr\/wp-json\/wp\/v2\/media?parent=4013"}],"wp:term":[{"taxonomy":"product_brand","embeddable":true,"href":"https:\/\/raytalkcomms.com\/fr\/wp-json\/wp\/v2\/product_brand?post=4013"},{"taxonomy":"product_cat","embeddable":true,"href":"https:\/\/raytalkcomms.com\/fr\/wp-json\/wp\/v2\/product_cat?post=4013"},{"taxonomy":"product_tag","embeddable":true,"href":"https:\/\/raytalkcomms.com\/fr\/wp-json\/wp\/v2\/product_tag?post=4013"}],"curies":[{"name":"wp","href":"https:\/\/api.w.org\/{rel}","templated":true}]}}