{"id":3996,"date":"2025-10-15T08:25:52","date_gmt":"2025-10-15T08:25:52","guid":{"rendered":"https:\/\/raytalkcomms.com\/?post_type=product&#038;p=3996"},"modified":"2025-12-19T11:45:35","modified_gmt":"2025-12-19T11:45:35","slug":"e-20-lok-1-quick-disconnect-surveillance-earpiece","status":"publish","type":"product","link":"https:\/\/raytalkcomms.com\/fr\/produit\/e-20-lok-1-quick-disconnect-surveillance-earpiece\/","title":{"rendered":"E-20\/LOK 1 Oreillette de surveillance \u00e0 d\u00e9connexion rapide"},"content":{"rendered":"<p>L'\u00e9couteur de surveillance E-20\/LOK 1 est dot\u00e9 d'une oreillette r\u00e9glable avec une conception de d\u00e9connexion rapide snap Lok 1 femelle, s'adaptant facilement aux kits \u00e0 un ou deux fils. M\u00eame si les pi\u00e8ces s'usent, les utilisateurs peuvent les remplacer sans changer l'ensemble de l'oreillette, ce qui r\u00e9duit les co\u00fbts pour les \u00e9quipes de s\u00e9curit\u00e9, de contr\u00f4le et d'accueil.<\/p>\n<h3>Caract\u00e9ristiques :<\/h3>\n<ul>\n<li>Boucle d'oreille avec anneau en G<\/li>\n<li>LOK 1 snap femelle<\/li>\n<li>C\u00e2ble renforc\u00e9 en Kevlar<\/li>\n<\/ul>\n<h3>Avantages :<\/h3>\n<p>Le E-20\/LOK 1 est un \u00e9couteur \u00e0 d\u00e9connexion rapide avec un bouton pression femelle qui s'associe \u00e0 des lignes PTT m\u00e2les pour former un \u00e9couteur complet pour les radios bidirectionnelles. Avec des composants rempla\u00e7ables et des options de prise bas\u00e9es sur les mod\u00e8les de radio, il s'adapte aux talkies-walkies Motorola, Hytera et autres pour une utilisation rentable et durable.<\/p>","protected":false},"excerpt":{"rendered":"<p>L'\u00e9couteur de surveillance E-20\/LOK 1 utilise un syst\u00e8me de d\u00e9connexion rapide qui permet de s\u00e9parer facilement l'\u00e9couteur de l'oreillette et la ligne principale pour des raisons d'hygi\u00e8ne et de commodit\u00e9. Cette conception permet aux forces de l'ordre, aux \u00e9quipes de s\u00e9curit\u00e9 et aux \u00e9quipes d'accueil de partager leur \u00e9quipement sans risque, tandis que les changements rapides de tubes assurent une communication sans faille et r\u00e9duisent les co\u00fbts de remplacement lors de t\u00e2ches exigeantes.<\/p>","protected":false},"featured_media":3798,"template":"","meta":[],"product_brand":[],"product_cat":[214,215,312],"product_tag":[],"class_list":{"0":"post-3996","1":"product","2":"type-product","3":"status-publish","4":"has-post-thumbnail","6":"product_cat-two-way-radio-accessories","7":"product_cat-earpieces","8":"product_cat-lok-earpiece","10":"first","11":"instock","12":"shipping-taxable","13":"purchasable","14":"product-type-simple"},"_links":{"self":[{"href":"https:\/\/raytalkcomms.com\/fr\/wp-json\/wp\/v2\/product\/3996","targetHints":{"allow":["GET"]}}],"collection":[{"href":"https:\/\/raytalkcomms.com\/fr\/wp-json\/wp\/v2\/product"}],"about":[{"href":"https:\/\/raytalkcomms.com\/fr\/wp-json\/wp\/v2\/types\/product"}],"wp:featuredmedia":[{"embeddable":true,"href":"https:\/\/raytalkcomms.com\/fr\/wp-json\/wp\/v2\/media\/3798"}],"wp:attachment":[{"href":"https:\/\/raytalkcomms.com\/fr\/wp-json\/wp\/v2\/media?parent=3996"}],"wp:term":[{"taxonomy":"product_brand","embeddable":true,"href":"https:\/\/raytalkcomms.com\/fr\/wp-json\/wp\/v2\/product_brand?post=3996"},{"taxonomy":"product_cat","embeddable":true,"href":"https:\/\/raytalkcomms.com\/fr\/wp-json\/wp\/v2\/product_cat?post=3996"},{"taxonomy":"product_tag","embeddable":true,"href":"https:\/\/raytalkcomms.com\/fr\/wp-json\/wp\/v2\/product_tag?post=3996"}],"curies":[{"name":"wp","href":"https:\/\/api.w.org\/{rel}","templated":true}]}}