{"id":3880,"date":"2025-10-10T10:07:57","date_gmt":"2025-10-10T10:07:57","guid":{"rendered":"https:\/\/raytalkcomms.com\/?post_type=product&#038;p=3880"},"modified":"2025-12-19T11:38:35","modified_gmt":"2025-12-19T11:38:35","slug":"em-3327n-braided-fiber-earphone-for-walkie-talkie","status":"publish","type":"product","link":"https:\/\/raytalkcomms.com\/fr\/produit\/em-3327n-braided-fiber-earphone-for-walkie-talkie\/","title":{"rendered":"EM-3327N \u00c9couteur en fibre tress\u00e9e pour talkie-walkie"},"content":{"rendered":"<p>Les \u00e9couteurs radio bidirectionnels EM-3327N en fibre tress\u00e9e sont dot\u00e9s d'une conception pivotante en forme de C pour une utilisation s\u00e9curis\u00e9e. Ils offrent une solution \u00e0 l'inconfort associ\u00e9 au port d'un \u00e9couteur sur une longue p\u00e9riode en permettant \u00e0 l'utilisateur de porter l'\u00e9couteur pivotant en forme de C sur l'une ou l'autre oreille.<\/p>\n<h3>Caract\u00e9ristiques :<\/h3>\n<ul>\n<li>Crochet auriculaire en forme de C<\/li>\n<li>C\u00e2ble en fibre tress\u00e9e<\/li>\n<li>Commutateurs \"Push-to-talk<\/li>\n<li>Soulagement de la tension au niveau du PTT et du connecteur<\/li>\n<\/ul>\n<h3>Personnalisation en option :<\/h3>\n<ul>\n<li>Connecteur moul\u00e9 disponible pour Motorola, Hytera, Kenwood et une large gamme de radios<\/li>\n<\/ul>\n<h3>Avantages :<\/h3>\n<p>Dans les transports, l'industrie, la construction et les \u00e9v\u00e9nements o\u00f9 la pression et la friction endommagent facilement le mat\u00e9riel, l'\u00e9couteur EM-3327N pour talkie-walkie se distingue. Avec un PTT en ligne et un microphone blind\u00e9 RF, cet \u00e9couteur de s\u00e9curit\u00e9 assure une communication claire, fiable et durable sans s'emm\u00ealer.<\/p>\n<div id=\"gtx-trans\" style=\"position: absolute; left: -28px; top: 346.825px;\">\n<div class=\"gtx-trans-icon\"><\/div>\n<\/div>","protected":false},"excerpt":{"rendered":"<p>Le EM-3327N est un \u00e9couteur durable pour talkie-walkie construit avec de la fibre tress\u00e9e, offrant trois fois plus de r\u00e9sistance que les lignes traditionnelles en r\u00e9sine. Cet \u00e9couteur de s\u00e9curit\u00e9 r\u00e9siste aux fissures, aux d\u00e9chirures et \u00e0 l'enchev\u00eatrement, tandis que la conception en fibre tress\u00e9e emp\u00eache les plis et prot\u00e8ge le c\u00e2blage de la force et de la friction pour une communication quotidienne fiable.<\/p>","protected":false},"featured_media":3794,"template":"","meta":[],"product_brand":[],"product_cat":[214,215,311],"product_tag":[],"class_list":{"0":"post-3880","1":"product","2":"type-product","3":"status-publish","4":"has-post-thumbnail","6":"product_cat-two-way-radio-accessories","7":"product_cat-earpieces","8":"product_cat-braided-fiber-earpiece","10":"first","11":"instock","12":"shipping-taxable","13":"purchasable","14":"product-type-simple"},"_links":{"self":[{"href":"https:\/\/raytalkcomms.com\/fr\/wp-json\/wp\/v2\/product\/3880","targetHints":{"allow":["GET"]}}],"collection":[{"href":"https:\/\/raytalkcomms.com\/fr\/wp-json\/wp\/v2\/product"}],"about":[{"href":"https:\/\/raytalkcomms.com\/fr\/wp-json\/wp\/v2\/types\/product"}],"wp:featuredmedia":[{"embeddable":true,"href":"https:\/\/raytalkcomms.com\/fr\/wp-json\/wp\/v2\/media\/3794"}],"wp:attachment":[{"href":"https:\/\/raytalkcomms.com\/fr\/wp-json\/wp\/v2\/media?parent=3880"}],"wp:term":[{"taxonomy":"product_brand","embeddable":true,"href":"https:\/\/raytalkcomms.com\/fr\/wp-json\/wp\/v2\/product_brand?post=3880"},{"taxonomy":"product_cat","embeddable":true,"href":"https:\/\/raytalkcomms.com\/fr\/wp-json\/wp\/v2\/product_cat?post=3880"},{"taxonomy":"product_tag","embeddable":true,"href":"https:\/\/raytalkcomms.com\/fr\/wp-json\/wp\/v2\/product_tag?post=3880"}],"curies":[{"name":"wp","href":"https:\/\/api.w.org\/{rel}","templated":true}]}}