{"id":3716,"date":"2025-09-27T02:02:27","date_gmt":"2025-09-27T02:02:27","guid":{"rendered":"https:\/\/raytalkcomms.com\/?post_type=product&#038;p=3716"},"modified":"2025-11-24T09:47:55","modified_gmt":"2025-11-24T09:47:55","slug":"ph-hm100-aviation-helmets-with-headsets","status":"publish","type":"product","link":"https:\/\/raytalkcomms.com\/fr\/produit\/ph-hm100-aviation-helmets-with-headsets\/","title":{"rendered":"PH-HM100 Casques d'aviation avec \u00e9couteurs"},"content":{"rendered":"<p>Les casques d'aviation PH-HM100 avec \u00e9couteurs sont con\u00e7us pour les d\u00e9fis du parapente, du paramoteur et du parachutisme. Contrairement \u00e0 un casque de vol standard, ils offrent non seulement une protection auditive, mais aussi des fonctions de communication, permettant aux pilotes et aux aviateurs sportifs de rester en contact avec le sol. Ils sont dot\u00e9s d'une coque durable et r\u00e9sistante aux chocs, qui reste solide m\u00eame en cas de vents violents. Les commandes int\u00e9gr\u00e9es du casque permettent aux pilotes de r\u00e9gler facilement le volume et la communication, tandis que les doubles prises garantissent la compatibilit\u00e9 avec les avions du monde entier.<\/p>\n<h3>Caract\u00e9ristiques :<\/h3>\n<ul>\n<li>Visi\u00e8re de casque int\u00e9gr\u00e9e : La visi\u00e8re transparente prot\u00e8ge contre les rayons du soleil, le vent et les d\u00e9bris, garantissant un vol s\u00fbr et confortable.<\/li>\n<li>Casque d'aviation int\u00e9gr\u00e9 : Des oreillettes de haute qualit\u00e9 avec microphone pour une communication claire en vol.<\/li>\n<li>Connexion \u00e0 deux fiches : Fiches doubles standard GA pour une compatibilit\u00e9 fiable avec les syst\u00e8mes d'intercom de l'aviation.<\/li>\n<li>Construction durable : Casque robuste con\u00e7u pour le parapente, l'ultral\u00e9ger et les sports a\u00e9riens extr\u00eames.<\/li>\n<li>Confort tout au long de la journ\u00e9e : Construction l\u00e9g\u00e8re avec int\u00e9rieur rembourr\u00e9 pour un port prolong\u00e9 sans fatigue.<\/li>\n<li>S\u00e9curit\u00e9 accrue : La protection de la t\u00eate et la r\u00e9duction du bruit permettent aux pilotes de rester en s\u00e9curit\u00e9 dans les environnements difficiles.<\/li>\n<\/ul>\n<h3>Personnalisation en option :<\/h3>\n<ul>\n<li>Options de r\u00e9duction du bruit personnalis\u00e9es : Disponible avec la r\u00e9duction passive du bruit (PNR) ou la r\u00e9duction active du bruit (ANR) pour r\u00e9pondre aux besoins des diff\u00e9rents pilotes.<\/li>\n<\/ul>\n<h3>Avantages :<\/h3>\n<p>Nous concevons des casques pour les professionnels et les amateurs de sports a\u00e9riens, notamment les pilotes de paramoteur, les parapentistes et les parachutistes. Ces casques d'aviation avec \u00e9couteurs sont largement utilis\u00e9s dans les zones de largage, les sites de d\u00e9collage de parapente et les a\u00e9rodromes de loisirs en Europe et aux \u00c9tats-Unis. Con\u00e7u pour la s\u00e9curit\u00e9 et la communication, le casque d'aviation PH-HM100 combine une protection r\u00e9sistante aux chocs et un son clair pour l'aviation. En tant que casque de vol fiable, il est fabriqu\u00e9 par RayTalk et disponible pour les projets OEM et les commandes en vrac.<\/p>\n<div id=\"gtx-trans\" style=\"position: absolute; left: 79px; top: 396.225px;\">\n<div class=\"gtx-trans-icon\"><\/div>\n<\/div>","protected":false},"excerpt":{"rendered":"<p>Le casque d'aviation RayTalk PH-HM100 est con\u00e7u pour les sports a\u00e9riens tels que le parapente, le paramoteur et le parachutisme. Ce casque de parapente est dot\u00e9 d'une visi\u00e8re fixe int\u00e9gr\u00e9e pour prot\u00e9ger votre t\u00eate en cas de vent fort tout en gardant une communication claire. Choisissez la r\u00e9duction de bruit PNR ou ANR en fonction de vos besoins, les deux \u00e9tant enti\u00e8rement personnalisables. Une boucle magn\u00e9tique \u00e0 d\u00e9gagement rapide permet une fixation s\u00fbre et sans effort. Des coussinets souples pour les oreilles et la t\u00eate assurent le confort des vols dans les sports extr\u00eames.<br \/>\nLe microphone sensible permet aux pilotes et aux \u00e9quipes au sol de rester en contact, m\u00eame dans des conditions difficiles. Les doubles prises sont compatibles avec la plupart des syst\u00e8mes d'aviation g\u00e9n\u00e9rale. Les casques d'aviation RayTalk PH-HM100 avec \u00e9couteurs offrent confort, protection et communication claire dans les sports a\u00e9riens.<\/p>","protected":false},"featured_media":3695,"template":"","meta":[],"product_brand":[],"product_cat":[208,243],"product_tag":[],"class_list":{"0":"post-3716","1":"product","2":"type-product","3":"status-publish","4":"has-post-thumbnail","6":"product_cat-aviation","7":"product_cat-helmet-headsets","9":"first","10":"instock","11":"shipping-taxable","12":"purchasable","13":"product-type-simple"},"_links":{"self":[{"href":"https:\/\/raytalkcomms.com\/fr\/wp-json\/wp\/v2\/product\/3716","targetHints":{"allow":["GET"]}}],"collection":[{"href":"https:\/\/raytalkcomms.com\/fr\/wp-json\/wp\/v2\/product"}],"about":[{"href":"https:\/\/raytalkcomms.com\/fr\/wp-json\/wp\/v2\/types\/product"}],"wp:featuredmedia":[{"embeddable":true,"href":"https:\/\/raytalkcomms.com\/fr\/wp-json\/wp\/v2\/media\/3695"}],"wp:attachment":[{"href":"https:\/\/raytalkcomms.com\/fr\/wp-json\/wp\/v2\/media?parent=3716"}],"wp:term":[{"taxonomy":"product_brand","embeddable":true,"href":"https:\/\/raytalkcomms.com\/fr\/wp-json\/wp\/v2\/product_brand?post=3716"},{"taxonomy":"product_cat","embeddable":true,"href":"https:\/\/raytalkcomms.com\/fr\/wp-json\/wp\/v2\/product_cat?post=3716"},{"taxonomy":"product_tag","embeddable":true,"href":"https:\/\/raytalkcomms.com\/fr\/wp-json\/wp\/v2\/product_tag?post=3716"}],"curies":[{"name":"wp","href":"https:\/\/api.w.org\/{rel}","templated":true}]}}