{"id":3702,"date":"2025-09-26T11:58:34","date_gmt":"2025-09-26T11:58:34","guid":{"rendered":"https:\/\/raytalkcomms.com\/?post_type=product&#038;p=3702"},"modified":"2025-12-19T13:19:29","modified_gmt":"2025-12-19T13:19:29","slug":"ph-100a-fixed-wing-pnr-pilot-headphones-with-ga-plug","status":"publish","type":"product","link":"https:\/\/raytalkcomms.com\/fr\/produit\/ph-100a-fixed-wing-pnr-pilot-headphones-with-ga-plug\/","title":{"rendered":"PH-100A Fixed Wing PNR Pilot Headphones with GA Plug (casque de pilote PNR \u00e0 voilure fixe avec prise GA)"},"content":{"rendered":"<p>Le PH-100A est un casque d'aviation PNR fiable avec des coussinets mi-gel, mi-mousse qui se ferment herm\u00e9tiquement pour une r\u00e9duction passive du bruit, assurant le confort et la protection auditive sur les vols courts et longs. Un bandeau en acier inoxydable avec des curseurs r\u00e9glables s'adapte facilement \u00e0 diff\u00e9rentes tailles de t\u00eate. Bien qu'il s'agisse d'un casque d'aviation bon march\u00e9, il comprend un bo\u00eetier de contr\u00f4le avec volume et mono\/st\u00e9r\u00e9o, ce qui permet aux professionnels de l'aviation d'effectuer des r\u00e9glages de communication rapides et pratiques dans le cockpit. Le casque de pilote PH-100A avec prise GA convient aux a\u00e9ronefs \u00e0 voilure fixe, y compris les avions de l'aviation g\u00e9n\u00e9rale, les avions priv\u00e9s et les petits avions commerciaux. C'est un choix pratique et abordable pour les \u00e9coles de pilotage et les \u00e9l\u00e8ves pilotes.<\/p>\n<h3>Caract\u00e9ristiques :<\/h3>\n<ul>\n<li>Indice de r\u00e9duction du bruit passif (NRR) : 23dB<\/li>\n<li>Fiches doubles pour les a\u00e9ronefs g\u00e9n\u00e9raux<\/li>\n<li>Oreillettes confortables mi-gel mi-mousse<\/li>\n<li>Microphone \u00e9lectret antibruit en standard, microphone dynamique en option<\/li>\n<li>Prise pour \u00e9couteurs : PJ-055(.25\u2033F6.3 plug)<\/li>\n<li>Prise de microphone : PJ-068(.206\u2033F5.2 plug)<\/li>\n<li>Cordon droit entre le casque et la prise moul\u00e9e, 130CM<\/li>\n<\/ul>\n<h3>Personnalisation en option :<\/h3>\n<ul>\n<li>Noir, bleu, jaune, vert, gris, rose, rouge, orange.<\/li>\n<\/ul>\n<h3>Avantages :<\/h3>\n<p>Le casque d'aviation PH-100A PNR est con\u00e7u pour les \u00e9coles de pilotage, les compagnies a\u00e9riennes et les organisations d'aviation qui recherchent la durabilit\u00e9 et le confort. Avec une r\u00e9duction passive du bruit, des coussinets souples et un son clair, ce casque d'aviation prend en charge les vols \u00e0 voilure fixe, l'aviation g\u00e9n\u00e9rale et les vols priv\u00e9s avec une compatibilit\u00e9 fiable \u00e0 double prise.<\/p>","protected":false},"excerpt":{"rendered":"<p>Le casque PH-100A est une solution rentable pour les professionnels de l'aviation, en particulier les \u00e9l\u00e8ves-pilotes. Les \u00e9l\u00e8ves-pilotes sont souvent confront\u00e9s \u00e0 un bruit \u00e9lev\u00e9 dans le cockpit pendant la plupart des formations, ce qui rend difficile une communication claire. Le casque de pilote PH-100A offre une r\u00e9duction passive du bruit fiable pour r\u00e9duire les bruits de fond et am\u00e9liorer la concentration. De la formation initiale \u00e0 l'utilisation \u00e0 long terme, le casque d'aviation PH-100 reste un compagnon de vol id\u00e9al. Con\u00e7u comme un casque d'aviation abordable, il est parfait pour les \u00e9coles de pilotage, l'utilisation en tant que copilote et les vols de routine, offrant aux nouveaux aviateurs le confort et la clart\u00e9 dont ils ont besoin.<\/p>","protected":false},"featured_media":4193,"template":"","meta":[],"product_brand":[],"product_cat":[208,314,319],"product_tag":[],"class_list":{"0":"post-3702","1":"product","2":"type-product","3":"status-publish","4":"has-post-thumbnail","6":"product_cat-aviation","7":"product_cat-fixed-wing","8":"product_cat-passive-noise-reduction-fixed-wing","10":"first","11":"instock","12":"shipping-taxable","13":"purchasable","14":"product-type-simple"},"_links":{"self":[{"href":"https:\/\/raytalkcomms.com\/fr\/wp-json\/wp\/v2\/product\/3702","targetHints":{"allow":["GET"]}}],"collection":[{"href":"https:\/\/raytalkcomms.com\/fr\/wp-json\/wp\/v2\/product"}],"about":[{"href":"https:\/\/raytalkcomms.com\/fr\/wp-json\/wp\/v2\/types\/product"}],"wp:featuredmedia":[{"embeddable":true,"href":"https:\/\/raytalkcomms.com\/fr\/wp-json\/wp\/v2\/media\/4193"}],"wp:attachment":[{"href":"https:\/\/raytalkcomms.com\/fr\/wp-json\/wp\/v2\/media?parent=3702"}],"wp:term":[{"taxonomy":"product_brand","embeddable":true,"href":"https:\/\/raytalkcomms.com\/fr\/wp-json\/wp\/v2\/product_brand?post=3702"},{"taxonomy":"product_cat","embeddable":true,"href":"https:\/\/raytalkcomms.com\/fr\/wp-json\/wp\/v2\/product_cat?post=3702"},{"taxonomy":"product_tag","embeddable":true,"href":"https:\/\/raytalkcomms.com\/fr\/wp-json\/wp\/v2\/product_tag?post=3702"}],"curies":[{"name":"wp","href":"https:\/\/api.w.org\/{rel}","templated":true}]}}