{"id":3677,"date":"2025-09-26T10:53:30","date_gmt":"2025-09-26T10:53:30","guid":{"rendered":"https:\/\/raytalkcomms.com\/?post_type=product&#038;p=3677"},"modified":"2026-03-02T07:34:46","modified_gmt":"2026-03-02T07:34:46","slug":"ph-600a-anr-aviation-headsets-with-bluetooth","status":"publish","type":"product","link":"https:\/\/raytalkcomms.com\/fr\/produit\/ph-600a-anr-aviation-headsets-with-bluetooth\/","title":{"rendered":"PH-600A Casque d'aviation ANR avec Bluetooth"},"content":{"rendered":"<p>Le casque bluetooth PH-600 pour l'aviation est con\u00e7u avec une apparence \u00e9l\u00e9gante et une qualit\u00e9 de fabrication professionnelle, ce qui en fait un choix comp\u00e9titif sur le march\u00e9 des casques d'aviation. Il est dot\u00e9 d'un nouveau bandeau confortable avec un coussinet rempla\u00e7able pour une durabilit\u00e9 \u00e0 long terme, ainsi que de microphones antibruit ultra-sensibles qui pivotent sur 270\u00b0 pour un positionnement pr\u00e9cis. Les coussinets en similicuir sont doux et ergonomiques, garantissant des heures de port sans fatigue. Pour les pilotes professionnels, les instructeurs de vol et les professionnels de l'aviation, ce casque d'aviation offre des performances de haute qualit\u00e9 \u00e0 un prix rentable, offrant l'aspect et la sensation des marques haut de gamme sans compromis.<\/p>\n<h3>Caract\u00e9ristiques :<\/h3>\n<ul>\n<li>Taux de r\u00e9duction du bruit actif (NRR) : 29dB<\/li>\n<li>Indice de r\u00e9duction du bruit passif (NRR) : 23dB<\/li>\n<li>Nouveau type de bandeau confortable avec un coussinet rempla\u00e7able<\/li>\n<li>Bandeau en acier inoxydable r\u00e9glable au-dessus de la t\u00eate<\/li>\n<li>Coussinets en faux cuir<\/li>\n<li>Bo\u00eetier de commande Bluetooth pour la musique et les appels t\u00e9l\u00e9phoniques<\/li>\n<li>Microphone en silicone orientable \u00e0 270<\/li>\n<li>Entr\u00e9e audio auxiliaire de 3,5 mm (c\u00e2ble inclus)<\/li>\n<li>Commutateur de priorit\u00e9 audio \u00e0 3 voies : A) Priorit\u00e9 \u00e0 l'intercom, B) Toutes les sources audio, C) Intercom uniquement.<\/li>\n<li>LED d'alimentation\/\u00e9tat de la batterie \u00e0 3 couleurs.<\/li>\n<li>LED d'\u00e9tat Bluetooth \u00e0 4 fonctions.<\/li>\n<li>Utilise 2 piles AA. (piles non incluses)<\/li>\n<li>Fiches doubles hautement compatibles<\/li>\n<\/ul>\n<h3>Avantages :<\/h3>\n<p>Pour les pilotes qui luttent souvent contre le bruit du cockpit et les longues heures de port du casque, le casque ANR PH-600A pour l'aviation offre un confort durable et un son clair. Ce casque Bluetooth pour machine volante offre \u00e0 la fois une flexibilit\u00e9 pour les petites s\u00e9ries et les commandes en gros, ce qui en fait une solution id\u00e9ale pour les \u00e9coles de formation, les compagnies a\u00e9riennes et les \u00e9quipages professionnels.<\/p>","protected":false},"excerpt":{"rendered":"<p>Les casques d'aviation PH-600A combinent la technologie avanc\u00e9e des casques ANR avec la capacit\u00e9 Bluetooth pour une communication claire comme du cristal. Un bo\u00eetier de commande Bluetooth int\u00e9gr\u00e9 assure une connectivit\u00e9 facile, tandis que la r\u00e9duction active du bruit cr\u00e9e un cockpit exceptionnellement silencieux. Con\u00e7us pour le confort et la performance, ces casques s'adaptent \u00e0 la plupart des types d'avions, offrant aux pilotes un son fiable et un fonctionnement sans fil transparent.<\/p>","protected":false},"featured_media":4195,"template":"","meta":[],"product_brand":[],"product_cat":[208,314,320],"product_tag":[],"class_list":{"0":"post-3677","1":"product","2":"type-product","3":"status-publish","4":"has-post-thumbnail","6":"product_cat-aviation","7":"product_cat-fixed-wing","8":"product_cat-bluetooth-fixed-wing","10":"first","11":"instock","12":"shipping-taxable","13":"purchasable","14":"product-type-simple"},"_links":{"self":[{"href":"https:\/\/raytalkcomms.com\/fr\/wp-json\/wp\/v2\/product\/3677","targetHints":{"allow":["GET"]}}],"collection":[{"href":"https:\/\/raytalkcomms.com\/fr\/wp-json\/wp\/v2\/product"}],"about":[{"href":"https:\/\/raytalkcomms.com\/fr\/wp-json\/wp\/v2\/types\/product"}],"wp:featuredmedia":[{"embeddable":true,"href":"https:\/\/raytalkcomms.com\/fr\/wp-json\/wp\/v2\/media\/4195"}],"wp:attachment":[{"href":"https:\/\/raytalkcomms.com\/fr\/wp-json\/wp\/v2\/media?parent=3677"}],"wp:term":[{"taxonomy":"product_brand","embeddable":true,"href":"https:\/\/raytalkcomms.com\/fr\/wp-json\/wp\/v2\/product_brand?post=3677"},{"taxonomy":"product_cat","embeddable":true,"href":"https:\/\/raytalkcomms.com\/fr\/wp-json\/wp\/v2\/product_cat?post=3677"},{"taxonomy":"product_tag","embeddable":true,"href":"https:\/\/raytalkcomms.com\/fr\/wp-json\/wp\/v2\/product_tag?post=3677"}],"curies":[{"name":"wp","href":"https:\/\/api.w.org\/{rel}","templated":true}]}}