{"id":3675,"date":"2025-09-26T09:43:06","date_gmt":"2025-09-26T09:43:06","guid":{"rendered":"https:\/\/raytalkcomms.com\/?post_type=product&#038;p=3675"},"modified":"2025-12-04T09:43:29","modified_gmt":"2025-12-04T09:43:29","slug":"ran-1000aq-radio-headset-with-xlr-5pin-jack","status":"publish","type":"product","link":"https:\/\/raytalkcomms.com\/fr\/produit\/ran-1000aq-radio-headset-with-xlr-5pin-jack\/","title":{"rendered":"RAN-1000AQ Casque radio avec prise XLR \u00e0 5 broches"},"content":{"rendered":"<p>Le casque d'interphonie RAN-1000AQ offre une durabilit\u00e9 et un son de haute qualit\u00e9 pour les communications en milieu industriel. Son design confortable et son microphone antibruit garantissent une communication claire et fiable. Le RAN-1000AQ est \u00e9quip\u00e9 d'une prise mini XLR \u00e0 5 broches, permettant une connexion s\u00fbre et efficace aux syst\u00e8mes d'intercom professionnels.<\/p>\n<h3>Caract\u00e9ristiques :<\/h3>\n<ul>\n<li>Microphone antibruit<\/li>\n<li>Type de t\u00eate<\/li>\n<li>Coussinets souples<\/li>\n<li>Bouton de r\u00e9glage du bandeau<\/li>\n<li>Oreillettes mi-gel mi-mousse<\/li>\n<li>Bouton de conversation<\/li>\n<li>Contr\u00f4le de volume int\u00e9gr\u00e9<\/li>\n<li>Mini XLR 5 broches<\/li>\n<\/ul>\n<h3>Avantages :<\/h3>\n<p>Ce casque intercom est dot\u00e9 d'oreillettes mi-gel, mi-mousse qui am\u00e9liorent le confort et r\u00e9duisent la fatigue par rapport aux oreillettes en gel standard. Un bouton de r\u00e9glage du serre-t\u00eate assure un ajustement s\u00fbr, tandis que le contr\u00f4le du volume int\u00e9gr\u00e9 permet des r\u00e9glages audio rapides et personnalis\u00e9s pendant les entra\u00eenements ou les courses d'UTV.<\/p>\n<div id=\"gtx-trans\" style=\"position: absolute; left: -56px; top: 135.8px;\">\n<div class=\"gtx-trans-icon\"><\/div>\n<\/div>","protected":false},"excerpt":{"rendered":"<p>Dans les stands de course et les sites d'ing\u00e9nierie, le bruit rend la communication difficile. Le casque radio pour service intensif RAN-1000AQ r\u00e9sout ce probl\u00e8me gr\u00e2ce \u00e0 un son clair, un coussinet souple et une bonne tenue. Con\u00e7u pour les longues p\u00e9riodes de travail, ce casque lourd \u00e0 porter sur la t\u00eate r\u00e9duit la pression et permet aux \u00e9quipes de rester connect\u00e9es gr\u00e2ce \u00e0 des performances fiables dans des environnements exigeants. Le casque radio RAN-1000AQ est tr\u00e8s appr\u00e9ci\u00e9 et largement utilis\u00e9 par les \u00e9quipes de course professionnelles.<\/p>","protected":false},"featured_media":3662,"template":"","meta":[],"product_brand":[],"product_cat":[214,209,268,217],"product_tag":[],"class_list":{"0":"post-3675","1":"product","2":"type-product","3":"status-publish","4":"has-post-thumbnail","6":"product_cat-two-way-radio-accessories","7":"product_cat-racing","8":"product_cat-headset-racing","9":"product_cat-heavy-duty-headset","11":"first","12":"instock","13":"shipping-taxable","14":"purchasable","15":"product-type-simple"},"_links":{"self":[{"href":"https:\/\/raytalkcomms.com\/fr\/wp-json\/wp\/v2\/product\/3675","targetHints":{"allow":["GET"]}}],"collection":[{"href":"https:\/\/raytalkcomms.com\/fr\/wp-json\/wp\/v2\/product"}],"about":[{"href":"https:\/\/raytalkcomms.com\/fr\/wp-json\/wp\/v2\/types\/product"}],"wp:featuredmedia":[{"embeddable":true,"href":"https:\/\/raytalkcomms.com\/fr\/wp-json\/wp\/v2\/media\/3662"}],"wp:attachment":[{"href":"https:\/\/raytalkcomms.com\/fr\/wp-json\/wp\/v2\/media?parent=3675"}],"wp:term":[{"taxonomy":"product_brand","embeddable":true,"href":"https:\/\/raytalkcomms.com\/fr\/wp-json\/wp\/v2\/product_brand?post=3675"},{"taxonomy":"product_cat","embeddable":true,"href":"https:\/\/raytalkcomms.com\/fr\/wp-json\/wp\/v2\/product_cat?post=3675"},{"taxonomy":"product_tag","embeddable":true,"href":"https:\/\/raytalkcomms.com\/fr\/wp-json\/wp\/v2\/product_tag?post=3675"}],"curies":[{"name":"wp","href":"https:\/\/api.w.org\/{rel}","templated":true}]}}