{"id":3610,"date":"2025-09-26T08:11:01","date_gmt":"2025-09-26T08:11:01","guid":{"rendered":"https:\/\/raytalkcomms.com\/?post_type=product&#038;p=3610"},"modified":"2025-12-30T10:43:44","modified_gmt":"2025-12-30T10:43:44","slug":"e-46-slow-rebound-listen-only-two-way-radio-earpiece","status":"publish","type":"product","link":"https:\/\/raytalkcomms.com\/fr\/produit\/e-46-slow-rebound-listen-only-two-way-radio-earpiece\/","title":{"rendered":"E-46 Rebondissement lent \u00c9coute seule \u00c9couteur de radio bidirectionnelle"},"content":{"rendered":"<p>L'\u00e9couteur radio bidirectionnel E-46 utilise une oreillette en mousse pour la radio qui peut \u00eatre model\u00e9e selon les besoins pour obtenir un meilleur effet de communication intra-auriculaire. Sa vitesse de rebond lente permet de maintenir la forme, ce qui le rend id\u00e9al pour les \u00e9v\u00e9nements de sport automobile \u00e0 haute pression. Le c\u00e2ble l\u00e9ger \u00e0 double enroulement garantit la durabilit\u00e9 et le confort \u00e0 long terme.<\/p>\n<h3>Caract\u00e9ristiques :<\/h3>\n<ul>\n<li>Oreillette en mousse \u00e0 rebond lent<\/li>\n<li>Haut-parleurs mini-armature<\/li>\n<li>C\u00e2ble \u00e0 double enveloppe<\/li>\n<li>Disponible pour les jacks audio de 2,5 mm ou de 3. 5 mm<\/li>\n<\/ul>\n<h3>Avantages :<\/h3>\n<p>Fabriqu\u00e9 par RayTalk, l'\u00e9couteur radio intra-auriculaire E-46 est compact mais puissant, offrant une qualit\u00e9 vocale super forte et claire \u00e0 travers les radios Kenwood, Harris et m\u00eame certains t\u00e9l\u00e9phones portables. Avec ces \u00e9couteurs, travailler dans les environnements difficiles du sport automobile devient plus facile et plus efficace. Les \u00e9couteurs de course E-46 allient durabilit\u00e9 et confort ergonomique, garantissant que les \u00e9quipes des stands et les professionnels de la course restent connect\u00e9s avec un son cristallin, m\u00eame dans les conditions les plus bruyantes sur le bord de la piste.<\/p>\n<div id=\"gtx-trans\" style=\"position: absolute; left: 393px; top: 346.825px;\">\n<div class=\"gtx-trans-icon\"><\/div>\n<\/div>","protected":false},"excerpt":{"rendered":"<p>L'\u00e9couteur radio bidirectionnel E-46 offre une qualit\u00e9 sonore sup\u00e9rieure gr\u00e2ce \u00e0 ses mini haut-parleurs et \u00e0 son embout en mousse \u00e0 rebond lent, offrant une r\u00e9duction du bruit de 20 dB (NRR). En tant qu'\u00e9couteur radio fiable, il est largement utilis\u00e9 par les \u00e9quipes et les professionnels des sports m\u00e9caniques, y compris les courses de motos et les \u00e9v\u00e9nements de F1, o\u00f9 une communication claire et une r\u00e9duction du bruit sont essentielles pour la performance et la s\u00e9curit\u00e9.<\/p>","protected":false},"featured_media":3623,"template":"","meta":[],"product_brand":[],"product_cat":[214,209,268,215,313],"product_tag":[],"class_list":{"0":"post-3610","1":"product","2":"type-product","3":"status-publish","4":"has-post-thumbnail","6":"product_cat-two-way-radio-accessories","7":"product_cat-racing","8":"product_cat-headset-racing","9":"product_cat-earpieces","10":"product_cat-listen-only-earpiece","12":"first","13":"instock","14":"shipping-taxable","15":"purchasable","16":"product-type-simple"},"_links":{"self":[{"href":"https:\/\/raytalkcomms.com\/fr\/wp-json\/wp\/v2\/product\/3610","targetHints":{"allow":["GET"]}}],"collection":[{"href":"https:\/\/raytalkcomms.com\/fr\/wp-json\/wp\/v2\/product"}],"about":[{"href":"https:\/\/raytalkcomms.com\/fr\/wp-json\/wp\/v2\/types\/product"}],"wp:featuredmedia":[{"embeddable":true,"href":"https:\/\/raytalkcomms.com\/fr\/wp-json\/wp\/v2\/media\/3623"}],"wp:attachment":[{"href":"https:\/\/raytalkcomms.com\/fr\/wp-json\/wp\/v2\/media?parent=3610"}],"wp:term":[{"taxonomy":"product_brand","embeddable":true,"href":"https:\/\/raytalkcomms.com\/fr\/wp-json\/wp\/v2\/product_brand?post=3610"},{"taxonomy":"product_cat","embeddable":true,"href":"https:\/\/raytalkcomms.com\/fr\/wp-json\/wp\/v2\/product_cat?post=3610"},{"taxonomy":"product_tag","embeddable":true,"href":"https:\/\/raytalkcomms.com\/fr\/wp-json\/wp\/v2\/product_tag?post=3610"}],"curies":[{"name":"wp","href":"https:\/\/api.w.org\/{rel}","templated":true}]}}