{"id":3608,"date":"2025-09-26T06:52:13","date_gmt":"2025-09-26T06:52:13","guid":{"rendered":"https:\/\/raytalkcomms.com\/?post_type=product&#038;p=3608"},"modified":"2025-12-30T07:03:15","modified_gmt":"2025-12-30T07:03:15","slug":"rtm-03-military-throat-microphone","status":"publish","type":"product","link":"https:\/\/raytalkcomms.com\/fr\/produit\/rtm-03-military-throat-microphone\/","title":{"rendered":"RTM-03 Microphone de gorge militaire"},"content":{"rendered":"<p>Le microphone de gorge RTM-03 est con\u00e7u pour les environnements exigeants, offrant le confort et la clart\u00e9 attendus des communications tactiques. Sa bande r\u00e9glable s'adapte \u00e0 des cous de 12 \u00e0 14 pouces, tandis que la conception \u00e0 fil unique int\u00e8gre un grand bouton rond de t\u00e9l\u00e9commande pour un contr\u00f4le s\u00fbr et mains libres. Ces microphones de gorge sont pr\u00eats pour la fourniture OEM\/ODM afin de r\u00e9pondre aux divers besoins de communication des professionnels et des militaires.<\/p>\n<p>Caract\u00e9ristiques :<br \/>\nBandeau r\u00e9glable<br \/>\nOreillette r\u00e9versible \u00e0 tube transparent<br \/>\nHaut-parleur \u00e0 armature<br \/>\nMicrophone \u00e0 condensateur \u00e9lectret<br \/>\nGrand bouton rond de la t\u00e9l\u00e9commande<\/p>\n<p>Avantages :<br \/>\nLe RTM-03 se distingue des autres microphones de gorge en combinant confort et clart\u00e9 fiable sur le terrain. En tant que microphone de gorge tactique, il transmet la parole par le biais des vibrations de la gorge, tandis que la technologie avanc\u00e9e du microphone re\u00e7oit m\u00eame le son chuchot\u00e9 de l'utilisateur. Durable, s\u00fbr et \u00e9prouv\u00e9 sur le terrain, il permet aux \u00e9quipes tactiques de rester connect\u00e9es lorsque les communications sont les plus importantes.<\/p>","protected":false},"excerpt":{"rendered":"<p>Le microphone \u00e0 gorge militaire RTM-03 \u00e0 tube acoustique souple est con\u00e7u pour une communication claire dans les environnements bruyants. Contrairement aux casques tactiques standard, ce microphone de gorge flexible s'enroule autour du cou pour capter les vibrations directement \u00e0 partir de la gorge, bloquant ainsi les bruits de fond. Un tube transparent de type surveillance s'enroule derri\u00e8re l'oreille et l'\u00e9couteur se fixe solidement \u00e0 l'int\u00e9rieur, ce qui garantit une communication plus stable et plus claire. C'est un choix fiable pour les \u00e9quipes tactiques, les exercices d'entra\u00eenement et les op\u00e9rations sur le terrain o\u00f9 chaque commande doit \u00eatre entendue.<\/p>\n<div id=\"gtx-trans\" style=\"position: absolute; left: 218px; top: -8.8px;\">\n<div class=\"gtx-trans-icon\"><\/div>\n<\/div>","protected":false},"featured_media":4191,"template":"","meta":[],"product_brand":[],"product_cat":[210,252],"product_tag":[],"class_list":{"0":"post-3608","1":"product","2":"type-product","3":"status-publish","4":"has-post-thumbnail","6":"product_cat-military-tactical","7":"product_cat-headset","9":"first","10":"instock","11":"shipping-taxable","12":"purchasable","13":"product-type-simple"},"_links":{"self":[{"href":"https:\/\/raytalkcomms.com\/fr\/wp-json\/wp\/v2\/product\/3608","targetHints":{"allow":["GET"]}}],"collection":[{"href":"https:\/\/raytalkcomms.com\/fr\/wp-json\/wp\/v2\/product"}],"about":[{"href":"https:\/\/raytalkcomms.com\/fr\/wp-json\/wp\/v2\/types\/product"}],"wp:featuredmedia":[{"embeddable":true,"href":"https:\/\/raytalkcomms.com\/fr\/wp-json\/wp\/v2\/media\/4191"}],"wp:attachment":[{"href":"https:\/\/raytalkcomms.com\/fr\/wp-json\/wp\/v2\/media?parent=3608"}],"wp:term":[{"taxonomy":"product_brand","embeddable":true,"href":"https:\/\/raytalkcomms.com\/fr\/wp-json\/wp\/v2\/product_brand?post=3608"},{"taxonomy":"product_cat","embeddable":true,"href":"https:\/\/raytalkcomms.com\/fr\/wp-json\/wp\/v2\/product_cat?post=3608"},{"taxonomy":"product_tag","embeddable":true,"href":"https:\/\/raytalkcomms.com\/fr\/wp-json\/wp\/v2\/product_tag?post=3608"}],"curies":[{"name":"wp","href":"https:\/\/api.w.org\/{rel}","templated":true}]}}