{"id":3607,"date":"2025-09-26T05:05:33","date_gmt":"2025-09-26T05:05:33","guid":{"rendered":"https:\/\/raytalkcomms.com\/?post_type=product&#038;p=3607"},"modified":"2025-12-04T07:47:24","modified_gmt":"2025-12-04T07:47:24","slug":"rhs-07-in-ear-behind-the-head-tactical-earpiece","status":"publish","type":"product","link":"https:\/\/raytalkcomms.com\/fr\/produit\/rhs-07-in-ear-behind-the-head-tactical-earpiece\/","title":{"rendered":"RHS-07 Oreillette tactique intra-auriculaire derri\u00e8re la t\u00eate"},"content":{"rendered":"<p>Il est \u00e9quip\u00e9 d'un microphone de haute qualit\u00e9, d'un grand bouton poussoir (PTT) en ligne avec clip pivotant et d'un bouton poussoir s\u00e9curis\u00e9 \u00e0 distance, qui vous donne l'avantage d'avoir les mains libres pour manipuler des armes ou des outils. Le casque de communication tactique RHS-07 se connecte aux radios bidirectionnelles, id\u00e9al pour l'entra\u00eenement des \u00e9quipes de d\u00e9fense et de s\u00e9curit\u00e9.<\/p>\n<h3>Caract\u00e9ristiques :<\/h3>\n<ul>\n<li>Bandeau en acier inoxydable r\u00e9glable derri\u00e8re la t\u00eate<\/li>\n<li>Microphone de haute qualit\u00e9<\/li>\n<li>Oreillettes en silicone<\/li>\n<li>Microphone \u00e0 perche flexible<\/li>\n<li>Grand bouton poussoir (PTT) avec clip<\/li>\n<li>C\u00e2ble en PU<\/li>\n<\/ul>\n<h3>Avantages :<\/h3>\n<p>Le casque de communication tactique RHS-07 est dot\u00e9 d'oreillettes en silicone souple, offrant confort et hygi\u00e8ne pour une utilisation partag\u00e9e. Faisant partie d'un syst\u00e8me de communication tactique moderne, il comprend un microphone \u00e0 perche flexible avec une bonnette rempla\u00e7able, offrant aux \u00e9quipes de tir et d'entra\u00eenement une flexibilit\u00e9 et une fiabilit\u00e9 accrues.<\/p>","protected":false},"excerpt":{"rendered":"<p>Le RHS-07 est un \u00e9couteur tactique intra-auriculaire con\u00e7u comme un casque l\u00e9ger derri\u00e8re la t\u00eate pour les syst\u00e8mes de communication tactiques modernes. Il est \u00e9quip\u00e9 d'un micro \u00e0 perche et d'un haut-parleur \u00e0 armature \u00e9quilibr\u00e9e pour des performances audio pr\u00e9cises. Qu'il s'agisse de manipuler des armes ou des outils, ou d'op\u00e9rer dans des environnements rapides, cet \u00e9couteur tactique garantit une communication claire et un confort fiable pour une utilisation prolong\u00e9e sur le terrain.<\/p>","protected":false},"featured_media":4198,"template":"","meta":[],"product_brand":[],"product_cat":[210,252,214,270],"product_tag":[],"class_list":{"0":"post-3607","1":"product","2":"type-product","3":"status-publish","4":"has-post-thumbnail","6":"product_cat-military-tactical","7":"product_cat-headset","8":"product_cat-two-way-radio-accessories","9":"product_cat-lightweight-headset","11":"first","12":"instock","13":"shipping-taxable","14":"purchasable","15":"product-type-simple"},"_links":{"self":[{"href":"https:\/\/raytalkcomms.com\/fr\/wp-json\/wp\/v2\/product\/3607","targetHints":{"allow":["GET"]}}],"collection":[{"href":"https:\/\/raytalkcomms.com\/fr\/wp-json\/wp\/v2\/product"}],"about":[{"href":"https:\/\/raytalkcomms.com\/fr\/wp-json\/wp\/v2\/types\/product"}],"wp:featuredmedia":[{"embeddable":true,"href":"https:\/\/raytalkcomms.com\/fr\/wp-json\/wp\/v2\/media\/4198"}],"wp:attachment":[{"href":"https:\/\/raytalkcomms.com\/fr\/wp-json\/wp\/v2\/media?parent=3607"}],"wp:term":[{"taxonomy":"product_brand","embeddable":true,"href":"https:\/\/raytalkcomms.com\/fr\/wp-json\/wp\/v2\/product_brand?post=3607"},{"taxonomy":"product_cat","embeddable":true,"href":"https:\/\/raytalkcomms.com\/fr\/wp-json\/wp\/v2\/product_cat?post=3607"},{"taxonomy":"product_tag","embeddable":true,"href":"https:\/\/raytalkcomms.com\/fr\/wp-json\/wp\/v2\/product_tag?post=3607"}],"curies":[{"name":"wp","href":"https:\/\/api.w.org\/{rel}","templated":true}]}}