{"id":3498,"date":"2025-09-25T14:47:54","date_gmt":"2025-09-25T14:47:54","guid":{"rendered":"https:\/\/raytalkcomms.com\/?post_type=product&#038;p=3498"},"modified":"2025-12-04T13:05:00","modified_gmt":"2025-12-04T13:05:00","slug":"rsm-150-cc-walkie-talkie-microphone-for-kenwood","status":"publish","type":"product","link":"https:\/\/raytalkcomms.com\/fr\/produit\/rsm-150-cc-walkie-talkie-microphone-for-kenwood\/","title":{"rendered":"RSM-150\/CC Microphone pour talkie-walkie Kenwood"},"content":{"rendered":"<p>Le microphone RSM-150\/CC pour talkie-walkie offre une communication claire, fiable et mains libres. Ce microphone radio bidirectionnel durable est dot\u00e9 d'un syst\u00e8me audio avanc\u00e9, d'un haut-parleur puissant et d'un clip d'\u00e9paule pour plus de confort. Il est compatible avec les radios Kenwood et d'autres radios.<\/p>\n<h3>Caract\u00e9ristiques :<\/h3>\n<ul>\n<li>Bouton \"Push-to-Talk<\/li>\n<li>Microphone de haute qualit\u00e9 orient\u00e9 vers l'avant<\/li>\n<li>Haut-parleur amplifi\u00e9<\/li>\n<li>C\u00e2ble flexible \u00e0 ressort<\/li>\n<li>Clip rotatif \u00e0 360<\/li>\n<li>Soulagement durable de la tension<\/li>\n<li>Bo\u00eetier l\u00e9ger en polycarbonate<\/li>\n<li>Prise externe de 3,5 mm<\/li>\n<\/ul>\n<h3>Avantages :<\/h3>\n<p>Le RSM-150\/CC est un microphone \u00e0 haut-parleur bidirectionnel fiable con\u00e7u pour les environnements bruyants et exigeants. Ce microphone haut-parleur renforce le travail d'\u00e9quipe, la s\u00e9curit\u00e9 et la productivit\u00e9, tout en assurant la compatibilit\u00e9 avec Kenwood et d'autres talkies-walkies populaires.<\/p>\n<div id=\"gtx-trans\" style=\"position: absolute; left: 303px; top: 1.2px;\">\n<div class=\"gtx-trans-icon\"><\/div>\n<\/div>","protected":false},"excerpt":{"rendered":"<p>Le microphone RSM-150\/CC pour talkie-walkie est con\u00e7u pour offrir une communication claire et fiable aux professionnels qui utilisent les radios bidirectionnelles Kenwood. Ce microphone \u00e0 haut-parleur d'\u00e9paule permet un fonctionnement mains libres, garantissant que vos messages sont transmis clairement m\u00eame dans des environnements bruyants ou exigeants. L\u00e9ger et ergonomique, il est id\u00e9al pour les \u00e9quipes de s\u00e9curit\u00e9, les forces de l'ordre et les op\u00e9rations commerciales qui n\u00e9cessitent une connectivit\u00e9 constante. Gr\u00e2ce \u00e0 sa construction durable et \u00e0 ses performances audio de haute qualit\u00e9, le RSM-150 am\u00e9liore l'efficacit\u00e9 et la s\u00e9curit\u00e9, ce qui en fait la solution id\u00e9ale pour ceux qui ont besoin d'un microphone radio bidirectionnel fiable.<\/p>","protected":false},"featured_media":4199,"template":"","meta":[],"product_brand":[],"product_cat":[214,216],"product_tag":[],"class_list":{"0":"post-3498","1":"product","2":"type-product","3":"status-publish","4":"has-post-thumbnail","6":"product_cat-two-way-radio-accessories","7":"product_cat-speaker-microphone","9":"first","10":"instock","11":"shipping-taxable","12":"purchasable","13":"product-type-simple"},"_links":{"self":[{"href":"https:\/\/raytalkcomms.com\/fr\/wp-json\/wp\/v2\/product\/3498","targetHints":{"allow":["GET"]}}],"collection":[{"href":"https:\/\/raytalkcomms.com\/fr\/wp-json\/wp\/v2\/product"}],"about":[{"href":"https:\/\/raytalkcomms.com\/fr\/wp-json\/wp\/v2\/types\/product"}],"wp:featuredmedia":[{"embeddable":true,"href":"https:\/\/raytalkcomms.com\/fr\/wp-json\/wp\/v2\/media\/4199"}],"wp:attachment":[{"href":"https:\/\/raytalkcomms.com\/fr\/wp-json\/wp\/v2\/media?parent=3498"}],"wp:term":[{"taxonomy":"product_brand","embeddable":true,"href":"https:\/\/raytalkcomms.com\/fr\/wp-json\/wp\/v2\/product_brand?post=3498"},{"taxonomy":"product_cat","embeddable":true,"href":"https:\/\/raytalkcomms.com\/fr\/wp-json\/wp\/v2\/product_cat?post=3498"},{"taxonomy":"product_tag","embeddable":true,"href":"https:\/\/raytalkcomms.com\/fr\/wp-json\/wp\/v2\/product_tag?post=3498"}],"curies":[{"name":"wp","href":"https:\/\/api.w.org\/{rel}","templated":true}]}}