{"id":3161,"date":"2025-09-25T13:37:54","date_gmt":"2025-09-25T13:37:54","guid":{"rendered":"https:\/\/raytalkcomms.com\/?post_type=product&#038;p=3161"},"modified":"2025-12-04T13:11:55","modified_gmt":"2025-12-04T13:11:55","slug":"rsm-110-cc-push-to-talk-walkie-microphone-for-two-way-radio","status":"publish","type":"product","link":"https:\/\/raytalkcomms.com\/fr\/produit\/rsm-110-cc-push-to-talk-walkie-microphone-for-two-way-radio\/","title":{"rendered":"RSM-110\/CC Microphone Walkie Push To Talk pour radio bidirectionnelle"},"content":{"rendered":"<p>Le micro-pipi RSM-110\/CC est con\u00e7u pour am\u00e9liorer la communication en offrant un fonctionnement clair et mains libres pour les radios bidirectionnelles. L\u00e9ger et confortable \u00e0 transporter, ce micro \u00e9metteur-r\u00e9cepteur permet aux professionnels de la s\u00e9curit\u00e9 publique et des environnements commerciaux de rester connect\u00e9s \u00e0 tout moment. Parfait pour les \u00e9quipes de s\u00e9curit\u00e9, les forces de l'ordre et les activit\u00e9s de plein air, le micro talkie-walkie RSM-100 garantit des performances fiables l\u00e0 o\u00f9 la communication est la plus importante.<\/p>\n<h3>Caract\u00e9ristiques :<\/h3>\n<ul>\n<li>Bouton \"Push-to-Talk\" : Il suffit d'appuyer sur un bouton pour obtenir une communication instantan\u00e9e et fiable, garantissant des temps de r\u00e9ponse rapides et une coordination sans faille de l'\u00e9quipe dans les situations critiques.<\/li>\n<li>Microphone de haute qualit\u00e9 : Capture un son clair et net gr\u00e2ce \u00e0 une technologie audio avanc\u00e9e, \u00e9liminant les bruits de fond pour que chaque instruction soit d\u00e9livr\u00e9e avec pr\u00e9cision.<\/li>\n<li>Haut-parleur \u00e0 haut rendement : Il d\u00e9livre un son fort et clair m\u00eame dans les environnements bruyants, garantissant que les messages sont entendus sans distorsion pendant les op\u00e9rations industrielles \u00e0 haut volume.<\/li>\n<li>C\u00e2ble h\u00e9lico\u00efdal durable en kevlar : Con\u00e7u pour une solidit\u00e9 et une flexibilit\u00e9 durables, il r\u00e9siste \u00e0 l'usure, aux d\u00e9chirures et \u00e0 l'enchev\u00eatrement pour supporter les conditions industrielles ou ext\u00e9rieures les plus difficiles.<\/li>\n<li>Clip de v\u00eatement renforc\u00e9 en m\u00e9tal, rotatif \u00e0 360\u00b0 et mont\u00e9 sur ressort : Permet une fixation s\u00fbre et ajustable sur les uniformes, les ceintures ou les \u00e9quipements, maintenant le micro en place tout en offrant une mobilit\u00e9 et une commodit\u00e9 maximales.<\/li>\n<li>Prise audio de 3,5 mm : compatible avec une large gamme de casques et d'accessoires professionnels, offrant une connectivit\u00e9 polyvalente et des options de communication am\u00e9lior\u00e9es.<\/li>\n<\/ul>\n<h3>Avantages :<\/h3>\n<p>Le RSM-110\/CC offre les avantages d'un puissant microphone \u00e0 haut-parleur pour radios bidirectionnelles, permettant une communication cristalline dans toutes les situations. En tant que micro haut-parleur fiable, sa forte compatibilit\u00e9 lui permet de fonctionner sans probl\u00e8me avec la plupart des radios bidirectionnelles, y compris Motorola. Ce talkie-walkie robuste est con\u00e7u pour une utilisation professionnelle, combinant la durabilit\u00e9 d'un micro radio bidirectionnel de qualit\u00e9 industrielle avec une clart\u00e9 audio sup\u00e9rieure, ce qui le rend id\u00e9al pour les environnements exigeants o\u00f9 une communication mains libres fiable est essentielle pour la s\u00e9curit\u00e9 et l'efficacit\u00e9.<\/p>","protected":false},"excerpt":{"rendered":"<p>Le RSM-110\/CC est un microphone de talkie-walkie pour radio bidirectionnelle. Il est con\u00e7u pour les professionnels qui ont besoin d'une communication fiable et claire. Ce micro haut-parleur robuste pour radio bidirectionnelle offre un son de haute qualit\u00e9, garantissant que vos messages sont entendus haut et fort dans n'importe quel environnement. Gr\u00e2ce \u00e0 sa construction durable et \u00e0 son design ergonomique, ce micro haut-parleur pour talkie-walkie est parfait pour les \u00e9quipes de s\u00e9curit\u00e9, le personnel \u00e9v\u00e9nementiel, la s\u00e9curit\u00e9 publique et l'utilisation commerciale. Con\u00e7u pour le confort et l'utilisation \u00e0 long terme, le RSM-100A\/CC am\u00e9liore l'efficacit\u00e9 et la s\u00e9curit\u00e9 en assurant une communication transparente et mains libres.<\/p>","protected":false},"featured_media":3162,"template":"","meta":[],"product_brand":[],"product_cat":[214,216],"product_tag":[255,256,257],"class_list":{"0":"post-3161","1":"product","2":"type-product","3":"status-publish","4":"has-post-thumbnail","6":"product_cat-two-way-radio-accessories","7":"product_cat-speaker-microphone","8":"product_tag-push-to-talk","9":"product_tag-remote-speaker-mic","10":"product_tag-two-way-radio-accessory","12":"first","13":"instock","14":"shipping-taxable","15":"purchasable","16":"product-type-simple"},"_links":{"self":[{"href":"https:\/\/raytalkcomms.com\/fr\/wp-json\/wp\/v2\/product\/3161","targetHints":{"allow":["GET"]}}],"collection":[{"href":"https:\/\/raytalkcomms.com\/fr\/wp-json\/wp\/v2\/product"}],"about":[{"href":"https:\/\/raytalkcomms.com\/fr\/wp-json\/wp\/v2\/types\/product"}],"wp:featuredmedia":[{"embeddable":true,"href":"https:\/\/raytalkcomms.com\/fr\/wp-json\/wp\/v2\/media\/3162"}],"wp:attachment":[{"href":"https:\/\/raytalkcomms.com\/fr\/wp-json\/wp\/v2\/media?parent=3161"}],"wp:term":[{"taxonomy":"product_brand","embeddable":true,"href":"https:\/\/raytalkcomms.com\/fr\/wp-json\/wp\/v2\/product_brand?post=3161"},{"taxonomy":"product_cat","embeddable":true,"href":"https:\/\/raytalkcomms.com\/fr\/wp-json\/wp\/v2\/product_cat?post=3161"},{"taxonomy":"product_tag","embeddable":true,"href":"https:\/\/raytalkcomms.com\/fr\/wp-json\/wp\/v2\/product_tag?post=3161"}],"curies":[{"name":"wp","href":"https:\/\/api.w.org\/{rel}","templated":true}]}}