{"id":955,"date":"2024-12-17T15:15:43","date_gmt":"2024-12-17T15:15:43","guid":{"rendered":"https:\/\/startersites.io\/elementor\/e-bike\/?page_id=955"},"modified":"2026-01-05T02:13:29","modified_gmt":"2026-01-05T02:13:29","slug":"contact-us","status":"publish","type":"page","link":"https:\/\/raytalkcomms.com\/fr\/contact-us\/","title":{"rendered":"Nous contacter"},"content":{"rendered":"\t\t<div data-elementor-type=\"wp-page\" data-elementor-id=\"955\" class=\"elementor elementor-955\" data-elementor-post-type=\"page\">\n\t\t\t\t<div class=\"elementor-element elementor-element-6b83116 e-grid e-con-boxed e-con e-parent\" data-id=\"6b83116\" data-element_type=\"container\" data-settings=\"{&quot;background_background&quot;:&quot;classic&quot;}\">\n\t\t\t\t\t<div class=\"e-con-inner\">\n\t\t<div class=\"elementor-element elementor-element-44b73fd e-con-full e-flex e-con e-child\" data-id=\"44b73fd\" data-element_type=\"container\">\n\t\t\t\t<div class=\"elementor-element elementor-element-bf20c37 elementor-widget elementor-widget-shortcode\" data-id=\"bf20c37\" data-element_type=\"widget\" data-widget_type=\"shortcode.default\">\n\t\t\t\t<div class=\"elementor-widget-container\">\n\t\t\t\t\t\t\t<div class=\"elementor-shortcode\"><\/div>\n\t\t\t\t\t\t<\/div>\n\t\t\t\t<\/div>\n\t\t\t\t<div class=\"elementor-element elementor-element-b6802c1 elementor-widget elementor-widget-heading\" data-id=\"b6802c1\" data-element_type=\"widget\" data-widget_type=\"heading.default\">\n\t\t\t\t<div class=\"elementor-widget-container\">\n\t\t\t\t\t<h2 class=\"elementor-heading-title elementor-size-default\">Contact Us<\/h2>\t\t\t\t<\/div>\n\t\t\t\t<\/div>\n\t\t\t\t<div class=\"elementor-element elementor-element-c73f1b0 elementor-widget__width-initial elementor-widget elementor-widget-text-editor\" data-id=\"c73f1b0\" data-element_type=\"widget\" data-widget_type=\"text-editor.default\">\n\t\t\t\t<div class=\"elementor-widget-container\">\n\t\t\t\t\t\t\t\t\t<p>Have a question or a project in mind? Send us a message and our team will get back to you as soon as possible.<\/p>\t\t\t\t\t\t\t\t<\/div>\n\t\t\t\t<\/div>\n\t\t\t\t<\/div>\n\t\t\t\t\t<\/div>\n\t\t\t\t<\/div>\n\t\t<div class=\"elementor-element elementor-element-448c48e e-grid e-con-boxed e-con e-parent\" data-id=\"448c48e\" data-element_type=\"container\">\n\t\t\t\t\t<div class=\"e-con-inner\">\n\t\t<div class=\"elementor-element elementor-element-6acbb31 e-con-full e-grid e-con e-child\" data-id=\"6acbb31\" data-element_type=\"container\">\n\t\t<div class=\"elementor-element elementor-element-ad976c4 e-con-full e-flex e-con e-child\" data-id=\"ad976c4\" data-element_type=\"container\">\n\t\t\t\t<div class=\"elementor-element elementor-element-39a056f elementor-widget__width-initial elementor-widget elementor-widget-text-editor\" data-id=\"39a056f\" data-element_type=\"widget\" data-widget_type=\"text-editor.default\">\n\t\t\t\t<div class=\"elementor-widget-container\">\n\t\t\t\t\t\t\t\t\t<p>If you have any questions about communication accessories, please feel free to contact RayTalk. We are committed to being a reliable one-stop OEM provider for communication accessories. With our team of skilled professionals and a state-of-the-art plastic mold processing department, we have the capability to support any OEM and ODM projects. Our production processes are carried out with meticulous attention to detail, and we have a wide range of performance testing equipment to ensure that our products meet the highest standards of quality. Our comprehensive quality control system further guarantees the stability and excellence of our offerings.<\/p>\t\t\t\t\t\t\t\t<\/div>\n\t\t\t\t<\/div>\n\t\t\t\t<\/div>\n\t\t\t\t<\/div>\n\t\t<div class=\"elementor-element elementor-element-3b27ef8 e-con-full contact-form e-flex e-con e-child\" data-id=\"3b27ef8\" data-element_type=\"container\" data-settings=\"{&quot;background_background&quot;:&quot;classic&quot;}\">\n\t\t\t\t<div class=\"elementor-element elementor-element-2e01d4f fluentform-widget-submit-button-full-width elementor-widget elementor-widget-fluent-form-widget\" data-id=\"2e01d4f\" data-element_type=\"widget\" data-widget_type=\"fluent-form-widget.default\">\n\t\t\t\t<div class=\"elementor-widget-container\">\n\t\t\t\t\t\n            <div class=\"fluentform-widget-wrapper fluentform-widget-align-default\">\n\n            \n            <div class='fluentform ff-default fluentform_wrapper_1 ffs_default_wrap'><form data-form_id=\"1\" id=\"fluentform_1\" class=\"frm-fluent-form fluent_form_1 ff-el-form-top ff_form_instance_1_1 ff-form-loading ffs_default\" data-form_instance=\"ff_form_instance_1_1\" method=\"POST\" ><fieldset  style=\"border: none!important;margin: 0!important;padding: 0!important;background-color: transparent!important;box-shadow: none!important;outline: none!important; min-inline-size: 100%;\">\n                    <legend class=\"ff_screen_reader_title\" style=\"display: block; margin: 0!important;padding: 0!important;height: 0!important;text-indent: -999999px;width: 0!important;overflow:hidden;\">Contact Us<\/legend>        <div\n                style=\"display: none!important; position: absolute!important; transform: translateX(1000%)!important;\"\n                class=\"ff-el-group ff-hpsf-container\"\n        >\n            <div class=\"ff-el-input--label asterisk-right\">\n                <label for=\"ff_1_item_sf\" aria-label=\"Contact\">\n                    Contact                <\/label>\n            <\/div>\n            <div class=\"ff-el-input--content\">\n                <input type=\"text\"\n                       name=\"item_1__fluent_sf\"\n                       class=\"ff-el-form-control\"\n                       id=\"ff_1_item_sf\"\n                \/>\n            <\/div>\n        <\/div>\n        <input type=\"hidden\" name=\"ff_ct_form_load_time\" class=\"ff_ct_form_load_time\" value=\"\"><input type='hidden' name='__fluent_form_embded_post_id' value='955' \/><input type=\"hidden\" id=\"_fluentform_1_fluentformnonce\" name=\"_fluentform_1_fluentformnonce\" value=\"f3ed946c0a\" \/><input type=\"hidden\" name=\"_wp_http_referer\" value=\"\/fr\/wp-json\/wp\/v2\/pages\/955\" \/><div data-type=\"name-element\" data-name=\"names\" class=\" ff-field_container ff-name-field-wrapper\" ><div class='ff-t-container'><div class='ff-t-cell '><div class='ff-el-group'><div class=\"ff-el-input--label ff-el-is-required asterisk-right\"><label for='ff_1_names_first_name_' id='label_ff_1_names_first_name_' >First Name<\/label><\/div><div class='ff-el-input--content'><input type=\"text\" name=\"names[first_name]\" id=\"ff_1_names_first_name_\" class=\"ff-el-form-control\" placeholder=\"First Name\" aria-invalid=\"false\" aria-required=true><\/div><\/div><\/div><div class='ff-t-cell '><div class='ff-el-group'><div class=\"ff-el-input--label asterisk-right\"><label for='ff_1_names_last_name_' id='label_ff_1_names_last_name_' >Last Name<\/label><\/div><div class='ff-el-input--content'><input type=\"text\" name=\"names[last_name]\" id=\"ff_1_names_last_name_\" class=\"ff-el-form-control\" placeholder=\"Last Name\" aria-invalid=\"false\" aria-required=false><\/div><\/div><\/div><\/div><\/div><div class='ff-el-group'><div class=\"ff-el-input--label ff-el-is-required asterisk-right\"><label for='ff_1_email' id='label_ff_1_email' aria-label=\"Email\">Email<\/label><\/div><div class='ff-el-input--content'><input type=\"email\" name=\"email\" id=\"ff_1_email\" class=\"ff-el-form-control\" placeholder=\"Email Address\" data-name=\"email\"  aria-invalid=\"false\" aria-required=true><\/div><\/div><div class='ff-el-group'><div class=\"ff-el-input--label asterisk-right\"><label for='ff_1_input_text' id='label_ff_1_input_text' aria-label=\"Telephone\">Telephone<\/label><\/div><div class='ff-el-input--content'><input type=\"text\" name=\"input_text\" class=\"ff-el-form-control\" placeholder=\"Your Telephone Number\" data-name=\"input_text\" id=\"ff_1_input_text\"  aria-invalid=\"false\" aria-required=false><\/div><\/div><div class='ff-el-group'><div class=\"ff-el-input--label asterisk-right\"><label for='ff_1_input_text_1' id='label_ff_1_input_text_1' aria-label=\"Company\">Company<\/label><\/div><div class='ff-el-input--content'><input type=\"text\" name=\"input_text_1\" class=\"ff-el-form-control\" placeholder=\"Your Company Name\" data-name=\"input_text_1\" id=\"ff_1_input_text_1\"  aria-invalid=\"false\" aria-required=false><\/div><\/div><div class='ff-el-group'><div class=\"ff-el-input--label ff-el-is-required asterisk-right\"><label for='ff_1_country-list' id='label_ff_1_country-list' aria-label=\"Country\">Country<\/label><\/div><div class='ff-el-input--content'><select name=\"country-list\" id=\"ff_1_country-list\" class=\"ff-el-form-control\" placeholder=\"Select Country\" data-name=\"country-list\" aria-invalid='false' aria-required=true><option value=''>Select Country<\/option><option value='AF' >Afghanistan<\/option><option value='ZA' >Afrique du Sud<\/option><option value='AL' >Albanie<\/option><option value='DZ' >Alg\u00e9rie<\/option><option value='DE' >Allemagne<\/option><option value='AS' >American Samoa<\/option><option value='AD' >Andorre<\/option><option value='AO' >Angola<\/option><option value='AI' >Anguilla<\/option><option value='AQ' >Antarctique<\/option><option value='AG' >Antigua-et-Barbuda<\/option><option value='SA' >Arabie Saoudite<\/option><option value='AR' >Argentine<\/option><option value='AM' >Arm\u00e9nie<\/option><option value='AW' >Aruba<\/option><option value='AU' >Australie<\/option><option value='AT' >Autriche<\/option><option value='AZ' >Azerbaijan<\/option><option value='BS' >Bahamas<\/option><option value='BH' >Bahrain<\/option><option value='BD' >Bangladesh<\/option><option value='BB' >Barbades<\/option><option value='PW' >Belau<\/option><option value='BE' >Belgique<\/option><option value='BZ' >Belize<\/option><option value='BJ' >Benin<\/option><option value='BM' >Bermudes<\/option><option value='BT' >Bhutan<\/option><option value='BY' >Bi\u00e9lorussie<\/option><option value='BO' >Bolivie<\/option><option value='BA' >Bosnie-Herz\u00e9govine<\/option><option value='BW' >Botswana<\/option><option value='BN' >Brunei<\/option><option value='BR' >Br\u00e9sil<\/option><option value='BG' >Bulgarie<\/option><option value='BF' >Burkina Faso<\/option><option value='BI' >Burundi<\/option><option value='KH' >Cambodge<\/option><option value='CM' >Cameroun<\/option><option value='CA' >Canada<\/option><option value='CV' >Cap Vert<\/option><option value='CL' >Chili<\/option><option value='CN' >Chine<\/option><option value='CX' >Christmas Island<\/option><option value='CY' >Chypre<\/option><option value='CO' >Colombie<\/option><option value='KM' >Comores<\/option><option value='KP' >Cor\u00e9e du Nord<\/option><option value='KR' >Cor\u00e9e du Sud<\/option><option value='CR' >Costa Rica<\/option><option value='HR' >Croatie<\/option><option value='CU' >Cuba<\/option><option value='CW' >Cura\u00e7ao<\/option><option value='CI' >C\u00f4te-d\u2019Ivoire<\/option><option value='DK' >Danemark<\/option><option value='DJ' >Djibouti<\/option><option value='DM' >Dominique<\/option><option value='ER' >Erythr\u00e9e<\/option><option value='ES' >Espagne<\/option><option value='EE' >Estonie<\/option><option value='US' >Etats-Unis (USA)<\/option><option value='FJ' >Fidji<\/option><option value='FI' >Finlande<\/option><option value='FR' >France<\/option><option value='GA' >Gabon<\/option><option value='GM' >Gambie<\/option><option value='GH' >Ghana<\/option><option value='GI' >Gibraltar<\/option><option value='GD' >Grenade<\/option><option value='GL' >Groenland<\/option><option value='GR' >Gr\u00e8ce<\/option><option value='GP' >Guadeloupe<\/option><option value='GU' >Guam<\/option><option value='GT' >Guatemala<\/option><option value='GG' >Guernesey<\/option><option value='GN' >Guin\u00e9e<\/option><option value='GQ' >Guin\u00e9e \u00e9quatoriale<\/option><option value='GW' >Guin\u00e9e-Bissau<\/option><option value='GY' >Guyane<\/option><option value='GF' >Guyane Fran\u00e7aise<\/option><option value='GE' >G\u00e9orgie<\/option><option value='GS' >G\u00e9orgie du Sud \/ \u00eeles Sandwich<\/option><option value='HT' >Ha\u00efti<\/option><option value='HN' >Honduras<\/option><option value='HK' >Hong Kong<\/option><option value='HU' >Hongrie<\/option><option value='IN' >Inde<\/option><option value='ID' >Indon\u00e9sie<\/option><option value='IR' >Iran<\/option><option value='IQ' >Iraq<\/option><option value='IE' >Irlande<\/option><option value='IS' >Islande<\/option><option value='IL' >Isra\u00ebl<\/option><option value='IT' >Italie<\/option><option value='JM' >Jama\u00efque<\/option><option value='JP' >Japon<\/option><option value='JE' >Jersey<\/option><option value='JO' >Jordanie<\/option><option value='KZ' >Kazakhstan<\/option><option value='KE' >Kenya<\/option><option value='KI' >Kiribati<\/option><option value='XK' >Kosovo<\/option><option value='KW' >Kowe\u00eft<\/option><option value='KG' >Kyrgyzstan<\/option><option value='RE' >La R\u00e9union<\/option><option value='LA' >Laos<\/option><option value='LS' >Lesotho<\/option><option value='LV' >Lettonie<\/option><option value='LB' >Liban<\/option><option value='LR' >Liberia<\/option><option value='LY' >Libye<\/option><option value='LI' >Liechtenstein<\/option><option value='LT' >Lituanie<\/option><option value='LU' >Luxembourg<\/option><option value='MO' >Macao S.A.R., Chine<\/option><option value='MK' >Mac\u00e9doine<\/option><option value='MG' >Madagascar<\/option><option value='MY' >Malaisie<\/option><option value='MW' >Malawi<\/option><option value='MV' >Maldives<\/option><option value='ML' >Mali<\/option><option value='MT' >Malte<\/option><option value='MA' >Maroc<\/option><option value='MQ' >Martinique<\/option><option value='MU' >Maurice<\/option><option value='MR' >Mauritanie<\/option><option value='YT' >Mayotte<\/option><option value='MX' >Mexique<\/option><option value='FM' >Micron\u00e9sie<\/option><option value='MD' >Moldavie<\/option><option value='MC' >Monaco<\/option><option value='MN' >Mongolie<\/option><option value='ME' >Montenegro<\/option><option value='MS' >Montserrat<\/option><option value='MZ' >Mozambique<\/option><option value='MM' >Myanmar<\/option><option value='NA' >Namibie<\/option><option value='NR' >Nauru<\/option><option value='NI' >Nicaragua<\/option><option value='NE' >Niger<\/option><option value='NG' >Nigeria<\/option><option value='NU' >Niue<\/option><option value='MP' >Northern Mariana Islands<\/option><option value='NO' >Norv\u00e8ge<\/option><option value='NC' >Nouvelle-Cal\u00e9donie<\/option><option value='NZ' >Nouvelle-Z\u00e9lande<\/option><option value='NP' >N\u00e9pal<\/option><option value='OM' >Oman<\/option><option value='PK' >Pakistan<\/option><option value='PA' >Panama<\/option><option value='PG' >Papouasie-Nouvelle-Guin\u00e9e<\/option><option value='PY' >Paraguay<\/option><option value='NL' >Pays-Bas<\/option><option value='PH' >Philippines<\/option><option value='PN' >Pitcairn<\/option><option value='PL' >Pologne<\/option><option value='PF' >Polyn\u00e9sie Fran\u00e7aise<\/option><option value='PT' >Portugal<\/option><option value='PR' >Puerto Rico<\/option><option value='PE' >P\u00e9rou<\/option><option value='QA' >Qatar<\/option><option value='RO' >Roumanie<\/option><option value='GB' >Royaume-Uni (UK)<\/option><option value='RU' >Russie<\/option><option value='RW' >Rwanda<\/option><option value='CF' >R\u00e9publique Centrafricaine<\/option><option value='DO' >R\u00e9publique Dominicaine<\/option><option value='CZ' >R\u00e9publique Tch\u00e8que<\/option><option value='CG' >R\u00e9publique du Congo (Brazzaville)<\/option><option value='CD' >R\u00e9publique d\u00e9mocratique du Congo (Kinshasa)<\/option><option value='BQ' >Saba, Saint-Eustache et Bonaire<\/option><option value='EH' >Sahara occidental<\/option><option value='PM' >Saint Pierre et Miquelon<\/option><option value='BL' >Saint-Barth\u00e9lemy<\/option><option value='KN' >Saint-Kitts-et-Nevis<\/option><option value='MF' >Saint-Martin (partie fran\u00e7aise)<\/option><option value='SX' >Saint-Martin (partie n\u00e9erlandaise)<\/option><option value='VC' >Saint-Vincent-et-les-Grenadines<\/option><option value='SH' >Sainte-H\u00e9l\u00e8ne<\/option><option value='LC' >Sainte-Lucie<\/option><option value='SV' >Salvador<\/option><option value='WS' >Samoa<\/option><option value='SM' >San Marino<\/option><option value='ST' >Sao Tom\u00e9-et-Principe<\/option><option value='RS' >Serbie<\/option><option value='SC' >Seychelles<\/option><option value='SL' >Sierra Leone<\/option><option value='SG' >Singapour<\/option><option value='SK' >Slovaquie<\/option><option value='SI' >Slov\u00e9nie<\/option><option value='SO' >Somalie<\/option><option value='SD' >Soudan<\/option><option value='SS' >Soudan du Sud<\/option><option value='LK' >Sri Lanka<\/option><option value='CH' >Suisse<\/option><option value='SR' >Suriname<\/option><option value='SE' >Su\u00e8de<\/option><option value='SJ' >Svalbard et Jan Mayen<\/option><option value='SZ' >Swaziland<\/option><option value='SY' >Syrie<\/option><option value='SN' >S\u00e9n\u00e9gal<\/option><option value='TW' >Taiwan<\/option><option value='TJ' >Tajikistan<\/option><option value='TZ' >Tanzanie<\/option><option value='TD' >Tchad<\/option><option value='TF' >Terres Australes Fran\u00e7aises<\/option><option value='PS' >Territoire Palestinien<\/option><option value='IO' >Territoire britannique de l&rsquo;oc\u00e9an Indien<\/option><option value='TH' >Thailande<\/option><option value='TL' >Timor-Leste<\/option><option value='TG' >Togo<\/option><option value='TK' >Tokelau<\/option><option value='TO' >Tonga<\/option><option value='TT' >Trinit\u00e9-et-Tobago<\/option><option value='TN' >Tunisie<\/option><option value='TM' >Turkm\u00e9nistan<\/option><option value='TR' >Turquie<\/option><option value='TV' >Tuvalu<\/option><option value='UG' >Uganda<\/option><option value='UA' >Ukraine<\/option><option value='UY' >Uruguay<\/option><option value='UZ' >Uzbekistan<\/option><option value='VU' >Vanuatu<\/option><option value='VA' >Vatican<\/option><option value='VE' >Venezuela<\/option><option value='VN' >Vietnam<\/option><option value='WF' >Wallis et Futuna<\/option><option value='YE' >Yemen<\/option><option value='ZM' >Zambie<\/option><option value='ZW' >Zimbabwe<\/option><option value='EG' >\u00c9gypte<\/option><option value='AE' >\u00c9mirats Arabes Unis<\/option><option value='EC' >\u00c9quateur<\/option><option value='ET' >\u00c9thiopie<\/option><option value='BV' >\u00cele Bouvet<\/option><option value='NF' >\u00cele Norfolk<\/option><option value='IM' >\u00cele de Man<\/option><option value='AX' >\u00celes Aland<\/option><option value='KY' >\u00celes Ca\u00efmans<\/option><option value='CC' >\u00celes Cocos<\/option><option value='CK' >\u00celes Cook<\/option><option value='FK' >\u00celes Falkland<\/option><option value='FO' >\u00celes F\u00e9ro\u00e9<\/option><option value='HM' >\u00celes Heard-et-MacDonald<\/option><option value='MH' >\u00celes Marshall<\/option><option value='UM' >\u00celes Mineures \u00e9loign\u00e9es des \u00c9tats-Unis<\/option><option value='SB' >\u00celes Salomon<\/option><option value='TC' >\u00celes Turques et Ca\u00efques<\/option><option value='VI' >\u00celes Vierges am\u00e9ricaines (US)<\/option><option value='VG' >\u00celes Vierges britanniques<\/option><\/select><\/div><\/div><div class='ff-el-group'><div class=\"ff-el-input--label asterisk-right\"><label for='ff_1_subject' id='label_ff_1_subject' aria-label=\"Subject\">Subject<\/label><\/div><div class='ff-el-input--content'><input type=\"text\" name=\"subject\" class=\"ff-el-form-control\" placeholder=\"Subject\" data-name=\"subject\" id=\"ff_1_subject\"  aria-invalid=\"false\" aria-required=false><\/div><\/div><div class='ff-el-group'><div class=\"ff-el-input--label ff-el-is-required asterisk-right\"><label for='ff_1_message' id='label_ff_1_message' aria-label=\"Your Message\">Your Message<\/label><\/div><div class='ff-el-input--content'><textarea aria-required=\"true\" aria-labelledby=\"label_ff_1_message\" name=\"message\" id=\"ff_1_message\" class=\"ff-el-form-control\" placeholder=\"Your Message\" rows=\"8\" cols=\"2\" data-name=\"message\" ><\/textarea><\/div><\/div><div class='ff-el-group ' ><div class='ff-el-input--content'><div data-fluent_id='1' name='g-recaptcha-response'><div\n\t\tdata-sitekey='6LdsbuwrAAAAADFwNt7CRddzx59aLcDVdCUFN_mW'\n\t\tid='fluentform-recaptcha-1-1'\n\t\tclass='ff-el-recaptcha g-recaptcha'\n\t\tdata-callback='fluentFormrecaptchaSuccessCallback'><\/div><\/div><\/div><\/div><div class='ff-el-group ff-text-left ff_submit_btn_wrapper'><button type=\"submit\" class=\"ff-btn ff-btn-submit ff-btn-md ff_btn_style\"  aria-label=\"Submit Form\">Submit Form<\/button><\/div><\/fieldset><\/form><div id='fluentform_1_errors' class='ff-errors-in-stack ff_form_instance_1_1 ff-form-loading_errors ff_form_instance_1_1_errors'><\/div><\/div>            <script type=\"text\/javascript\">\n                window.fluent_form_ff_form_instance_1_1 = {\"id\":\"1\",\"settings\":{\"layout\":{\"labelPlacement\":\"top\",\"helpMessagePlacement\":\"with_label\",\"errorMessagePlacement\":\"inline\",\"cssClassName\":\"\",\"asteriskPlacement\":\"asterisk-right\"},\"restrictions\":{\"denyEmptySubmission\":{\"enabled\":false}}},\"form_instance\":\"ff_form_instance_1_1\",\"form_id_selector\":\"fluentform_1\",\"rules\":{\"names[first_name]\":{\"required\":{\"value\":true,\"message\":\"This field is required\",\"global\":false,\"global_message\":\"This field is required\"}},\"names[middle_name]\":{\"required\":{\"value\":false,\"message\":\"This field is required\",\"global\":false,\"global_message\":\"This field is required\"}},\"names[last_name]\":{\"required\":{\"value\":false,\"message\":\"This field is required\",\"global\":false,\"global_message\":\"This field is required\"}},\"email\":{\"required\":{\"value\":true,\"message\":\"This field is required\",\"global\":false,\"global_message\":\"This field is required\"},\"email\":{\"value\":true,\"message\":\"This field must contain a valid email\",\"global\":false,\"global_message\":\"This field must contain a valid email\"}},\"input_text\":{\"required\":{\"value\":false,\"message\":\"This field is required\",\"global_message\":\"This field is required\",\"global\":true}},\"input_text_1\":{\"required\":{\"value\":false,\"message\":\"This field is required\",\"global_message\":\"This field is required\",\"global\":true}},\"country-list\":{\"required\":{\"value\":true,\"message\":\"This field is required\",\"global_message\":\"This field is required\",\"global\":true}},\"subject\":{\"required\":{\"value\":false,\"message\":\"This field is required\",\"global\":false,\"global_message\":\"This field is required\"}},\"message\":{\"required\":{\"value\":true,\"message\":\"This field is required\",\"global\":false,\"global_message\":\"This field is required\"}},\"g-recaptcha-response\":[]},\"debounce_time\":300};\n                            <\/script>\n                        <\/div>\n\n            \t\t\t\t<\/div>\n\t\t\t\t<\/div>\n\t\t\t\t<\/div>\n\t\t\t\t\t<\/div>\n\t\t\t\t<\/div>\n\t\t<div class=\"elementor-element elementor-element-752ccd5 e-grid e-con-boxed e-con e-parent\" data-id=\"752ccd5\" data-element_type=\"container\" data-settings=\"{&quot;background_background&quot;:&quot;classic&quot;}\">\n\t\t\t\t\t<div class=\"e-con-inner\">\n\t\t\t\t<div class=\"elementor-element elementor-element-71f4ccb elementor-widget elementor-widget-html\" data-id=\"71f4ccb\" data-element_type=\"widget\" data-widget_type=\"html.default\">\n\t\t\t\t<div class=\"elementor-widget-container\">\n\t\t\t\t\t<iframe src=\"https:\/\/www.google.com\/maps\/embed?pb=!1m14!1m8!1m3!1d1840.6168841967756!2d114.0681529!3d22.68234!3m2!1i1024!2i768!4f13.1!3m3!1m2!1s0x34038bb7fac0017b%3A0x5245fd8c1e558935!2sRayTalk%20Communications%20Ltd!5e0!3m2!1sen!2sus!4v1766134006365!5m2!1sen!2sus\" width=\"600\" height=\"450\" style=\"border:0;\" allowfullscreen=\"\" loading=\"lazy\" referrerpolicy=\"no-referrer-when-downgrade\"><\/iframe>\t\t\t\t<\/div>\n\t\t\t\t<\/div>\n\t\t\t\t\t<\/div>\n\t\t\t\t<\/div>\n\t\t\t\t<\/div>\n\t\t","protected":false},"excerpt":{"rendered":"<p>RayTalk is your reliable one-stop OEM\/ODM supplier for two way radio accessories. Contact our expert team with any question or custom project.<\/p>","protected":false},"author":1,"featured_media":0,"parent":0,"menu_order":0,"comment_status":"closed","ping_status":"closed","template":"","meta":{"footnotes":""},"class_list":["post-955","page","type-page","status-publish","hentry"],"blocksy_meta":{"has_hero_section":"disabled","vertical_spacing_source":"custom","content_area_spacing":"none","styles_descriptor":{"styles":{"desktop":"","tablet":"","mobile":""},"google_fonts":[],"version":6}},"_links":{"self":[{"href":"https:\/\/raytalkcomms.com\/fr\/wp-json\/wp\/v2\/pages\/955","targetHints":{"allow":["GET"]}}],"collection":[{"href":"https:\/\/raytalkcomms.com\/fr\/wp-json\/wp\/v2\/pages"}],"about":[{"href":"https:\/\/raytalkcomms.com\/fr\/wp-json\/wp\/v2\/types\/page"}],"author":[{"embeddable":true,"href":"https:\/\/raytalkcomms.com\/fr\/wp-json\/wp\/v2\/users\/1"}],"replies":[{"embeddable":true,"href":"https:\/\/raytalkcomms.com\/fr\/wp-json\/wp\/v2\/comments?post=955"}],"version-history":[{"count":32,"href":"https:\/\/raytalkcomms.com\/fr\/wp-json\/wp\/v2\/pages\/955\/revisions"}],"predecessor-version":[{"id":6720,"href":"https:\/\/raytalkcomms.com\/fr\/wp-json\/wp\/v2\/pages\/955\/revisions\/6720"}],"wp:attachment":[{"href":"https:\/\/raytalkcomms.com\/fr\/wp-json\/wp\/v2\/media?parent=955"}],"curies":[{"name":"wp","href":"https:\/\/api.w.org\/{rel}","templated":true}]}}