{"id":2872,"date":"2025-09-16T08:12:12","date_gmt":"2025-09-16T08:12:12","guid":{"rendered":"https:\/\/raytalkcomms.com\/?page_id=2872"},"modified":"2025-12-31T08:33:24","modified_gmt":"2025-12-31T08:33:24","slug":"successful-solutions","status":"publish","type":"page","link":"https:\/\/raytalkcomms.com\/fr\/odm-service\/successful-solutions\/","title":{"rendered":"Des solutions r\u00e9ussies"},"content":{"rendered":"<div data-elementor-type=\"wp-page\" data-elementor-id=\"2872\" class=\"elementor elementor-2872\" data-elementor-post-type=\"page\">\n\t\t\t\t<div class=\"elementor-element elementor-element-5ab8611 e-grid e-con-boxed e-con e-parent\" data-id=\"5ab8611\" data-element_type=\"container\" data-settings=\"{&quot;background_background&quot;:&quot;classic&quot;}\">\n\t\t\t\t\t<div class=\"e-con-inner\">\n\t\t<div class=\"elementor-element elementor-element-ac360d5 e-con-full e-flex e-con e-child\" data-id=\"ac360d5\" data-element_type=\"container\">\n\t\t\t\t<div class=\"elementor-element elementor-element-69b9d33 elementor-widget elementor-widget-heading\" data-id=\"69b9d33\" data-element_type=\"widget\" data-widget_type=\"heading.default\">\n\t\t\t\t<div class=\"elementor-widget-container\">\n\t\t\t\t\t<h2 class=\"elementor-heading-title elementor-size-default\">Des solutions r\u00e9ussies<\/h2>\t\t\t\t<\/div>\n\t\t\t\t<\/div>\n\t\t\t\t<div class=\"elementor-element elementor-element-745b616 elementor-widget elementor-widget-text-editor\" data-id=\"745b616\" data-element_type=\"widget\" data-widget_type=\"text-editor.default\">\n\t\t\t\t<div class=\"elementor-widget-container\">\n\t\t\t\t\t\t\t\t\t<p>Des solutions \u00e9prouv\u00e9es. Reconnaissance mondiale.<\/p>\t\t\t\t\t\t\t\t<\/div>\n\t\t\t\t<\/div>\n\t\t\t\t<\/div>\n\t\t\t\t\t<\/div>\n\t\t\t\t<\/div>\n\t\t<div class=\"elementor-element elementor-element-c627d83 e-flex e-con-boxed e-con e-parent\" data-id=\"c627d83\" data-element_type=\"container\" data-settings=\"{&quot;background_background&quot;:&quot;classic&quot;}\">\n\t\t\t\t\t<div class=\"e-con-inner\">\n\t\t\t\t<div class=\"elementor-element elementor-element-766ae3d elementor-widget elementor-widget-heading\" data-id=\"766ae3d\" data-element_type=\"widget\" data-widget_type=\"heading.default\">\n\t\t\t\t<div class=\"elementor-widget-container\">\n\t\t\t\t\t<h2 class=\"elementor-heading-title elementor-size-default\">Le besoin du client<\/h2>\t\t\t\t<\/div>\n\t\t\t\t<\/div>\n\t\t\t\t<div class=\"elementor-element elementor-element-087c1ee elementor-widget elementor-widget-text-editor\" data-id=\"087c1ee\" data-element_type=\"widget\" data-widget_type=\"text-editor.default\">\n\t\t\t\t<div class=\"elementor-widget-container\">\n\t\t\t\t\t\t\t\t\t<p>Un client a demand\u00e9 \u00e0 l'ODM d'am\u00e9liorer la qualit\u00e9 de ses services. <strong data-start=\"392\" data-end=\"438\">connaissance de la situation et fonctions de ramassage<\/strong> pour les casques d'\u00e9coute \u00e0 usage intensif.<\/p>\t\t\t\t\t\t\t\t<\/div>\n\t\t\t\t<\/div>\n\t\t\t\t\t<\/div>\n\t\t\t\t<\/div>\n\t\t<div class=\"elementor-element elementor-element-e02fef6 e-flex e-con-boxed e-con e-parent\" data-id=\"e02fef6\" data-element_type=\"container\">\n\t\t\t\t\t<div class=\"e-con-inner\">\n\t\t<div class=\"elementor-element elementor-element-2d3f070 e-con-full e-flex e-con e-child\" data-id=\"2d3f070\" data-element_type=\"container\">\n\t\t\t\t<div class=\"elementor-element elementor-element-d57a076 elementor-widget elementor-widget-heading\" data-id=\"d57a076\" data-element_type=\"widget\" data-widget_type=\"heading.default\">\n\t\t\t\t<div class=\"elementor-widget-container\">\n\t\t\t\t\t<h2 class=\"elementor-heading-title elementor-size-default\">Notre solution<\/h2>\t\t\t\t<\/div>\n\t\t\t\t<\/div>\n\t\t<div class=\"elementor-element elementor-element-4cc6599 e-con-full e-grid e-con e-child\" data-id=\"4cc6599\" data-element_type=\"container\">\n\t\t<div class=\"elementor-element elementor-element-a4c61f6 e-con-full e-flex e-con e-child\" data-id=\"a4c61f6\" data-element_type=\"container\" data-settings=\"{&quot;background_background&quot;:&quot;classic&quot;}\">\n\t\t\t\t<div class=\"elementor-element elementor-element-b15262a elementor-widget elementor-widget-heading\" data-id=\"b15262a\" data-element_type=\"widget\" data-widget_type=\"heading.default\">\n\t\t\t\t<div class=\"elementor-widget-container\">\n\t\t\t\t\t<h2 class=\"elementor-heading-title elementor-size-default\">R\u00e9ponse rapide de l'\u00e9quipe ODM de RayTalk.<\/h2>\t\t\t\t<\/div>\n\t\t\t\t<\/div>\n\t\t\t\t<\/div>\n\t\t<div class=\"elementor-element elementor-element-ac34785 e-con-full e-flex e-con e-child\" data-id=\"ac34785\" data-element_type=\"container\" data-settings=\"{&quot;background_background&quot;:&quot;classic&quot;}\">\n\t\t\t\t<div class=\"elementor-element elementor-element-30c4d73 elementor-widget elementor-widget-heading\" data-id=\"30c4d73\" data-element_type=\"widget\" data-widget_type=\"heading.default\">\n\t\t\t\t<div class=\"elementor-widget-container\">\n\t\t\t\t\t<h2 class=\"elementor-heading-title elementor-size-default\">Recherche et d\u00e9veloppement (R&amp;D) <strong data-start=\"678\" data-end=\"699\">Identification et conception de mod\u00e8les<\/strong>.<\/h2>\t\t\t\t<\/div>\n\t\t\t\t<\/div>\n\t\t\t\t<\/div>\n\t\t<div class=\"elementor-element elementor-element-09f48da e-con-full e-flex e-con e-child\" data-id=\"09f48da\" data-element_type=\"container\" data-settings=\"{&quot;background_background&quot;:&quot;classic&quot;}\">\n\t\t\t\t<div class=\"elementor-element elementor-element-be16658 elementor-widget elementor-widget-heading\" data-id=\"be16658\" data-element_type=\"widget\" data-widget_type=\"heading.default\">\n\t\t\t\t<div class=\"elementor-widget-container\">\n\t\t\t\t\t<h2 class=\"elementor-heading-title elementor-size-default\">Perfectionnement it\u00e9ratif : supports, \u00e9tanch\u00e9it\u00e9, confort.<\/h2>\t\t\t\t<\/div>\n\t\t\t\t<\/div>\n\t\t\t\t<\/div>\n\t\t<div class=\"elementor-element elementor-element-4fa323c e-con-full e-flex e-con e-child\" data-id=\"4fa323c\" data-element_type=\"container\" data-settings=\"{&quot;background_background&quot;:&quot;classic&quot;}\">\n\t\t\t\t<div class=\"elementor-element elementor-element-0dce70a elementor-widget elementor-widget-heading\" data-id=\"0dce70a\" data-element_type=\"widget\" data-widget_type=\"heading.default\">\n\t\t\t\t<div class=\"elementor-widget-container\">\n\t\t\t\t\t<h2 class=\"elementor-heading-title elementor-size-default\">Appliqu\u00e9 <strong data-start=\"779\" data-end=\"845\">supports viss\u00e9s, meilleurs joints d'oreille, coussinets optimis\u00e9s<\/strong>.<\/h2>\t\t\t\t<\/div>\n\t\t\t\t<\/div>\n\t\t\t\t<\/div>\n\t\t\t\t<\/div>\n\t\t\t\t<\/div>\n\t\t\t\t\t<\/div>\n\t\t\t\t<\/div>\n\t\t<div class=\"elementor-element elementor-element-134508d e-flex e-con-boxed e-con e-parent\" data-id=\"134508d\" data-element_type=\"container\" data-settings=\"{&quot;background_background&quot;:&quot;classic&quot;}\">\n\t\t\t\t\t<div class=\"e-con-inner\">\n\t\t\t\t<div class=\"elementor-element elementor-element-80e283f elementor-widget elementor-widget-heading\" data-id=\"80e283f\" data-element_type=\"widget\" data-widget_type=\"heading.default\">\n\t\t\t\t<div class=\"elementor-widget-container\">\n\t\t\t\t\t<h2 class=\"elementor-heading-title elementor-size-default\">Les r\u00e9sultats<\/h2>\t\t\t\t<\/div>\n\t\t\t\t<\/div>\n\t\t\t\t<div class=\"elementor-element elementor-element-baf70b6 elementor-widget elementor-widget-text-editor\" data-id=\"baf70b6\" data-element_type=\"widget\" data-widget_type=\"text-editor.default\">\n\t\t\t\t<div class=\"elementor-widget-container\">\n\t\t\t\t\t\t\t\t\t<p>Apr\u00e8s plusieurs essais et certifications, le client a approuv\u00e9 la production en s\u00e9rie.<br data-start=\"1042\" data-end=\"1045\" \/>RayTalk a assur\u00e9 <strong data-start=\"1061\" data-end=\"1087\">un contr\u00f4le strict de la qualit\u00e9<\/strong> et d\u00e9livr\u00e9 <strong data-start=\"1102\" data-end=\"1113\">\u00e0 temps<\/strong>, r\u00e9alisant <strong data-start=\"1125\" data-end=\"1183\">un meilleur ajustement, une r\u00e9duction du bruit am\u00e9lior\u00e9e et un confort accru pour l'utilisateur<\/strong>.<\/p>\t\t\t\t\t\t\t\t<\/div>\n\t\t\t\t<\/div>\n\t\t\t\t\t<\/div>\n\t\t\t\t<\/div>\n\t\t\t\t<\/div>","protected":false},"excerpt":{"rendered":"<p>Successful Solutions Proven solutions. Global recognition. The Client&#8217;s Need A client reached out with an ODM request to improve situational awareness and pickup functions for heavy-duty headsets. Our Solution Fast response from RayTalk ODM team. R&amp;D delivered ID &amp; model design. Iterative refinement: brackets, waterproofing, comfort. Applied screw-fastened supports, better ear seals, optimized head pads. [&hellip;]<\/p>\n","protected":false},"author":1,"featured_media":3679,"parent":2525,"menu_order":0,"comment_status":"closed","ping_status":"closed","template":"","meta":{"footnotes":""},"class_list":["post-2872","page","type-page","status-publish","has-post-thumbnail","hentry"],"blocksy_meta":[],"_links":{"self":[{"href":"https:\/\/raytalkcomms.com\/fr\/wp-json\/wp\/v2\/pages\/2872","targetHints":{"allow":["GET"]}}],"collection":[{"href":"https:\/\/raytalkcomms.com\/fr\/wp-json\/wp\/v2\/pages"}],"about":[{"href":"https:\/\/raytalkcomms.com\/fr\/wp-json\/wp\/v2\/types\/page"}],"author":[{"embeddable":true,"href":"https:\/\/raytalkcomms.com\/fr\/wp-json\/wp\/v2\/users\/1"}],"replies":[{"embeddable":true,"href":"https:\/\/raytalkcomms.com\/fr\/wp-json\/wp\/v2\/comments?post=2872"}],"version-history":[{"count":28,"href":"https:\/\/raytalkcomms.com\/fr\/wp-json\/wp\/v2\/pages\/2872\/revisions"}],"predecessor-version":[{"id":6663,"href":"https:\/\/raytalkcomms.com\/fr\/wp-json\/wp\/v2\/pages\/2872\/revisions\/6663"}],"up":[{"embeddable":true,"href":"https:\/\/raytalkcomms.com\/fr\/wp-json\/wp\/v2\/pages\/2525"}],"wp:featuredmedia":[{"embeddable":true,"href":"https:\/\/raytalkcomms.com\/fr\/wp-json\/wp\/v2\/media\/3679"}],"wp:attachment":[{"href":"https:\/\/raytalkcomms.com\/fr\/wp-json\/wp\/v2\/media?parent=2872"}],"curies":[{"name":"wp","href":"https:\/\/api.w.org\/{rel}","templated":true}]}}